{"id":953,"date":"2018-12-07T13:18:52","date_gmt":"2018-12-07T15:18:52","guid":{"rendered":"https:\/\/www.uninter.com\/mestrado\/?page_id=953"},"modified":"2026-02-02T15:45:03","modified_gmt":"2026-02-02T18:45:03","slug":"editais","status":"publish","type":"page","link":"https:\/\/uninter.com\/mestrado\/editais\/","title":{"rendered":"EDITAIS &#8211; MESTRADO EM EDUCA\u00c7\u00c3O"},"content":{"rendered":"\r\n<h3 class=\"wp-block-heading\">Editais<\/h3>\r\n\r\n\r\n\r\n<p><a href=\"https:\/\/www.uninter.com\/mestrado\/wp-content\/uploads\/2025\/12\/ADITIVO-EDITAL-PROGRAMA-DE-MESTRADO-PROFISSIONAL-EM-EDUCACAO-E-NOVAS-TECNOLOGIAS-MARCO-2026.pdf\">ADITIVO &#8211; EDITAL PROGRAMA DE MESTRADO PROFISSIONAL EM EDUCA\u00c7\u00c3O E NOVAS TECNOLOGIAS MAR\u00c7O 2026<\/a><\/p>\r\n<p><a href=\"https:\/\/www.uninter.com\/mestrado\/wp-content\/uploads\/2025\/12\/EDITAL-MESTRADO-EM-EDUCACAO-E-NOVAS-TECNOLOGIAS-MARCO-2026_APROVADOS-PARA-ARGUICAO-VIRTUAL.pdf\">EDITAL MESTRADO EM EDUCA\u00c7\u00c3O E NOVAS TECNOLOGIAS MAR\u00c7O 2026_APROVADOS PARA ARGUI\u00c7\u00c3O VIRTUAL<\/a><\/p>\r\n<p><a href=\"https:\/\/www.uninter.com\/mestrado\/wp-content\/uploads\/2025\/12\/EDITAL-MESTRADO-EM-EDUCACAO-E-NOVAS-TECNOLOGIAS-MARCO-2026_APROVADOS.pdf\">EDITAL MESTRADO EM EDUCA\u00c7\u00c3O E NOVAS TECNOLOGIAS MAR\u00c7O 2026_APROVADOS<\/a><\/p>\r\n<p><a href=\"https:\/\/www.uninter.com\/mestrado\/wp-content\/uploads\/2026\/02\/EDITAL-MESTRADO-EM-EDUCACAO-E-NOVAS-TECNOLOGIAS-MARCO-2026_VAGA-REMANESCENTE-1.pdf\">EDITAL MESTRADO EM EDUCA\u00c7\u00c3O E NOVAS TECNOLOGIAS &#8211; MAR\u00c7O 2026_VAGA REMANESCENTE<\/a><\/p>\r\n<p>&nbsp;<\/p>\r\n<p>&nbsp;<\/p>\r\n<p>&nbsp;<\/p>\r\n","protected":false},"excerpt":{"rendered":"<p>Editais<\/p>\n","protected":false},"author":1,"featured_media":0,"parent":0,"menu_order":0,"comment_status":"closed","ping_status":"closed","template":"page-curso-mestrado-educacao.php","meta":{"footnotes":""},"class_list":["post-953","page","type-page","status-publish","hentry","post"],"_links":{"self":[{"href":"https:\/\/uninter.com\/mestrado\/wp-json\/wp\/v2\/pages\/953","targetHints":{"allow":["GET"]}}],"collection":[{"href":"https:\/\/uninter.com\/mestrado\/wp-json\/wp\/v2\/pages"}],"about":[{"href":"https:\/\/uninter.com\/mestrado\/wp-json\/wp\/v2\/types\/page"}],"author":[{"embeddable":true,"href":"https:\/\/uninter.com\/mestrado\/wp-json\/wp\/v2\/users\/1"}],"replies":[{"embeddable":true,"href":"https:\/\/uninter.com\/mestrado\/wp-json\/wp\/v2\/comments?post=953"}],"version-history":[{"count":37,"href":"https:\/\/uninter.com\/mestrado\/wp-json\/wp\/v2\/pages\/953\/revisions"}],"predecessor-version":[{"id":4850,"href":"https:\/\/uninter.com\/mestrado\/wp-json\/wp\/v2\/pages\/953\/revisions\/4850"}],"wp:attachment":[{"href":"https:\/\/uninter.com\/mestrado\/wp-json\/wp\/v2\/media?parent=953"}],"curies":[{"name":"wp","href":"https:\/\/api.w.org\/{rel}","templated":true}]}}