{"id":86,"date":"2018-01-23T10:17:42","date_gmt":"2018-01-23T12:17:42","guid":{"rendered":"https:\/\/www.uninter.com\/mestrado\/?page_id=86"},"modified":"2026-03-16T13:51:16","modified_gmt":"2026-03-16T16:51:16","slug":"contato","status":"publish","type":"page","link":"https:\/\/uninter.com\/mestrado\/contato\/","title":{"rendered":"Contato"},"content":{"rendered":"<p><strong>Secretaria do Mestrado e Doutorado em Educa\u00e7\u00e3o e Novas Tecnologias:<\/strong><\/p>\n<p>Daniele Nunes da Mota: <a href=\"mailto:daniele.m@uninter.com\">daniele.m@uninter.com<\/a><\/p>\n<p><strong>Secretaria do PPGD &#8211; Mestrado Acad\u00eamico em Direito:<\/strong><\/p>\n<div data-olk-copy-source=\"MessageBody\">Cirlene Terezinha Bora Coimbra: <a href=\"mailto:cirlene.c@uninter.com\">cirlene.c@uninter.com<\/a><\/div>\n<div data-olk-copy-source=\"MessageBody\"><\/div>\n<p>Ou mande-nos uma mensagem<\/p>\n\n<div class=\"wpcf7 no-js\" id=\"wpcf7-f156-o1\" lang=\"pt-BR\" dir=\"ltr\" data-wpcf7-id=\"156\">\n<div class=\"screen-reader-response\"><p role=\"status\" aria-live=\"polite\" aria-atomic=\"true\"><\/p> <ul><\/ul><\/div>\n<form action=\"\/mestrado\/wp-json\/wp\/v2\/pages\/86#wpcf7-f156-o1\" method=\"post\" class=\"wpcf7-form init\" aria-label=\"Formul\u00e1rios de contato\" novalidate=\"novalidate\" data-status=\"init\">\n<div style=\"display: none;\">\n<input type=\"hidden\" name=\"_wpcf7\" value=\"156\" \/>\n<input type=\"hidden\" name=\"_wpcf7_version\" value=\"6.0.6\" \/>\n<input type=\"hidden\" name=\"_wpcf7_locale\" value=\"pt_BR\" \/>\n<input type=\"hidden\" name=\"_wpcf7_unit_tag\" value=\"wpcf7-f156-o1\" \/>\n<input type=\"hidden\" name=\"_wpcf7_container_post\" value=\"0\" \/>\n<input type=\"hidden\" name=\"_wpcf7_posted_data_hash\" value=\"\" \/>\n<\/div>\n<p><label> Seu nome (obrigat\u00f3rio)<br \/>\n<span class=\"wpcf7-form-control-wrap\" data-name=\"your-name\"><input size=\"40\" maxlength=\"400\" class=\"wpcf7-form-control wpcf7-text wpcf7-validates-as-required\" aria-required=\"true\" aria-invalid=\"false\" value=\"\" type=\"text\" name=\"your-name\" \/><\/span> <\/label>\n<\/p>\n<p><label> Seu E-mail (obrigat\u00f3rio)<br \/>\n<span class=\"wpcf7-form-control-wrap\" data-name=\"your-email\"><input size=\"40\" maxlength=\"400\" class=\"wpcf7-form-control wpcf7-email wpcf7-validates-as-required wpcf7-text wpcf7-validates-as-email\" aria-required=\"true\" aria-invalid=\"false\" value=\"\" type=\"email\" name=\"your-email\" \/><\/span> <\/label>\n<\/p>\n<p><label> Assunto<br \/>\n<span class=\"wpcf7-form-control-wrap\" data-name=\"your-subject\"><input size=\"40\" maxlength=\"400\" class=\"wpcf7-form-control wpcf7-text\" aria-invalid=\"false\" value=\"\" type=\"text\" name=\"your-subject\" \/><\/span> <\/label>\n<\/p>\n<p><label> Sua Mensagem<br \/>\n<span class=\"wpcf7-form-control-wrap\" data-name=\"your-message\"><textarea cols=\"40\" rows=\"10\" maxlength=\"2000\" class=\"wpcf7-form-control wpcf7-textarea\" aria-invalid=\"false\" name=\"your-message\"><\/textarea><\/span> <\/label>\n<\/p>\n<p><input class=\"wpcf7-form-control wpcf7-submit has-spinner\" type=\"submit\" value=\"Enviar\" \/>\n<\/p><div class=\"wpcf7-response-output\" aria-hidden=\"true\"><\/div>\n<\/form>\n<\/div>\n\n","protected":false},"excerpt":{"rendered":"<p>Secretaria do Mestrado e Doutorado em Educa\u00e7\u00e3o e Novas Tecnologias: Daniele Nunes da Mota: daniele.m@uninter.com Secretaria do PPGD &#8211; Mestrado Acad\u00eamico em Direito: Cirlene Terezinha Bora Coimbra: cirlene.c@uninter.com Ou mande-nos uma mensagem<\/p>\n","protected":false},"author":1,"featured_media":0,"parent":0,"menu_order":0,"comment_status":"closed","ping_status":"closed","template":"page-curso-doutorado-educacao.php","meta":{"footnotes":""},"class_list":["post-86","page","type-page","status-publish","hentry","post"],"_links":{"self":[{"href":"https:\/\/uninter.com\/mestrado\/wp-json\/wp\/v2\/pages\/86","targetHints":{"allow":["GET"]}}],"collection":[{"href":"https:\/\/uninter.com\/mestrado\/wp-json\/wp\/v2\/pages"}],"about":[{"href":"https:\/\/uninter.com\/mestrado\/wp-json\/wp\/v2\/types\/page"}],"author":[{"embeddable":true,"href":"https:\/\/uninter.com\/mestrado\/wp-json\/wp\/v2\/users\/1"}],"replies":[{"embeddable":true,"href":"https:\/\/uninter.com\/mestrado\/wp-json\/wp\/v2\/comments?post=86"}],"version-history":[{"count":22,"href":"https:\/\/uninter.com\/mestrado\/wp-json\/wp\/v2\/pages\/86\/revisions"}],"predecessor-version":[{"id":4883,"href":"https:\/\/uninter.com\/mestrado\/wp-json\/wp\/v2\/pages\/86\/revisions\/4883"}],"wp:attachment":[{"href":"https:\/\/uninter.com\/mestrado\/wp-json\/wp\/v2\/media?parent=86"}],"curies":[{"name":"wp","href":"https:\/\/api.w.org\/{rel}","templated":true}]}}