{"id":4485,"date":"2025-06-05T08:20:36","date_gmt":"2025-06-05T11:20:36","guid":{"rendered":"https:\/\/www.uninter.com\/mestrado\/?page_id=4485"},"modified":"2025-08-12T08:07:35","modified_gmt":"2025-08-12T11:07:35","slug":"mestrado-egressos","status":"publish","type":"page","link":"https:\/\/uninter.com\/mestrado\/mestrado-egressos\/","title":{"rendered":"Mestrado- Egressos"},"content":{"rendered":"<h1>Egressos<\/h1>\n<p data-olk-copy-source=\"MessageBody\">A partir de 2016, com o encerramento do primeiro ciclo de discentes, o PPGENT passou a realizar um acompanhamento efetivo de seus egressos, tanto do ponto de vista profissional, incluindo suas atividades docentes, quanto do ponto de vista acad\u00eamico, incluindo suas publica\u00e7\u00f5es, participa\u00e7\u00f5es em eventos, continuidade dos estudos, entre outros.<\/p>\n<p>O PPGENT convida sistematicamente os egressos a participarem de bancas, atividades e eventos realizados no programa e na institui\u00e7\u00e3o, ocorrendo ainda um acompanhamento mais pessoal e individual porque muitos egressos continuam participando dos projetos e grupos de pesquisa coordenados por seus ex-orientadores.<\/p>\n<p>Importante mencionar que os egressos s\u00e3o sempre chamados a participar como apresentadores na semana de acolhimento ao calouro. Em suas falas eles ressaltam o seu desenvolvimento ao longo do curso, a constru\u00e7\u00e3o de seus trabalhos, os processos de orienta\u00e7\u00e3o e ainda, o que est\u00e3o realizando de atividades como egressos do Programa seja do Mestrado ou do Doutorado. S\u00e3o falas que ressaltam n\u00e3o apenas o trabalho de ensino que muitos dos egressos realizam, mas especialmente o desenvolvimento de suas produ\u00e7\u00f5es cient\u00edficas, submiss\u00e3o de artigos, cap\u00edtulos de livros, participa\u00e7\u00e3o em eventos etc. Abaixo destacamos algumas formas de acompanhamento de nossos egressos:<\/p>\n<p><b>\u00a0<\/b><\/p>\n<p><b><a href=\"https:\/\/www.uninter.com\/mestrado\/wp-content\/uploads\/2025\/08\/DESTINO-E-ATUACAO-DOS-EGRESSOS.pdf\">DESTINO E ATUA\u00c7\u00c3O DOS EGRESSOS DO PROGRAMA EM RELA\u00c7\u00c3O \u00c0 FORMA\u00c7\u00c3O RECEBIDA<\/a><\/b><\/p>\n<p><a href=\"https:\/\/www.uninter.com\/mestrado\/wp-content\/uploads\/2025\/08\/EGRESSOS-APROVADOS-EM-PROGRAMA-DE-DOUTORADO-.pdf\"><strong>EGRESSOS APROVADOS EM PROGRAMA DE DOUTORADO<\/strong><\/a><\/p>\n<p><b><a href=\"https:\/\/www.uninter.com\/mestrado\/wp-content\/uploads\/2025\/08\/PARTICIPACAO-DE-EGRESSOS-EM-AULA-INAUGURAL._.pdf\">PARTICIPA\u00c7\u00c3O DE EGRESSOS EM AULA INAUGURAL, EVENTOS, PALESTRAS MINISTRADAS, LAN\u00c7AMENTO DE LIVROS<\/a> <\/b><\/p>\n<h2><b>PROGRAMA DE ENTREVISTA COM EGRESSO<\/b><\/h2>\n<p>O programa Educa\u00e7\u00e3o e Tecnologias \u00e9 um programa de entrevistas produzido e apresentado pelo professor doutor Rodrigo Ot\u00e1vio dos Santos, para o canal Super13, veiculado tanto na TV aberta quanto no Youtube, no endere\u00e7o\u00a0<a title=\"https:\/\/www.youtube.com\/@EducacaoeTecnologiauninter\" href=\"https:\/\/www.youtube.com\/@EducacaoeTecnologiauninter\" data-auth=\"NotApplicable\" data-linkindex=\"0\">https:\/\/www.youtube.com\/@EducacaoeTecnologiauninter<\/a>.<\/p>\n<p>O programa conta com entrevistas de uma hora de dura\u00e7\u00e3o, tendo como convidados pessoas not\u00e1veis na articula\u00e7\u00e3o entre a educa\u00e7\u00e3o e as tecnologias. No primeiro ano de dura\u00e7\u00e3o, o programa contou com presen\u00e7a de professores da Uninter, professores de outras institui\u00e7\u00f5es e egressos do programa de p\u00f3s-gradua\u00e7\u00e3o em Educa\u00e7\u00e3o e Novas Tecnologias da Uninter.<\/p>\n<p>Abaixo destacamos os egressos que j\u00e1 foram entrevistados sobre suas pesquisas e atua\u00e7\u00e3o no mercado de trabalho:<\/p>\n<p><strong>JASON ANTONIO PEDROSO SOBREIRO (2016)<\/strong><\/p>\n<p><iframe loading=\"lazy\" title=\"YouTube video player\" src=\"https:\/\/www.youtube.com\/embed\/YSVhtzaFfo8?si=DikIs7XXj4HJ2I4j\" width=\"560\" height=\"315\" frameborder=\"0\" allowfullscreen=\"allowfullscreen\"><\/iframe><\/p>\n<p><strong>LUCIANE PLATES DE OLIVEIRA NEPOMUCENO (TURMA 2016)<\/strong><\/p>\n<p><iframe loading=\"lazy\" title=\"YouTube video player\" src=\"https:\/\/www.youtube.com\/embed\/XdIq04DY7m0?si=sAMp7xXvbXIQnGmx\" width=\"560\" height=\"315\" frameborder=\"0\" allowfullscreen=\"allowfullscreen\"><\/iframe><\/p>\n<p data-olk-copy-source=\"MessageBody\"><strong>DAIANE ADRIANA AMARAL DE MATTOS BLASZKOWSKI\u00a0 (2017)<\/strong><\/p>\n<p><iframe loading=\"lazy\" title=\"YouTube video player\" src=\"https:\/\/www.youtube.com\/embed\/XhNOvnMxieo?si=9nviLeTjTw8aEcna\" width=\"560\" height=\"315\" frameborder=\"0\" allowfullscreen=\"allowfullscreen\"><\/iframe><\/p>\n<p><strong>ELIANE BLASZKOWSKI CHAMPAOSKI\u00a0(TURMA 2017)\u00a0<\/strong><\/p>\n<p><iframe loading=\"lazy\" title=\"YouTube video player\" src=\"https:\/\/www.youtube.com\/embed\/9pjoOR572vg?si=-_z_HM8CNYJYXdLt\" width=\"560\" height=\"315\" frameborder=\"0\" allowfullscreen=\"allowfullscreen\"><\/iframe><\/p>\n<p><strong>FRANCIELI PAES DE CARVALHO CASTRO (TURMA 2017)\u00a0<\/strong><\/p>\n<p><iframe loading=\"lazy\" title=\"YouTube video player\" src=\"https:\/\/www.youtube.com\/embed\/pIpnDIQAkEY?si=UNnczQdzH2oxBBUG\" width=\"560\" height=\"315\" frameborder=\"0\" allowfullscreen=\"allowfullscreen\"><\/iframe><\/p>\n<p><strong>SCHEILA APARECIDA LEAL DANTAS\u00a0 (2017)\u00a0<\/strong><\/p>\n<p><iframe loading=\"lazy\" title=\"YouTube video player\" src=\"https:\/\/www.youtube.com\/embed\/TG2NnIh4-_w?si=Y04YroLg2pOh-Cbn\" width=\"560\" height=\"315\" frameborder=\"0\" allowfullscreen=\"allowfullscreen\"><\/iframe><\/p>\n<p><strong>ANDR\u00c9 LUIZ PINTO DOS SANTOS (2018)<\/strong><\/p>\n<p><iframe loading=\"lazy\" title=\"YouTube video player\" src=\"https:\/\/www.youtube.com\/embed\/A0FFMLj269Q?si=XjW3Ck8_ZWZsxyxE\" width=\"560\" height=\"315\" frameborder=\"0\" allowfullscreen=\"allowfullscreen\"><\/iframe><\/p>\n<p><strong>IDIANA FAVERSANI DELANHESE (2018)<\/strong><\/p>\n<p><iframe loading=\"lazy\" title=\"YouTube video player\" src=\"https:\/\/www.youtube.com\/embed\/LAiqO7mZ0gc?si=aFtQFz1D_UpVZCUR\" width=\"560\" height=\"315\" frameborder=\"0\" allowfullscreen=\"allowfullscreen\"><\/iframe><\/p>\n<p><strong>JOICE MARTINS DIAZ TITON (TURMA 2018)<\/strong><\/p>\n<p><iframe loading=\"lazy\" title=\"YouTube video player\" src=\"https:\/\/www.youtube.com\/embed\/RByo0DB44kA?si=EKCD3agN8CHZjjtT\" width=\"560\" height=\"315\" frameborder=\"0\" allowfullscreen=\"allowfullscreen\"><\/iframe><\/p>\n<p><span data-olk-copy-source=\"MessageBody\"><strong>JOS\u00c9 BENEDITO CAPARROS JUNIOR (TURMA 2018)<\/strong> <\/span><\/p>\n<p><iframe loading=\"lazy\" title=\"YouTube video player\" src=\"https:\/\/www.youtube.com\/embed\/q5hLgvGP1WQ?si=aj2IuTyx8ywKYSdi\" width=\"560\" height=\"315\" frameborder=\"0\" allowfullscreen=\"allowfullscreen\"><\/iframe><\/p>\n<p><strong>LANITA HELAINE DA SILVA NEVES SIZANOSKY (2018)<\/strong><\/p>\n<p><iframe loading=\"lazy\" title=\"YouTube video player\" src=\"https:\/\/www.youtube.com\/embed\/9H26MAEdsiE?si=9aHVPO40vFzJsyHJ\" width=\"560\" height=\"315\" frameborder=\"0\" allowfullscreen=\"allowfullscreen\"><\/iframe><\/p>\n<p><strong>LUISA DALLA COSTA BORNANCIN (TURMA 2018)<\/strong><\/p>\n<p><iframe loading=\"lazy\" title=\"YouTube video player\" src=\"https:\/\/www.youtube.com\/embed\/Rcboczen0Cs?si=_hlJI08DmR2i0o8u\" width=\"560\" height=\"315\" frameborder=\"0\" allowfullscreen=\"allowfullscreen\"><\/iframe><\/p>\n<p><strong>T\u00c2NIA APARECIDA SOARES (2018)<\/strong><\/p>\n<p><iframe loading=\"lazy\" title=\"YouTube video player\" src=\"https:\/\/www.youtube.com\/embed\/orGujoKG0V8?si=UhXJEAnAHMAkNjKb\" width=\"560\" height=\"315\" frameborder=\"0\" allowfullscreen=\"allowfullscreen\"><\/iframe><\/p>\n<p><strong>ALEXANDRE VIEIRA PINHEIRO\u00a0(2019)\u00a0<\/strong><\/p>\n<p><iframe loading=\"lazy\" title=\"YouTube video player\" src=\"https:\/\/www.youtube.com\/embed\/bRGC6d7bBRI?si=pz_N8KXQgp6drk5b\" width=\"560\" height=\"315\" frameborder=\"0\" allowfullscreen=\"allowfullscreen\"><\/iframe><\/p>\n<p><strong>DARLAN RODRIGUES MARTINS\u00a0(2019)<\/strong><\/p>\n<p><iframe loading=\"lazy\" title=\"YouTube video player\" src=\"https:\/\/www.youtube.com\/embed\/bwPjF6a0ebo?si=Ko-9FzsnNG-5XFnp\" width=\"560\" height=\"315\" frameborder=\"0\" allowfullscreen=\"allowfullscreen\"><\/iframe><\/p>\n<p><strong>HELBE HELIAMARA HERARTH\u00a0(2019)<\/strong><\/p>\n<p><iframe loading=\"lazy\" title=\"YouTube video player\" src=\"https:\/\/www.youtube.com\/embed\/-RMFUyW3lnk?si=w6KjFuihgbAJENo2\" width=\"560\" height=\"315\" frameborder=\"0\" allowfullscreen=\"allowfullscreen\"><\/iframe><\/p>\n<p><strong>ELIAS LOURENCO (2020)<\/strong><\/p>\n<p><iframe loading=\"lazy\" title=\"YouTube video player\" src=\"https:\/\/www.youtube.com\/embed\/Q7tDdS1LdI8?si=yKOydjPig0Aq6vcw\" width=\"560\" height=\"315\" frameborder=\"0\" allowfullscreen=\"allowfullscreen\"><\/iframe><\/p>\n<p><strong>ADRIANE DA SILVA SCHMIDT (TURMA 2021)<\/strong><\/p>\n<p><iframe loading=\"lazy\" title=\"YouTube video player\" src=\"https:\/\/www.youtube.com\/embed\/xgscf4INEWs?si=ZQrXB9MQZGFHSetx\" width=\"560\" height=\"315\" frameborder=\"0\" allowfullscreen=\"allowfullscreen\"><\/iframe><\/p>\n<p><strong>BARBARA DIAS LARGURA\u00a0(TURMA 2021)<\/strong><\/p>\n<p><iframe loading=\"lazy\" title=\"YouTube video player\" src=\"https:\/\/www.youtube.com\/embed\/23i_A2pg8X4?si=ihQu4jMOrc1HfiFx\" width=\"560\" height=\"315\" frameborder=\"0\" allowfullscreen=\"allowfullscreen\"><\/iframe><\/p>\n<p><span data-olk-copy-source=\"MessageBody\"><strong>NIKOLY ALBERTI (TURMA 2022)<\/strong> <\/span><\/p>\n<p><iframe loading=\"lazy\" title=\"YouTube video player\" src=\"https:\/\/www.youtube.com\/embed\/yc9JmbFDlG4?si=VugAB-lg7oqXIxz_\" width=\"560\" height=\"315\" frameborder=\"0\" allowfullscreen=\"allowfullscreen\"><\/iframe><\/p>\n","protected":false},"excerpt":{"rendered":"<p>Egressos A partir de 2016, com o encerramento do primeiro ciclo de discentes, o PPGENT passou a realizar um acompanhamento efetivo de seus egressos, tanto do ponto de vista profissional, incluindo suas atividades docentes, quanto do ponto de vista acad\u00eamico, incluindo suas publica\u00e7\u00f5es, participa\u00e7\u00f5es em eventos, continuidade dos estudos, entre outros. O PPGENT convida sistematicamente [&hellip;]<\/p>\n","protected":false},"author":1,"featured_media":0,"parent":0,"menu_order":0,"comment_status":"closed","ping_status":"closed","template":"page-curso-mestrado-educacao.php","meta":{"footnotes":""},"class_list":["post-4485","page","type-page","status-publish","hentry","post"],"_links":{"self":[{"href":"https:\/\/uninter.com\/mestrado\/wp-json\/wp\/v2\/pages\/4485","targetHints":{"allow":["GET"]}}],"collection":[{"href":"https:\/\/uninter.com\/mestrado\/wp-json\/wp\/v2\/pages"}],"about":[{"href":"https:\/\/uninter.com\/mestrado\/wp-json\/wp\/v2\/types\/page"}],"author":[{"embeddable":true,"href":"https:\/\/uninter.com\/mestrado\/wp-json\/wp\/v2\/users\/1"}],"replies":[{"embeddable":true,"href":"https:\/\/uninter.com\/mestrado\/wp-json\/wp\/v2\/comments?post=4485"}],"version-history":[{"count":6,"href":"https:\/\/uninter.com\/mestrado\/wp-json\/wp\/v2\/pages\/4485\/revisions"}],"predecessor-version":[{"id":4633,"href":"https:\/\/uninter.com\/mestrado\/wp-json\/wp\/v2\/pages\/4485\/revisions\/4633"}],"wp:attachment":[{"href":"https:\/\/uninter.com\/mestrado\/wp-json\/wp\/v2\/media?parent=4485"}],"curies":[{"name":"wp","href":"https:\/\/api.w.org\/{rel}","templated":true}]}}