{"id":4468,"date":"2025-06-04T09:54:44","date_gmt":"2025-06-04T12:54:44","guid":{"rendered":"https:\/\/www.uninter.com\/mestrado\/?page_id=4468"},"modified":"2025-06-04T09:57:08","modified_gmt":"2025-06-04T12:57:08","slug":"infraestrutura-mestrado","status":"publish","type":"page","link":"https:\/\/uninter.com\/mestrado\/infraestrutura-mestrado\/","title":{"rendered":"Infraestrutura mestrado"},"content":{"rendered":"<h1 class=\"x_MsoNormal\" data-olk-copy-source=\"MessageBody\">Infraestrutura<\/h1>\n<p class=\"x_MsoNormal\" data-olk-copy-source=\"MessageBody\">O Mestrado e o Doutorado Profissional s\u00e3o voltados para a capacita\u00e7\u00e3o de profissionais, mediante o estudo de t\u00e9cnicas, processos, ou tem\u00e1ticas que atendem a alguma demanda da sociedade, tem por objetivo formar e qualificar profissionais para a resolu\u00e7\u00e3o de problemas na \u00e1rea educacional por meio da pesquisa, comprometidos com o processo de desenvolvimento da sociedade brasileira e suas diferentes especificidades socioculturais, pela articula\u00e7\u00e3o da investiga\u00e7\u00e3o cient\u00edfica com a pr\u00e1tica educativa pela perspectiva da forma\u00e7\u00e3o docente e das novas tecnologias.<\/p>\n<p class=\"x_MsoNormal\">Consequentemente, as institui\u00e7\u00f5es que oferecem Programas Profissionais devem apresentar uma infraestrutura que permita a articula\u00e7\u00e3o entre conhecimento atualizado, dom\u00ednio da metodologia pertinente e aplica\u00e7\u00e3o orientada para o campo de atua\u00e7\u00e3o profissional espec\u00edfico.<\/p>\n<p class=\"x_MsoNormal\">O trabalho final do curso deve ser sempre vinculado a problemas reais da \u00e1rea de atua\u00e7\u00e3o do profissional-discente e de acordo com a natureza da \u00e1rea e a finalidade do curso, necessitar\u00e1 de diferentes laborat\u00f3rios e espa\u00e7os de estudo\/trabalho. Essas especificidades exigem uma infraestrutura que possibilite e garanta que os discentes desenvolvam suas pesquisas nas \u00e1reas propostas.<\/p>\n<p class=\"x_MsoNormal\">Desse modo o PPGENT conta com a seguinte <a href=\"https:\/\/www.uninter.com\/mestrado\/wp-content\/uploads\/2025\/06\/Infraestrutura.pdf\">Infraestrutura<\/a><\/p>\n","protected":false},"excerpt":{"rendered":"<p>Infraestrutura O Mestrado e o Doutorado Profissional s\u00e3o voltados para a capacita\u00e7\u00e3o de profissionais, mediante o estudo de t\u00e9cnicas, processos, ou tem\u00e1ticas que atendem a alguma demanda da sociedade, tem por objetivo formar e qualificar profissionais para a resolu\u00e7\u00e3o de problemas na \u00e1rea educacional por meio da pesquisa, comprometidos com o processo de desenvolvimento da [&hellip;]<\/p>\n","protected":false},"author":1,"featured_media":0,"parent":0,"menu_order":0,"comment_status":"closed","ping_status":"closed","template":"page-curso-mestrado-educacao.php","meta":{"footnotes":""},"class_list":["post-4468","page","type-page","status-publish","hentry","post"],"_links":{"self":[{"href":"https:\/\/uninter.com\/mestrado\/wp-json\/wp\/v2\/pages\/4468","targetHints":{"allow":["GET"]}}],"collection":[{"href":"https:\/\/uninter.com\/mestrado\/wp-json\/wp\/v2\/pages"}],"about":[{"href":"https:\/\/uninter.com\/mestrado\/wp-json\/wp\/v2\/types\/page"}],"author":[{"embeddable":true,"href":"https:\/\/uninter.com\/mestrado\/wp-json\/wp\/v2\/users\/1"}],"replies":[{"embeddable":true,"href":"https:\/\/uninter.com\/mestrado\/wp-json\/wp\/v2\/comments?post=4468"}],"version-history":[{"count":3,"href":"https:\/\/uninter.com\/mestrado\/wp-json\/wp\/v2\/pages\/4468\/revisions"}],"predecessor-version":[{"id":4475,"href":"https:\/\/uninter.com\/mestrado\/wp-json\/wp\/v2\/pages\/4468\/revisions\/4475"}],"wp:attachment":[{"href":"https:\/\/uninter.com\/mestrado\/wp-json\/wp\/v2\/media?parent=4468"}],"curies":[{"name":"wp","href":"https:\/\/api.w.org\/{rel}","templated":true}]}}