{"id":4380,"date":"2025-05-28T08:25:20","date_gmt":"2025-05-28T11:25:20","guid":{"rendered":"https:\/\/www.uninter.com\/mestrado\/?page_id=4380"},"modified":"2025-06-02T17:47:00","modified_gmt":"2025-06-02T20:47:00","slug":"bancas-de-qualificacao-editais","status":"publish","type":"page","link":"https:\/\/uninter.com\/mestrado\/bancas-de-qualificacao-editais\/","title":{"rendered":"BANCAS DE QUALIFICA\u00c7\u00c3O (EDITAIS)"},"content":{"rendered":"<p>&nbsp;<\/p>\n<h1><strong><span data-teams=\"true\">BANCAS DE QUALIFICA\u00c7\u00c3O (EDITAIS)<\/span><\/strong><\/h1>\n<h1>2025<\/h1>\n<p><strong>26\/05\/2025<\/strong> &#8211; ADRIANA BARBOZA COELHO <a href=\"https:\/\/www.uninter.com\/mestrado\/wp-content\/uploads\/2025\/05\/QUALinterna01.T2024.1ADRIANACOELHO.maio26Rui-2025.pdf\">&#8220;O SUPREMO TRIBUNAL FEDERAL E A CRIMINALIZA\u00c7\u00c3O DO ABORTO NO BRASIL:UMA AN\u00c1LISE DWORKINIANA DA ADFP 422&#8221;<\/a><\/p>\n<p><strong>03\/06\/2025 &#8211;\u00a0<\/strong>CRISTIANO LINHARES &#8211; <a href=\"https:\/\/www.uninter.com\/mestrado\/wp-content\/uploads\/2025\/05\/QUALinterna02.T2024.1CRISTIANOLINHARES.junho03Doacir-2025.pdf\">&#8220;O LEVIT\u00c3 TROPICAL: ESTADO, JURISDI\u00c7\u00c3O E A CONSTRU\u00c7\u00c3O DA (IN)SEGURAN\u00c7A P\u00daBLICA NO BRASIL&#8221;<\/a><\/p>\n<p><strong>04\/06\/2025<\/strong> &#8211; WELLINGTON LINCOLN SECO &#8211; <a href=\"https:\/\/www.uninter.com\/mestrado\/wp-content\/uploads\/2025\/05\/QUALinterna03.T2024.1WELLINGTONSECO.junho04Martinho-2025.pdf\">&#8220;PRESCRI\u00c7\u00c3O NO PROCESSO ADMINISTRATIVO SANCIONADOR FEDERAL N\u00c3O-DISCIPLINAR: AS HIP\u00d3TESES DE INTERRUP\u00c7\u00c3O E A NECESSIDADE DE SEGURAN\u00c7A JUR\u00cdDICA NA ATIVIDADE EMPRESARIAL&#8221;\u00a0<\/a><\/p>\n<p><strong>04\/06\/2025\u00a0<\/strong>&#8211; ANDREIA GANDIN &#8211; <a href=\"https:\/\/www.uninter.com\/mestrado\/wp-content\/uploads\/2025\/05\/QUALinterna04.T2024.1ANDREIAGANDIN.junho04Alexandre-2025.pdf\">&#8220;O DEVER DE REVELA\u00c7\u00c3O NA ARBITRAGEM INTERNACIONAL&#8221;<\/a><\/p>\n<p><strong>04\/06\/2025\u00a0<\/strong>&#8211; MARCIO FRANCISCO DA SILVA LOREN\u00c7O &#8211; <a href=\"https:\/\/www.uninter.com\/mestrado\/wp-content\/uploads\/2025\/05\/QUALinterna05.T2024.1MARCIOLOURENCO.junho04Alexandre-2025.pdf\">&#8220;O ESTATUTO DE ROMA E O TRIBUNAL PENAL INTERNACIONAL&#8221;<\/a><\/p>\n<p><strong>04\/06\/2025\u00a0<\/strong>&#8211; SANDRO SILVA DOS SANTOS &#8211; <a href=\"https:\/\/www.uninter.com\/mestrado\/wp-content\/uploads\/2025\/05\/QUALinterna06.T2024.1SANDROSANTOS.junho04Daniel-2025_compressed.pdf\">&#8220;PODER DE POL\u00cdCIA DA JUSTI\u00c7A ELEITORAL NO EXERC\u00cdCIO DA FISCALIZA\u00c7\u00c3O DA PROPAGANDA ELEITORAL&#8221;<\/a><\/p>\n<p><strong>04\/06\/2025\u00a0<\/strong>&#8211; VIN\u00cdCIUS TEIXEIRA BRESSAN &#8211; &#8220;<a href=\"https:\/\/www.uninter.com\/mestrado\/wp-content\/uploads\/2025\/05\/QUALinterna07.T2024.1VINICIUSBRESSAN.junho04Daniel-2025.pdf\">O DIREITO DA FAZENDA P\u00daBLICA AO ACESSO \u00c0 JURISDI\u00c7\u00c3O E \u00c0 TUTELA JURISDICIONAL SATISFATIVA: AN\u00c1LISE CR\u00cdTICA DA RESOLU\u00c7\u00c3O N\u00ba 547\/2024 DO CNJ E DO TEMA N\u00ba1.184 DO STF&#8221;<\/a><\/p>\n<p><strong>02\/06\/2025 <\/strong>&#8211; AMANDA SENTONE GUIESELER &#8211; <a href=\"https:\/\/www.uninter.com\/mestrado\/wp-content\/uploads\/2025\/05\/QUALinterna08.T2024.1AMANDASENTONE.junho02Andreza-2025.pdf\">&#8220;O IMPACTO SOCI\u00caCON\u00d4MICO DA VULNERABILIDADE JURISPRUDENCIAL NAS RELA\u00c7\u00d5ES DE CONSUMO&#8221;<\/a><\/p>\n<h1>2024<\/h1>\n<p><strong>06\/05\/2024<\/strong> &#8211; CHAIANE REBECA SILVA DE SOUSA &#8211; <a href=\"https:\/\/www.uninter.com\/mestrado\/wp-content\/uploads\/2025\/05\/QUALinterna01.T2023CHAIANESOUSA.maio06Doacir-2024.pdf\">&#8220;O BRASIL NA EFETIVA\u00c7\u00c3O DOS DIREITOS HUMANOS PARA PROTE\u00c7\u00c3O DOS REFUGIADOS UCRANIANOS&#8221;<\/a><\/p>\n<p><strong>03\/06\/2024 <\/strong>&#8211; LUCAS URBANAVICIUS MARQUES &#8211; &#8220;<a href=\"https:\/\/www.uninter.com\/mestrado\/wp-content\/uploads\/2025\/05\/QUALinterna02.T2022LUCASURBANAVICIUS.junho03Walter-2024.pdf\">EVOLU\u00c7\u00c3O HIST\u00d3RICA DOS REGISTROS CIVIS DE PESSOAS NATURAIS NO BRASIL: DOS REGISTROS CAN\u00d4NICOS AO REGISTRO CIVIL&#8221;<\/a><\/p>\n<p><strong>03\/06\/2024<\/strong> &#8211; BRUNO RAFAEL SIMIONI SILVA &#8211; <a href=\"https:\/\/www.uninter.com\/mestrado\/wp-content\/uploads\/2025\/05\/QUALinterna03.T2023BRUNOSIMIONI.junho03Alexandre-2024.pdf\">&#8220;O CASO ROBINHO &#8211; DO CUMPRIMENTO DE DECIS\u00c3O PENAL CONDENAT\u00d3RIA ESTRANGEIRA NO BRASIL: ERROS E ACERTOS DA HOMOLOGA\u00c7\u00c3O DE DECIS\u00c3O ESTRANGEIRA PELO SUPERIOR TRIBUNAL DE JUSTI\u00c7A(STJ)&#8221;<\/a><\/p>\n<p><strong>26\/06\/2024<\/strong> &#8211; JENNIFER MANFRIN DOS SANTOS &#8211; <a href=\"https:\/\/www.uninter.com\/mestrado\/wp-content\/uploads\/2025\/05\/QUALinterna04.T2023JENNIFERMANFRIN.junho26Jailson-2024.pdf\">&#8220;A ULTILIZA\u00c7\u00c3O DA INTELIG\u00caNCIA ARTIFICIAL DOS LUIZADOS ESPECIAIS C\u00cdVEIS PARA A PROMO\u00c7\u00c3O DA CELERIDADE PROCESSUAL&#8221;<\/a><\/p>\n<p><strong>19\/09\/2024<\/strong> &#8211; RAPHAEL ALVES DO NASCIMENTO &#8211; <a href=\"https:\/\/www.uninter.com\/mestrado\/wp-content\/uploads\/2025\/05\/QUALinterna05.T2023RAPHAELNASCIMENTO.setembro19Rui-2024.pdf\">&#8220;STANDARDS DE PROVA CRIMINAL DOS TRIBUNAIS SUPERIORES&#8221;<\/a><\/p>\n<p><strong>19\/09\/2024<\/strong> &#8211; RAPHAEL ALVES DO NASCIMENTO &#8211; &#8220;STANDARDS DE PROVA \u00a0NO DIREITO PROCESSUAL PENAL BRASILEIRO&#8221;<\/p>\n<p>&nbsp;<\/p>\n","protected":false},"excerpt":{"rendered":"<p>&nbsp; BANCAS DE QUALIFICA\u00c7\u00c3O (EDITAIS) 2025 26\/05\/2025 &#8211; ADRIANA BARBOZA COELHO &#8220;O SUPREMO TRIBUNAL FEDERAL E A CRIMINALIZA\u00c7\u00c3O DO ABORTO NO BRASIL:UMA AN\u00c1LISE DWORKINIANA DA ADFP 422&#8221; 03\/06\/2025 &#8211;\u00a0CRISTIANO LINHARES &#8211; &#8220;O LEVIT\u00c3 TROPICAL: ESTADO, JURISDI\u00c7\u00c3O E A CONSTRU\u00c7\u00c3O DA (IN)SEGURAN\u00c7A P\u00daBLICA NO BRASIL&#8221; 04\/06\/2025 &#8211; WELLINGTON LINCOLN SECO &#8211; &#8220;PRESCRI\u00c7\u00c3O NO PROCESSO ADMINISTRATIVO SANCIONADOR [&hellip;]<\/p>\n","protected":false},"author":123468,"featured_media":0,"parent":0,"menu_order":0,"comment_status":"closed","ping_status":"closed","template":"templates\/page-curso-mestrado-direito.php","meta":{"footnotes":""},"class_list":["post-4380","page","type-page","status-publish","hentry","post"],"_links":{"self":[{"href":"https:\/\/uninter.com\/mestrado\/wp-json\/wp\/v2\/pages\/4380","targetHints":{"allow":["GET"]}}],"collection":[{"href":"https:\/\/uninter.com\/mestrado\/wp-json\/wp\/v2\/pages"}],"about":[{"href":"https:\/\/uninter.com\/mestrado\/wp-json\/wp\/v2\/types\/page"}],"author":[{"embeddable":true,"href":"https:\/\/uninter.com\/mestrado\/wp-json\/wp\/v2\/users\/123468"}],"replies":[{"embeddable":true,"href":"https:\/\/uninter.com\/mestrado\/wp-json\/wp\/v2\/comments?post=4380"}],"version-history":[{"count":4,"href":"https:\/\/uninter.com\/mestrado\/wp-json\/wp\/v2\/pages\/4380\/revisions"}],"predecessor-version":[{"id":4460,"href":"https:\/\/uninter.com\/mestrado\/wp-json\/wp\/v2\/pages\/4380\/revisions\/4460"}],"wp:attachment":[{"href":"https:\/\/uninter.com\/mestrado\/wp-json\/wp\/v2\/media?parent=4380"}],"curies":[{"name":"wp","href":"https:\/\/api.w.org\/{rel}","templated":true}]}}