{"id":4312,"date":"2025-05-26T13:53:22","date_gmt":"2025-05-26T16:53:22","guid":{"rendered":"https:\/\/www.uninter.com\/mestrado\/?page_id=4312"},"modified":"2025-05-26T13:57:01","modified_gmt":"2025-05-26T16:57:01","slug":"cpa-comissao-propria-de-avaliacao","status":"publish","type":"page","link":"https:\/\/uninter.com\/mestrado\/cpa-comissao-propria-de-avaliacao\/","title":{"rendered":"CPA"},"content":{"rendered":"<h1><a href=\"https:\/\/www.uninter.com\/cpa\/composicao\/\">Comiss\u00e3o Pr\u00f3pria de Avalia\u00e7\u00e3o<\/a><\/h1>\n<p class=\"x_MsoNormal\"><b data-olk-copy-source=\"MessageBody\">2022<\/b><\/p>\n<p class=\"x_MsoNormal\"><b>\u00a0<\/b>Pesquisa de Ambiente Acad\u00eamico &#8211; P\u00f3s-Gradua\u00e7\u00e3o &#8211; Stricto Sensu<\/p>\n<p class=\"x_MsoNormal\"><a title=\"https:\/\/www.uninter.com\/cpa\/resultado\/pesquisa-de-ambiente-academico-8\/\" href=\"https:\/\/www.uninter.com\/cpa\/resultado\/pesquisa-de-ambiente-academico-8\/\" data-auth=\"NotApplicable\" data-linkindex=\"1\">https:\/\/www.uninter.com\/cpa\/resultado\/pesquisa-de-ambiente-academico-8\/<\/a><\/p>\n<p class=\"x_MsoNormal\"><b>2023<\/b><\/p>\n<p class=\"x_MsoNormal\">Pesquisa de Ambiente Acad\u00eamico &#8211; P\u00f3s-Gradua\u00e7\u00e3o &#8211; Stricto Sensu<\/p>\n<p class=\"x_MsoNormal\"><a title=\"https:\/\/www.uninter.com\/cpa\/resultado\/pesquisa-de-desempenho-docente-1o-semestre-pos-graduacao-stricto-sensu\/\" href=\"https:\/\/www.uninter.com\/cpa\/resultado\/pesquisa-de-desempenho-docente-1o-semestre-pos-graduacao-stricto-sensu\/\" data-auth=\"NotApplicable\" data-linkindex=\"2\">https:\/\/www.uninter.com\/cpa\/resultado\/pesquisa-de-desempenho-docente-1o-semestre-pos-graduacao-stricto-sensu\/<\/a><\/p>\n<p class=\"x_MsoNormal\"><b>2024<\/b><\/p>\n<p class=\"x_MsoNormal\">Pesquisa de Ambiente Acad\u00eamico &#8211; P\u00f3s-Gradua\u00e7\u00e3o &#8211; Stricto Sensu<\/p>\n<p class=\"x_MsoNormal\"><a title=\"https:\/\/www.uninter.com\/cpa\/resultado\/pesquisa-de-desempenho-docente-1o-semestre-pos-graduacao-stricto-sensu-2\/\" href=\"https:\/\/www.uninter.com\/cpa\/resultado\/pesquisa-de-desempenho-docente-1o-semestre-pos-graduacao-stricto-sensu-2\/\" data-auth=\"NotApplicable\" data-linkindex=\"3\">https:\/\/www.uninter.com\/cpa\/resultado\/pesquisa-de-desempenho-docente-1o-semestre-pos-graduacao-stricto-sensu-2\/<\/a><\/p>\n","protected":false},"excerpt":{"rendered":"<p>Comiss\u00e3o Pr\u00f3pria de Avalia\u00e7\u00e3o 2022 \u00a0Pesquisa de Ambiente Acad\u00eamico &#8211; P\u00f3s-Gradua\u00e7\u00e3o &#8211; Stricto Sensu https:\/\/www.uninter.com\/cpa\/resultado\/pesquisa-de-ambiente-academico-8\/ 2023 Pesquisa de Ambiente Acad\u00eamico &#8211; P\u00f3s-Gradua\u00e7\u00e3o &#8211; Stricto Sensu https:\/\/www.uninter.com\/cpa\/resultado\/pesquisa-de-desempenho-docente-1o-semestre-pos-graduacao-stricto-sensu\/ 2024 Pesquisa de Ambiente Acad\u00eamico &#8211; P\u00f3s-Gradua\u00e7\u00e3o &#8211; Stricto Sensu https:\/\/www.uninter.com\/cpa\/resultado\/pesquisa-de-desempenho-docente-1o-semestre-pos-graduacao-stricto-sensu-2\/<\/p>\n","protected":false},"author":1,"featured_media":0,"parent":0,"menu_order":0,"comment_status":"closed","ping_status":"closed","template":"page-curso-mestrado-educacao.php","meta":{"footnotes":""},"class_list":["post-4312","page","type-page","status-publish","hentry","post"],"_links":{"self":[{"href":"https:\/\/uninter.com\/mestrado\/wp-json\/wp\/v2\/pages\/4312","targetHints":{"allow":["GET"]}}],"collection":[{"href":"https:\/\/uninter.com\/mestrado\/wp-json\/wp\/v2\/pages"}],"about":[{"href":"https:\/\/uninter.com\/mestrado\/wp-json\/wp\/v2\/types\/page"}],"author":[{"embeddable":true,"href":"https:\/\/uninter.com\/mestrado\/wp-json\/wp\/v2\/users\/1"}],"replies":[{"embeddable":true,"href":"https:\/\/uninter.com\/mestrado\/wp-json\/wp\/v2\/comments?post=4312"}],"version-history":[{"count":4,"href":"https:\/\/uninter.com\/mestrado\/wp-json\/wp\/v2\/pages\/4312\/revisions"}],"predecessor-version":[{"id":4317,"href":"https:\/\/uninter.com\/mestrado\/wp-json\/wp\/v2\/pages\/4312\/revisions\/4317"}],"wp:attachment":[{"href":"https:\/\/uninter.com\/mestrado\/wp-json\/wp\/v2\/media?parent=4312"}],"curies":[{"name":"wp","href":"https:\/\/api.w.org\/{rel}","templated":true}]}}