{"id":4126,"date":"2025-03-28T10:01:41","date_gmt":"2025-03-28T13:01:41","guid":{"rendered":"https:\/\/www.uninter.com\/mestrado\/?page_id=4126"},"modified":"2025-06-02T17:46:24","modified_gmt":"2025-06-02T20:46:24","slug":"bancas-de-defesa-editais","status":"publish","type":"page","link":"https:\/\/uninter.com\/mestrado\/bancas-de-defesa-editais\/","title":{"rendered":"BANCAS DE DEFESA (EDITAIS)"},"content":{"rendered":"\r\n<h1 class=\"wp-block-heading\">BANCAS DE DEFESA (EDITAIS)<br \/><br \/>2025<\/h1>\r\n<p><strong>09\/05\/2025 <\/strong>&#8211; LUCAS URBANAVICIUS MARQUES &#8211; <a href=\"https:\/\/www.uninter.com\/mestrado\/wp-content\/uploads\/2025\/05\/DEF01.T2022LUCASMARQUES.maio09Walter-2025.pdf\">&#8220;A SECULARIZA\u00c7\u00c3O DO REGISTRO CIVIL NO BRASIL COMO FERRAMENTA PARA CONSTRU\u00c7\u00c3O DO ESTADO BRASILEIRO: DOS REGISTROS ECLESI\u00c1TICOS AO DECRETO N\u00ba 5.604, DE 25 DE ABRIL DE 1874&#8221;<\/a><br \/><strong><br \/><\/strong><\/p>\r\n<h1 class=\"wp-block-heading\">2024<\/h1>\r\n<p><strong>05\/06\/2024<\/strong> &#8211; ALCELI RIBEIRO ALVES &#8211; <a href=\"https:\/\/www.uninter.com\/mestrado\/wp-content\/uploads\/2025\/05\/DEF01.T2023ALCELIALVES.junho11Doacir-2024-1.pdf\">&#8220;URBANIZA\u00c7\u00c3O BRASILEIRA E O DIREITO FUNDAMENTAL \u00c0 MORADIA: A CUEM COMO INSTRUMENTO DE POL\u00cdTICA URBANA&#8221;<\/a><\/p>\r\n<p><strong>05\/06\/2024<\/strong> &#8211; DANIEL HIROYUKI VATANABE &#8211; <a href=\"https:\/\/www.uninter.com\/mestrado\/wp-content\/uploads\/2025\/05\/DEF02.T2022DANIELVATANABE.junho05Jailson-2024.pdf\">&#8220;A TUTELA JURISDICIONAL DO CONSUMIDOR SUPERENDIVIDADO&#8221;<\/a><br \/><br \/><strong>02\/07\/2024<\/strong> &#8211; MIRIAN RAMOS NOGUEIRA &#8211; <a href=\"https:\/\/www.uninter.com\/mestrado\/wp-content\/uploads\/2025\/05\/DEF04.T2023MIRIANNOGUEIRA.julho02Estefania-2024.pdf\">&#8220;O IMPACTO DESPROPORCIONAL DA REFORMA DA PREVID\u00caNCIA SOB A AN\u00c1LISE DA PERSPECTIVA DE G\u00caNERO NO BRASIL&#8221;<\/a><\/p>\r\n<p><strong>05\/07\/2024<\/strong> &#8211; LUCAS MATEUS TEIXEIRA DE LIMA &#8211; <a href=\"https:\/\/www.uninter.com\/mestrado\/wp-content\/uploads\/2025\/05\/DEF03.T2023LUCASLIMA.julho05Rui-2024-1.pdf\">&#8220;BUSCA PESSOAL: UMA CR\u00cdTICA DOUTRIN\u00c1RIA, PRINCIPIOL\u00d3GICA, RACIAL E JURISPRUDENCIAL DA FUNDADA SUSPEITA&#8221;<\/a><\/p>\r\n<p><strong>05\/07\/2024<\/strong> &#8211; PHILIPE AUGUSTO MICALOSKI KOWALSKI &#8211; <a href=\"https:\/\/www.uninter.com\/mestrado\/wp-content\/uploads\/2025\/05\/DEF05.T2023PHILIPEKOWALSKI.julho05Walter-2024.pdf\">&#8220;AS POSTURAS MUNICIPAIS DE CURITIBA ENTRE 1820-1860: UMA AN\u00c1LISE DA REGULA\u00c7\u00c3O DOS COMPORTAMENTOS&#8221;<\/a><\/p>\r\n<p><strong>10\/07\/2024<\/strong> &#8211; FERNANDA TORTATO CARNEIRO FERRAZ &#8211; <a href=\"https:\/\/www.uninter.com\/mestrado\/wp-content\/uploads\/2025\/05\/DEF06.T2023FERNANDAFERRAZ.julho10Doacir-2024.pdf\">&#8220;TRANSI\u00c7\u00d5ES DE GOVERNO FEDERAL NO BRASIL (2016-2022) E A VIOLA\u00c7\u00c3O DOS DIREITOS FUNDAMENTAS NA SEGURAN\u00c7A P\u00daBLICA E NO SISTEMA PRISIONAL&#8221;<\/a><\/p>\r\n<p><strong>16\/08\/2024<\/strong> &#8211; BRUNO RAFAEL SIIONI SILVA &#8211; <a href=\"https:\/\/www.uninter.com\/mestrado\/wp-content\/uploads\/2025\/05\/DEF07.T2023BRUNOSIMIONI.agosto16Alexandre-2024.pdf\">&#8220;O CASO ROBINHO &#8211; DO CUMPRUMENTO DE DECIS\u00c3O PENAL CONDENAT\u00d3RIA ESTRANGEIRA NO BRASIL: ERROS DO SUPERIOR TRIBUNAL DE JUSTI\u00c7A (STJ) NA HOMOLOGA\u00c7\u00c3O DA DECIS\u00c3O ITALIANA&#8221;<\/a><\/p>\r\n<p><strong>23\/08\/2024<\/strong> &#8211; CHAIANE REBECA SILVA DE SOUSA &#8211; <a href=\"https:\/\/www.uninter.com\/mestrado\/wp-content\/uploads\/2025\/05\/DEF08.T2023CHAIANESOUSA.agosto23Doacir-2024.pdf\">&#8220;A EFETIVA\u00c7\u00c3O DOS DIREITOS HUMANOS PARA A PROTE\u00c7\u00c3O DOS UCRANIANOS REFUGIADOS NO BRASIL&#8221;<\/a><\/p>\r\n<p><strong>19\/11\/2024<\/strong> &#8211; JENIFER MANFRIN DOS SANTOS &#8211; <a href=\"https:\/\/www.uninter.com\/mestrado\/wp-content\/uploads\/2025\/05\/DEF09.T2023JENNIFERMANFRIN.novembro19Jailson-2024.pdf\">&#8220;A ULTILIZA\u00c7\u00c3O DA INTELIG\u00caNCIA ARTIFICIAL NO JULGAMENTO DE CASOS SIMPLES PARA A PROMO\u00c7\u00c3O DA CELERIDADE PROCESSUAL NOS JUIZADOS ESPECIAIS C\u00cdVEIS&#8221;<\/a><\/p>\r\n<p><strong>22\/11\/2024<\/strong> &#8211; DIEGO DOS REIS &#8211; <a href=\"https:\/\/www.uninter.com\/mestrado\/wp-content\/uploads\/2025\/05\/DEF10.T2023DIEGOREIS.novembro22Daniel-2024.pdf\">&#8220;A S\u00daMULA 665\/STJ E O CONTROLE JUDICIAL DA RESPONSABILIZA\u00c7\u00c3O ADMINISTRATIVA DISCIPLINAR&#8221;<\/a><\/p>\r\n<p><strong>11\/12\/2024<\/strong> &#8211; VALDEMIR ANSELMO PONTER &#8211; <a href=\"https:\/\/www.uninter.com\/mestrado\/wp-content\/uploads\/2025\/05\/DEF11.T2023VALDEMIRPONTES.dezembro11Andre-2024.pdf\">&#8220;CRIMINOLOGIA CONTEMPOR\u00c2NEA E MUNDO DO TRABALHO: PROPOSTA DE PENA DIVERSA DA PRIVATIVA DE LIBERDADE PARA CRIMES COMENTIDOS SEM DOLO DIREITO&#8221;<\/a><\/p>\r\n<p><strong>17\/12\/2024<\/strong> &#8211; DAIANE MEDINO WOTKOSKI &#8211; <a href=\"https:\/\/www.uninter.com\/mestrado\/wp-content\/uploads\/2025\/05\/DEF12.T2023DAIANEMEDINO.dezembro17Jailson-2024-1.pdf\">&#8220;O PAPEL DA INTELIG\u00caNCIA ARTIFICIAL NA JURISDI\u00c7\u00c3O CONTEMPOR\u00c2NEA: ULTILIZA\u00c7\u00c3O DE DECIS\u00d5ES JUDICIAIS, EFICI\u00caNCIA E DESAFIOS NO STF&#8221;<\/a><\/p>\r\n<p>&nbsp;<\/p>\r\n<p>&nbsp;<\/p>\r\n<p>&nbsp;<\/p>\r\n","protected":false},"excerpt":{"rendered":"<p>BANCAS DE DEFESA (EDITAIS) 2025 09\/05\/2025 &#8211; LUCAS URBANAVICIUS MARQUES &#8211; &#8220;A SECULARIZA\u00c7\u00c3O DO REGISTRO CIVIL NO BRASIL COMO FERRAMENTA PARA CONSTRU\u00c7\u00c3O DO ESTADO BRASILEIRO: DOS REGISTROS ECLESI\u00c1TICOS AO DECRETO N\u00ba 5.604, DE 25 DE ABRIL DE 1874&#8221; 2024 05\/06\/2024 &#8211; ALCELI RIBEIRO ALVES &#8211; &#8220;URBANIZA\u00c7\u00c3O BRASILEIRA E O DIREITO FUNDAMENTAL \u00c0 MORADIA: A CUEM [&hellip;]<\/p>\n","protected":false},"author":1,"featured_media":0,"parent":0,"menu_order":0,"comment_status":"closed","ping_status":"closed","template":"templates\/page-curso-mestrado-direito.php","meta":{"footnotes":""},"class_list":["post-4126","page","type-page","status-publish","hentry","post"],"_links":{"self":[{"href":"https:\/\/uninter.com\/mestrado\/wp-json\/wp\/v2\/pages\/4126","targetHints":{"allow":["GET"]}}],"collection":[{"href":"https:\/\/uninter.com\/mestrado\/wp-json\/wp\/v2\/pages"}],"about":[{"href":"https:\/\/uninter.com\/mestrado\/wp-json\/wp\/v2\/types\/page"}],"author":[{"embeddable":true,"href":"https:\/\/uninter.com\/mestrado\/wp-json\/wp\/v2\/users\/1"}],"replies":[{"embeddable":true,"href":"https:\/\/uninter.com\/mestrado\/wp-json\/wp\/v2\/comments?post=4126"}],"version-history":[{"count":7,"href":"https:\/\/uninter.com\/mestrado\/wp-json\/wp\/v2\/pages\/4126\/revisions"}],"predecessor-version":[{"id":4459,"href":"https:\/\/uninter.com\/mestrado\/wp-json\/wp\/v2\/pages\/4126\/revisions\/4459"}],"wp:attachment":[{"href":"https:\/\/uninter.com\/mestrado\/wp-json\/wp\/v2\/media?parent=4126"}],"curies":[{"name":"wp","href":"https:\/\/api.w.org\/{rel}","templated":true}]}}