{"id":408,"date":"2018-02-23T14:13:11","date_gmt":"2018-02-23T17:13:11","guid":{"rendered":"https:\/\/www.uninter.com\/mestrado\/?page_id=408"},"modified":"2022-04-13T17:14:36","modified_gmt":"2022-04-13T20:14:36","slug":"mestrado-profissional-em-educacao-e-novas-tecnologias-revistas","status":"publish","type":"page","link":"https:\/\/uninter.com\/mestrado\/mestrado-profissional-em-educacao-e-novas-tecnologias-revistas\/","title":{"rendered":"Educa\u00e7\u00e3o &#8211; Revistas"},"content":{"rendered":"<div class=\"capa-revista\">\n<h2>REVISTA INTERSABERES<\/h2>\n<p>&nbsp;<\/p>\n<\/div>\n<div class=\"capa-revista\">\n<p><span lang=\"PT-BR\">A Revista Intersaberes \u00e9 um peri\u00f3dico cient\u00edfico quadrimestral organizado pelo Programa de P\u00f3s-Gradua\u00e7\u00e3o\u00a0e Novas Tecnologias, ISSN 1809-7286, publicado ininterruptamente desde 2006. Sua\u00a0miss\u00e3o \u00e9 fomentar a produ\u00e7\u00e3o e a dissemina\u00e7\u00e3o de pesquisas e abordagens cient\u00edficas em Educa\u00e7\u00e3o e Novas Tecnologias, com o objetivo de atender a um vasto p\u00fablico por meio de trabalhos relevantes que possibilitam a troca e discuss\u00f5es das produ\u00e7\u00f5es cient\u00edficas. Linha Editorial: Educa\u00e7\u00e3o com foco em\u00a0Forma\u00e7\u00e3o Docente e Novas Tecnologias, com a publica\u00e7\u00e3o trabalhos originais como artigos, entrevistas e resenhas. Conta com Comit\u00eas Cient\u00edficos Nacional e Internacional formados por renomados pesquisadores, al\u00e9m disso recebe o apoio de editores\u00a0<i>ad hoc<\/i>\u00a0de diferentes institui\u00e7\u00f5es universit\u00e1rias.\u00a0Na \u00faltima avalia\u00e7\u00e3o da CAPES \u2013 Qualis Peri\u00f3dicos 2013-2016 &#8211; obteve o conceito B-3 em Educa\u00e7\u00e3o. Atualmente est\u00e1 indexada nas seguintes bases de dados e indexadores: LATINDEX; DOI; PKP \u2013 PUBLIC KNOWLEDGE PROJECT; ABEC; FEPAE; PORTAL PERI\u00d3DICOS CAPES; DIADORIM; CZ3; GOOGLE; CORUJA; PUBLONS; SUM\u00c1RIOS; SCILIT.<\/span><\/p>\n<p><span lang=\"PT-BR\">Para conhecer nosso peri\u00f3dico clique <a href=\"https:\/\/www.revistasuninter.com\/intersaberes\/index.php\/revista\">aqui<\/a>. <\/span><\/p>\n<p><a href=\"https:\/\/www.revistasuninter.com\/intersaberes\/index.php\/revista\"><span lang=\"PT-BR\">https:\/\/www.uninter.com\/intersaberes\/index.php\/revista\/<\/span><\/a><\/p>\n<\/div>\n<div class=\"capa-revista\"><\/div>\n<div class=\"capa-revista\"><\/div>\n<div class=\"capa-revista\"><\/div>\n","protected":false},"excerpt":{"rendered":"<p>REVISTA INTERSABERES &nbsp; A Revista Intersaberes \u00e9 um peri\u00f3dico cient\u00edfico quadrimestral organizado pelo Programa de P\u00f3s-Gradua\u00e7\u00e3o\u00a0e Novas Tecnologias, ISSN 1809-7286, publicado ininterruptamente desde 2006. Sua\u00a0miss\u00e3o \u00e9 fomentar a produ\u00e7\u00e3o e a dissemina\u00e7\u00e3o de pesquisas e abordagens cient\u00edficas em Educa\u00e7\u00e3o e Novas Tecnologias, com o objetivo de atender a um vasto p\u00fablico por meio de trabalhos [&hellip;]<\/p>\n","protected":false},"author":3,"featured_media":0,"parent":0,"menu_order":0,"comment_status":"closed","ping_status":"closed","template":"page-curso-mestrado-educacao.php","meta":{"footnotes":""},"class_list":["post-408","page","type-page","status-publish","hentry","post"],"_links":{"self":[{"href":"https:\/\/uninter.com\/mestrado\/wp-json\/wp\/v2\/pages\/408","targetHints":{"allow":["GET"]}}],"collection":[{"href":"https:\/\/uninter.com\/mestrado\/wp-json\/wp\/v2\/pages"}],"about":[{"href":"https:\/\/uninter.com\/mestrado\/wp-json\/wp\/v2\/types\/page"}],"author":[{"embeddable":true,"href":"https:\/\/uninter.com\/mestrado\/wp-json\/wp\/v2\/users\/3"}],"replies":[{"embeddable":true,"href":"https:\/\/uninter.com\/mestrado\/wp-json\/wp\/v2\/comments?post=408"}],"version-history":[{"count":6,"href":"https:\/\/uninter.com\/mestrado\/wp-json\/wp\/v2\/pages\/408\/revisions"}],"predecessor-version":[{"id":2588,"href":"https:\/\/uninter.com\/mestrado\/wp-json\/wp\/v2\/pages\/408\/revisions\/2588"}],"wp:attachment":[{"href":"https:\/\/uninter.com\/mestrado\/wp-json\/wp\/v2\/media?parent=408"}],"curies":[{"name":"wp","href":"https:\/\/api.w.org\/{rel}","templated":true}]}}