{"id":406,"date":"2018-02-23T14:12:50","date_gmt":"2018-02-23T17:12:50","guid":{"rendered":"https:\/\/www.uninter.com\/mestrado\/?page_id=406"},"modified":"2025-06-04T09:48:00","modified_gmt":"2025-06-04T12:48:00","slug":"mestrado-profissional-em-educacao-e-novas-tecnologias-iternacionalizacao","status":"publish","type":"page","link":"https:\/\/uninter.com\/mestrado\/mestrado-profissional-em-educacao-e-novas-tecnologias-iternacionalizacao\/","title":{"rendered":"Educa\u00e7\u00e3o &#8211; Internacionaliza\u00e7\u00e3o"},"content":{"rendered":"<h1><!-- a href=\"https:\/\/www.uninter.com\/mestrado\/wp-content\/uploads\/2018\/09\/RESULTADO-FINAL.pdf\">Resultado Final processo seletivo Internacionaliza\u00e7\u00e3o<\/a>\n\n<a href=\"https:\/\/www.uninter.com\/mestrado\/wp-content\/uploads\/2018\/09\/Rela\u00e7\u00e3o-dos-Classificados-para-Etapa-de-Entrevista.pdf\">Resultado Terceira Etapa - Prova Profici\u00eancia<\/a>\n\n<a href=\"https:\/\/www.uninter.com\/mestrado\/wp-content\/uploads\/2018\/08\/Edital-04_2018-Processo-Seletivo-Interc\u00e2mbio-de-Mestrado-de-Educa\u00e7\u00e3o-2018..pdf\">Edital Processo Seletivo Interc\u00e2mbio de Mestrado de Educa\u00e7\u00e3o 2018.<\/a>\n\n&nbsp;\n-->Internacionaliza\u00e7\u00e3o<\/h1>\n<p class=\"x_MsoNormal\" data-olk-copy-source=\"MessageBody\">No que diz respeito \u00e0 internacionaliza\u00e7\u00e3o, a Uninter possui um setor pr\u00f3prio que se dedica a apoiar a\u00e7\u00f5es de car\u00e1ter internacional. Seu principal prop\u00f3sito, de acordo com a premissa da Resolu\u00e7\u00e3o 339\/2018, \u00e9 tornar a institui\u00e7\u00e3o uma refer\u00eancia nacional em internacionaliza\u00e7\u00e3o do ensino superior no cen\u00e1rio brasileiro.<br \/>\nAs atividades de internacionaliza\u00e7\u00e3o s\u00e3o de forte interesse para o nosso programa, entende-se que a inser\u00e7\u00e3o de docentes e estudantes em cen\u00e1rios internacionais de pesquisa contribui para o avan\u00e7o dos trabalhos desenvolvidos no programa, sendo um fator relevante para o crescimento da sua qualidade. Neste sentido, apresentamos diversas evid\u00eancias dessas a\u00e7\u00f5es, que envolvem publica\u00e7\u00f5es, participa\u00e7\u00f5es em eventos, parcerias institucionais e outras a\u00e7\u00f5es de pesquisa e ensino realizadas por nossos estudantes e professores. As metas estabelecidas s\u00e3o:<br \/>\na. promover a mobilidade de docentes e discentes do programa por meio de programas do tipo \u201csandu\u00edche\u201d, est\u00e1gios de p\u00f3s-doutoramento, visitas t\u00e9cnicas e outras a\u00e7\u00f5es de curta dura\u00e7\u00e3o;<br \/>\nb. estimular a participa\u00e7\u00e3o dos docentes do programa em bancas, eventos e projetos de pesquisa realizados por institui\u00e7\u00f5es de outros pa\u00edses;<br \/>\nc. receber estudantes estrangeiros para estudar em nosso programa;<br \/>\nd. receber pesquisadores estrangeiros para participar de bancas, eventos e projetos de pesquisa de nossa institui\u00e7\u00e3o;<br \/>\ne. desenvolver parcerias para a realiza\u00e7\u00e3o de programa de professor visitante.<br \/>\nO colegiado do curso realiza uma avalia\u00e7\u00e3o anual das a\u00e7\u00f5es e prop\u00f5e medidas de incremento que conduzem ao alcance das metas.<\/p>\n<p class=\"x_MsoNormal\">Destaca-se a seguir as a\u00e7\u00f5es realizadas durante o quadri\u00eanio: <a href=\"https:\/\/www.uninter.com\/mestrado\/wp-content\/uploads\/2025\/06\/Internacionalizacao-2021-2024.pdf\">Internacionaliza\u00e7\u00e3o 2021-2024<\/a><\/p>\n","protected":false},"excerpt":{"rendered":"<p>Internacionaliza\u00e7\u00e3o No que diz respeito \u00e0 internacionaliza\u00e7\u00e3o, a Uninter possui um setor pr\u00f3prio que se dedica a apoiar a\u00e7\u00f5es de car\u00e1ter internacional. Seu principal prop\u00f3sito, de acordo com a premissa da Resolu\u00e7\u00e3o 339\/2018, \u00e9 tornar a institui\u00e7\u00e3o uma refer\u00eancia nacional em internacionaliza\u00e7\u00e3o do ensino superior no cen\u00e1rio brasileiro. As atividades de internacionaliza\u00e7\u00e3o s\u00e3o de forte [&hellip;]<\/p>\n","protected":false},"author":3,"featured_media":0,"parent":0,"menu_order":0,"comment_status":"closed","ping_status":"closed","template":"page-curso-mestrado-educacao.php","meta":{"footnotes":""},"class_list":["post-406","page","type-page","status-publish","hentry","post"],"_links":{"self":[{"href":"https:\/\/uninter.com\/mestrado\/wp-json\/wp\/v2\/pages\/406","targetHints":{"allow":["GET"]}}],"collection":[{"href":"https:\/\/uninter.com\/mestrado\/wp-json\/wp\/v2\/pages"}],"about":[{"href":"https:\/\/uninter.com\/mestrado\/wp-json\/wp\/v2\/types\/page"}],"author":[{"embeddable":true,"href":"https:\/\/uninter.com\/mestrado\/wp-json\/wp\/v2\/users\/3"}],"replies":[{"embeddable":true,"href":"https:\/\/uninter.com\/mestrado\/wp-json\/wp\/v2\/comments?post=406"}],"version-history":[{"count":11,"href":"https:\/\/uninter.com\/mestrado\/wp-json\/wp\/v2\/pages\/406\/revisions"}],"predecessor-version":[{"id":4463,"href":"https:\/\/uninter.com\/mestrado\/wp-json\/wp\/v2\/pages\/406\/revisions\/4463"}],"wp:attachment":[{"href":"https:\/\/uninter.com\/mestrado\/wp-json\/wp\/v2\/media?parent=406"}],"curies":[{"name":"wp","href":"https:\/\/api.w.org\/{rel}","templated":true}]}}