{"id":3394,"date":"2023-11-22T15:39:51","date_gmt":"2023-11-22T18:39:51","guid":{"rendered":"https:\/\/www.uninter.com\/mestrado\/?page_id=3394"},"modified":"2025-06-04T10:21:24","modified_gmt":"2025-06-04T13:21:24","slug":"processo-seletivo-interno-doutorado-sanduiche","status":"publish","type":"page","link":"https:\/\/uninter.com\/mestrado\/doutorado-profissional-em-educacao-e-novas-tecnologias\/processo-seletivo-interno-doutorado-sanduiche\/","title":{"rendered":"processo seletivo interno doutorado sanduiche"},"content":{"rendered":"<h1>PROCESSO SELETIVO INTERNO<\/h1>\n<h1>DOUTORADO SANDU\u00cdCHE<\/h1>\n<h1>2024\/01<\/h1>\n<p><a href=\"https:\/\/www.uninter.com\/mestrado\/wp-content\/uploads\/2023\/12\/RESULTADO_EDITAL_SELE\u00c7\u00c3O-INTERNA-PARA-CANDIDATURA-DO-PROGRAMA-DE-DOUTORADO-SANDU\u00cdCHE-NO-EXTERIOR-2024.pdf\">RESULTADO DO PROCESSO DE SELE\u00c7\u00c3O INTERNA PARA CANDIDATURA AO PROGRAMA DE DOUTORADO SANDU\u00cdCHE NO EXTERIOR<\/a><\/p>\n<p><a href=\"https:\/\/www.uninter.com\/mestrado\/wp-content\/uploads\/2023\/11\/EDITAL_SELE\u00c7\u00c3O-INTERNA-PARA-CANDIDATURA-DO-PROGRAMA-DE-DOUTORADO-SANDU\u00cdCHE-NO-EXTERIOR-2024-1.pdf\">EDITAL DO\u00a0PROCESSO DE SELE\u00c7\u00c3O INTERNA PARA CANDIDATURA AO PROGRAMA DE DOUTORADO SANDU\u00cdCHE NO EXTERIOR<\/a><\/p>\n<h1>2023<\/h1>\n<p><a href=\"https:\/\/www.uninter.com\/mestrado\/wp-content\/uploads\/2023\/11\/RESULTADO_EDITAL_SELE\u00c7\u00c3O-INTERNA-PARA-CANDIDATURA-DO-PROGRAMA-DE-DOUTORADO-SANDU\u00cdCHE-NO-EXTERIOR-2023.pdf\">RESULTADO DO PROCESSO DE SELE\u00c7\u00c3O INTERNA PARA CANDIDATURA AO PROGRAMA DE DOUTORADO SANDU\u00cdCHE NO EXTERIOR<\/a><\/p>\n<p><a href=\"https:\/\/www.uninter.com\/mestrado\/wp-content\/uploads\/2023\/11\/EDITAL_SELE\u00c7\u00c3O-INTERNA-PARA-CANDIDATURA-DO-PROGRAMA-DE-DOUTORADO-SANDU\u00cdCHE-NO-EXTERIOR-2023.pdf\">EDITAL DO\u00a0PROCESSO DE SELE\u00c7\u00c3O INTERNA PARA CANDIDATURA AO PROGRAMA DE DOUTORADO SANDU\u00cdCHE NO EXTERIOR<\/a><\/p>\n","protected":false},"excerpt":{"rendered":"<p>PROCESSO SELETIVO INTERNO DOUTORADO SANDU\u00cdCHE 2024\/01 RESULTADO DO PROCESSO DE SELE\u00c7\u00c3O INTERNA PARA CANDIDATURA AO PROGRAMA DE DOUTORADO SANDU\u00cdCHE NO EXTERIOR EDITAL DO\u00a0PROCESSO DE SELE\u00c7\u00c3O INTERNA PARA CANDIDATURA AO PROGRAMA DE DOUTORADO SANDU\u00cdCHE NO EXTERIOR 2023 RESULTADO DO PROCESSO DE SELE\u00c7\u00c3O INTERNA PARA CANDIDATURA AO PROGRAMA DE DOUTORADO SANDU\u00cdCHE NO EXTERIOR EDITAL DO\u00a0PROCESSO DE SELE\u00c7\u00c3O [&hellip;]<\/p>\n","protected":false},"author":1,"featured_media":0,"parent":1322,"menu_order":0,"comment_status":"closed","ping_status":"closed","template":"page-curso-doutorado-educacao.php","meta":{"footnotes":""},"class_list":["post-3394","page","type-page","status-publish","hentry","post"],"_links":{"self":[{"href":"https:\/\/uninter.com\/mestrado\/wp-json\/wp\/v2\/pages\/3394","targetHints":{"allow":["GET"]}}],"collection":[{"href":"https:\/\/uninter.com\/mestrado\/wp-json\/wp\/v2\/pages"}],"about":[{"href":"https:\/\/uninter.com\/mestrado\/wp-json\/wp\/v2\/types\/page"}],"author":[{"embeddable":true,"href":"https:\/\/uninter.com\/mestrado\/wp-json\/wp\/v2\/users\/1"}],"replies":[{"embeddable":true,"href":"https:\/\/uninter.com\/mestrado\/wp-json\/wp\/v2\/comments?post=3394"}],"version-history":[{"count":7,"href":"https:\/\/uninter.com\/mestrado\/wp-json\/wp\/v2\/pages\/3394\/revisions"}],"predecessor-version":[{"id":4482,"href":"https:\/\/uninter.com\/mestrado\/wp-json\/wp\/v2\/pages\/3394\/revisions\/4482"}],"up":[{"embeddable":true,"href":"https:\/\/uninter.com\/mestrado\/wp-json\/wp\/v2\/pages\/1322"}],"wp:attachment":[{"href":"https:\/\/uninter.com\/mestrado\/wp-json\/wp\/v2\/media?parent=3394"}],"curies":[{"name":"wp","href":"https:\/\/api.w.org\/{rel}","templated":true}]}}