{"id":3341,"date":"2023-09-26T17:17:11","date_gmt":"2023-09-26T20:17:11","guid":{"rendered":"https:\/\/www.uninter.com\/mestrado\/?page_id=3341"},"modified":"2026-02-10T08:18:31","modified_gmt":"2026-02-10T11:18:31","slug":"doutorado_educacao_produtos","status":"publish","type":"page","link":"https:\/\/uninter.com\/mestrado\/doutorado_educacao_produtos\/","title":{"rendered":"doutorado_educacao_produtos"},"content":{"rendered":"<h1 style=\"text-align: center;\"><strong>BANCO DE PRODUTOS<\/strong><\/h1>\n<h2><strong>Turma 2023<\/strong><\/h2>\n<p>MARGARETE TEREZINHA DE ANDRADE COSTA<br \/>\nPRODUTO DA TESE: <a href=\"https:\/\/www.uninter.com\/mestrado\/wp-content\/uploads\/2026\/02\/Versao-final-produto_Marilete-Pinto-de-Oliveira.pdf\">ROTEIRO DID\u00c1TICO-PEDAG\u00d3GICO<\/a><\/p>\n<p>MARIL\u00c9TE PINTO DE OLIVEIRA<br \/>\nPRODUTO DA TESE: <a href=\"https:\/\/www.uninter.com\/mestrado\/wp-content\/uploads\/2026\/02\/Versao-final-produto_Marilete-Pinto-de-Oliveira-1.pdf\">EDUCADMIN &#8211; SISTEMA EDUCACIONAL<\/a><\/p>\n<p>NELIVA TEREZINHA TESSARO<br \/>\nT\u00cdTULO: <a href=\"https:\/\/www.uninter.com\/mestrado\/wp-content\/uploads\/2025\/02\/PRODUTO-FINAL-DA-TESE-NELIVA-TEREZINHA-TESSARO.pdf\">ROTEIRO EDUCACIONAL APLICADO \u00c0 FORMA\u00c7\u00c3O DE TECNOLOGIA EM GEST\u00c3O DE NEG\u00d3CIOS IMOBILI\u00c1RIOS<\/a><\/p>\n<h2>Turma 2022<\/h2>\n<p><span data-olk-copy-source=\"MessageBody\">CLEBER BIANCHESSI<br \/>\n<\/span>PRODUTO DA TESE: <a href=\"https:\/\/www.uninter.com\/mestrado\/wp-content\/uploads\/2025\/02\/Produto-Final-da-Tese_Cleber-Bianchessi.pdf\">ROTEIRO PARA REALIZAR PESQUISA SOBRE REDES SOCIAIS DIGITAIS PELOS PESQUISADORES INICIANTES: PRESSUPOSTOS DA TEORIA DA A\u00c7\u00c3O COMUNICATIVA DE HABERMAS<\/a><\/p>\n<p>MARIA ALDINETE DE ALMEIDA REINALDI<br \/>\nT\u00cdTULO: \u201c<a href=\"https:\/\/www.uninter.com\/mestrado\/wp-content\/uploads\/2024\/06\/Produto-da-Tese_-Maria-Aldinete-de-Almeida-Reinaldi.pdf\">FORMA\u00c7\u00c3O DOCENTE PARA O USO DA GAMIFICA\u00c7\u00c3O NO ENSINO SUPERIOR DE CI\u00caNCIAS CONT\u00c1BEIS<\/a>\u201d<\/p>\n<h2>Turma 2021<\/h2>\n<p>ALCELYR VALLE DA COSTA NETO<br \/>\nPRODUTO DA TESE: \u201c<a href=\"https:\/\/www.uninter.com\/mestrado\/wp-content\/uploads\/2023\/09\/Produto-Final-da-Tese_Alcelyr-Valle-da-Costa-Neto.pdf\">PR\u00c1TICA PEDAG\u00d3GICA MAKER NO CONTEXTO DOCENTE P\u00d3S-PAND\u00caMICO DO ENSINO JUR\u00cdDICO<\/a>\u201d<\/p>\n<p>ENNIO ALVES DE SOUSA ANDRADE LIMA<br \/>\nPRODUTO DA TESE: \u201c<a href=\"https:\/\/www.uninter.com\/mestrado\/wp-content\/uploads\/2023\/09\/Produto-Final_Ennio-Alves-de-Sousa-Andrade-Lima.pdf\">I3A2M2 \u2013 FRAMEWORK DE AVALIA\u00c7\u00c3O DE PR\u00c1TICA PEDAG\u00d3GICA COM TDIC<\/a>\u201d<\/p>\n<p>ELO\u00cdZA MARIA DO SACRAMENTO<br aria-hidden=\"true\" \/>PRODUTO DA TESE:\u00a0\u201c<a href=\"https:\/\/www.uninter.com\/mestrado\/wp-content\/uploads\/2023\/12\/Produto-Final_Eloiza-Sacramento.pdf\">EDUCA\u00c7\u00c3O NO TR\u00c2NSITO: 2020-2022 &#8211; RELAT\u00d3RIO T\u00c9CNICO SOBRE OS EVENTOS \u201cMAIO AMARELO\u201d E \u201cSEMANA NACIONAL DE TR\u00c2NSITO<\/a>\u201d<\/p>\n<p>FERNANDA RIBAS MIRA FERREIRA<br aria-hidden=\"true\" \/>PRODUTO DA DISSERTA\u00c7\u00c3O:\u00a0\u201c<a href=\"https:\/\/www.uninter.com\/mestrado\/wp-content\/uploads\/2023\/12\/Produto-final-da-Disserta\u00e7\u00e3o_Fernanda-Ribas-Mira-Ferreira.pdf\">PROPOSTA DE CURSO DE EXTENS\u00c3O &#8211; TROCAS DE SABERES DOCENTES<\/a>\u201d<\/p>\n<p><span data-olk-copy-source=\"MessageBody\">JONAS RAFAEL NIKOLAY<br \/>\n<\/span>PRODUTO DA TESE:<b>\u00a0<\/b><span class=\"x_MsoHyperlink\">\u201c<a href=\"https:\/\/www.uninter.com\/mestrado\/wp-content\/uploads\/2025\/02\/Produto-Final_Jonas_Rafael_Nikolay.pdf\">INTEGRA\u00c7\u00c3O DAS TECNOLOGIAS DIGITAIS NO PROCESSO DE AVALIA\u00c7\u00c3O DA APRENDIZAGEM: UM FRAMEWORK AVALIATIVO PARA OS ANOS FINAIS DO ENSINO FUNDAMENTAL<\/a>\u201d<\/span><\/p>\n<p>LEANDRO DE ALMEIDA<br \/>\nPRODUTO DA TESE: \u201c<a href=\"https:\/\/www.uninter.com\/mestrado\/wp-content\/uploads\/2024\/06\/Produto-da-Tese_Leandro-de-Almeida.pdf\">PROEDUDIG &#8211; PROTOCOLO PARA EDUCA\u00c7\u00c3O RURAL DIGITAL<\/a>\u201d<\/p>\n<p>MARIA CRISTINA DA CONCEI\u00c7\u00c3O OLIVEIRA<br \/>\nPRODUTO DA TESE:\u00a0<span class=\"x_MsoHyperlink\">\u201c<a href=\"https:\/\/www.uninter.com\/mestrado\/wp-content\/uploads\/2025\/02\/PRODUTO-DA-TESE_MARIA-CRISTINA-DA-CONCEI\u00c7\u00c3O-OLIVEIRA.pdf\">DAS PR\u00c1TICAS PEDAG\u00d3GICAS PARA AS RELA\u00c7\u00d5ES \u00c9TNICO-RACIAIS NA EJA: CADERNO PEDAG\u00d3GICO COM PROPOSTAS\u00a0DE OFICINAS ANTIRRACISTAS<\/a><\/span><span class=\"x_MsoHyperlink\">\u201d<\/span><\/p>\n<p>MARIA I\u00caDA DA SILVA<br \/>\nPRODUTO DA TESE: \u201c<a href=\"https:\/\/www.uninter.com\/mestrado\/wp-content\/uploads\/2024\/08\/Produto-Final-da-Tese_MARIA-I\u00caDA-DA-SILVA.pdf\">CURSO DE EXTENS\u00c3O CONECTIVISMO E APRENDIZAGEM EM REDE<\/a>\u201d<\/p>\n<p>S\u00c2MMYA FARIA ADONA LEITE<br \/>\nPRODUTO DA TESE: \u201c<a href=\"https:\/\/www.uninter.com\/mestrado\/wp-content\/uploads\/2023\/09\/PRODUTO-FINAL-DA-TESE_S\u00c2MMYA-FARIA-ADONA-LEITE.pdf\">DICION\u00c1RIO ON LINE NECESS\u00c1RIO PARA UMA FORMA\u00c7\u00c3O INICIAL DOCENTE (RE)SIGNIFICADA<\/a>\u201d<\/p>\n<p>T\u00c2NIA APARECIDA SOARES<br \/>\nPRODUTO DA TESE: \u201c<a href=\"https:\/\/www.uninter.com\/mestrado\/wp-content\/uploads\/2023\/09\/Vers\u00e3o-Final_Produto-Doutorado_T\u00e2nia-Aparecida-Soares.pdf\">USO DE SIMULADOR NA AVALIA\u00c7\u00c3O EXTERNA INSTITUCIONAL E DE CURSOS DE GRADUA\u00c7\u00c3O NO BRASIL<\/a>\u201d<\/p>\n<h2>Turma 2020<\/h2>\n<p class=\"x_MsoNormal\"><span data-olk-copy-source=\"MessageBody\">ANDRE ROBERTO GUERRA<br \/>\n<\/span>PRODUTO DA TESE: <a href=\"https:\/\/www.uninter.com\/mestrado\/wp-content\/uploads\/2024\/11\/Produto-da-Tese-Final_Andr\u00e9-Roberto-Guerra.pdf\">FRAMEWORK PARA ELABORA\u00c7\u00c3O DE EXPERI\u00caNCIAS DE IMERS\u00c3O COMO FERRAMENTA PARA APRENDIZAGEM EM CI\u00caNCIA DA COMPUTA\u00c7\u00c3O<\/a><\/p>\n<p class=\"x_MsoNormal\">BELENICE KOFFKE BUFF ROTINI<br \/>\nPRODUTO DA TESE:\u00a0<span class=\"x_MsoHyperlink\">\u201c<a href=\"https:\/\/www.uninter.com\/mestrado\/wp-content\/uploads\/2024\/04\/Produto-da-Tese_Belenice-Koffke-Buff-Rotini.pdf\">PROGRAMA DE FORMA\u00c7\u00c3O CONTINUADA NO ESPA\u00c7O DA ESCOLA: A INSER\u00c7\u00c3O DAS TECNOLOGIAS E AS M\u00cdDIAS DIGITAIS NO PROCESSO DE ALFABETIZA\u00c7\u00c3O<\/a><\/span><span class=\"x_MsoHyperlink\">.\u201d<\/span><\/p>\n<p>DILMA HELOISA SANTOS<br \/>\nPRODUTO DA TESE: \u201c<a href=\"https:\/\/www.uninter.com\/mestrado\/wp-content\/uploads\/2023\/09\/Produto-Final_DILMA-HELOISA-SANTOS.pdf\">A FORMA\u00c7\u00c3O TE\u00d3RICO-PR\u00c1TICA: DESIGN DE SEQU\u00caNCIA DID\u00c1TICA PARA O USO DAS REDES SOCIAIS DIGITAIS COMO G\u00caNERO DISCURSIVO<\/a>\u201d<\/p>\n<p class=\"x_MsoNormal\">HELEN CRISTINA MINARDI BAUMGRATZ<br \/>\nPRODUTO DA TESE:\u00a0<span class=\"x_MsoHyperlink\">\u201c<a href=\"https:\/\/www.uninter.com\/mestrado\/wp-content\/uploads\/2024\/04\/Produto-Final-da-Tese_Helen-Cristina-Minardi-Baumgratz.pdf\">PROPOSTA DE PROTOCOLO DE PROCESSO DE AVALIA\u00c7\u00c3O FORMATIVA EM AMBIENTES VIRTUAIS DE APRENDIZAGEM.<\/a><\/span><span class=\"x_MsoHyperlink\">\u00a0\u201d<\/span><\/p>\n<p>LA\u00cdS BUENO TONIN<br \/>\nPRODUTO DA TESE: \u201c<a href=\"https:\/\/www.uninter.com\/mestrado\/wp-content\/uploads\/2024\/08\/Produto-Final-_-Lai\u0301s-Bueno-Tonin.pdf\">GUIA PARA OFICINA PEDAG\u00d3GICA &#8211; FAKE NEWS NA EDUCA\u00c7\u00c3O: UMA PROPOSTA DE EDUCOMUNICA\u00c7\u00c3O NA LEITURA CR\u00cdTICA DAS PLATAFORMAS DE REDES SOCIAIS DIGITAIS PARA FORMA\u00c7\u00c3O DE PROFESSORES DO ENSINO FUNDAMENTAL<\/a>\u201d<\/p>\n<p class=\"x_MsoNormal\">MATILDE DIAS MARTINS PUPO<br \/>\nPRODUTO DA TESE:\u00a0<span class=\"x_MsoHyperlink\">\u201c<a href=\"https:\/\/www.uninter.com\/mestrado\/wp-content\/uploads\/2024\/04\/Produto-Final-da-Tese_Matilde-Pupo.pdf\">PROGRAMA DE FORMA\u00c7\u00c3O CONTINUADA PARA PROFESSORES DOS CURSOS DE APRENDIZAGEM PROFISSIONAL<\/a><\/span><span class=\"x_MsoHyperlink\">\u201d<\/span><\/p>\n<p>MELANIE BORDIGNON DA CRUZ<br \/>\nPRODUTO DA TESE: <a href=\"https:\/\/www.uninter.com\/mestrado\/wp-content\/uploads\/2023\/09\/PRODUTO-DA-TESE_MELANIE-BORDIGNON-DA-CRUZ.pdf\">LIVRO &#8211; \u201cIDOCENTE: PRODUTO DE APLICABILIDADE PEDAG\u00d3GICA<\/a>\u201d<\/p>\n<p>SIMONE JOS\u00c9 APARECIDA DA SILVA SANTOS<br \/>\nPRODUTO DA TESE: <a href=\"https:\/\/www.uninter.com\/mestrado\/wp-content\/uploads\/2023\/09\/Produto-Final-da-Tese_Simone-Jos\u00e9-Aparecida-da-Silva-Santos.pdf\">A APRENDIZAGEM DA MATEM\u00c1TICA POR MEIO DA PRODU\u00c7\u00c3O DE HIST\u00d3RIAS EM QUADRINHOS<\/a>\u201d<\/p>\n<p>SOLIDIA ELIZABETH DOS SANTOS<br \/>\nPRODUTO DA TESE: \u201c<a href=\"https:\/\/www.uninter.com\/mestrado\/wp-content\/uploads\/2023\/09\/Produto-Final_Tese-_-Solidia-Elizabeth-dos-Santos.pdf\">RESILI\u00caNCIA E SUPERA\u00c7\u00c3O DAS LACUNAS PEGAG\u00d3GICAS E TECNOL\u00d3GICAS DA DOC\u00caNCIA NOS CURSOS DAS \u00c1REAS DE AVALIA\u00c7\u00c3O 27 E 28 DA CAPES<\/a>\u201d<\/p>\n<p class=\"x_MsoNormal\"><span data-olk-copy-source=\"MessageBody\">TIEMI SAITO<br \/>\n<\/span>PRODUTO DA TESE:\u00a0\u201c<a href=\"https:\/\/www.uninter.com\/mestrado\/wp-content\/uploads\/2025\/03\/Vers\u00e3o-Final_Produto_Tiemi-Saito.pdf\">PROJETO PEDAG\u00d3GICO DO CURSO DE BACHARELADO EM DIREITO EAD<\/a><span class=\"x_MsoHyperlink\">\u201d<\/span><\/p>\n","protected":false},"excerpt":{"rendered":"<p>BANCO DE PRODUTOS Turma 2023 MARGARETE TEREZINHA DE ANDRADE COSTA PRODUTO DA TESE: ROTEIRO DID\u00c1TICO-PEDAG\u00d3GICO MARIL\u00c9TE PINTO DE OLIVEIRA PRODUTO DA TESE: EDUCADMIN &#8211; SISTEMA EDUCACIONAL NELIVA TEREZINHA TESSARO T\u00cdTULO: ROTEIRO EDUCACIONAL APLICADO \u00c0 FORMA\u00c7\u00c3O DE TECNOLOGIA EM GEST\u00c3O DE NEG\u00d3CIOS IMOBILI\u00c1RIOS Turma 2022 CLEBER BIANCHESSI PRODUTO DA TESE: ROTEIRO PARA REALIZAR PESQUISA SOBRE REDES [&hellip;]<\/p>\n","protected":false},"author":1,"featured_media":0,"parent":0,"menu_order":0,"comment_status":"closed","ping_status":"closed","template":"page-curso-doutorado-educacao.php","meta":{"footnotes":""},"class_list":["post-3341","page","type-page","status-publish","hentry","post"],"_links":{"self":[{"href":"https:\/\/uninter.com\/mestrado\/wp-json\/wp\/v2\/pages\/3341","targetHints":{"allow":["GET"]}}],"collection":[{"href":"https:\/\/uninter.com\/mestrado\/wp-json\/wp\/v2\/pages"}],"about":[{"href":"https:\/\/uninter.com\/mestrado\/wp-json\/wp\/v2\/types\/page"}],"author":[{"embeddable":true,"href":"https:\/\/uninter.com\/mestrado\/wp-json\/wp\/v2\/users\/1"}],"replies":[{"embeddable":true,"href":"https:\/\/uninter.com\/mestrado\/wp-json\/wp\/v2\/comments?post=3341"}],"version-history":[{"count":12,"href":"https:\/\/uninter.com\/mestrado\/wp-json\/wp\/v2\/pages\/3341\/revisions"}],"predecessor-version":[{"id":4870,"href":"https:\/\/uninter.com\/mestrado\/wp-json\/wp\/v2\/pages\/3341\/revisions\/4870"}],"wp:attachment":[{"href":"https:\/\/uninter.com\/mestrado\/wp-json\/wp\/v2\/media?parent=3341"}],"curies":[{"name":"wp","href":"https:\/\/api.w.org\/{rel}","templated":true}]}}