{"id":319,"date":"2018-02-21T10:51:28","date_gmt":"2018-02-21T13:51:28","guid":{"rendered":"https:\/\/www.uninter.com\/mestrado\/?page_id=319"},"modified":"2025-05-26T13:46:12","modified_gmt":"2025-05-26T16:46:12","slug":"mestrado-profissional-em-educacao-e-novas-tecnologias-disciplinas-obrigatorias","status":"publish","type":"page","link":"https:\/\/uninter.com\/mestrado\/mestrado-profissional-em-educacao-e-novas-tecnologias-disciplinas-obrigatorias\/","title":{"rendered":"Educa\u00e7\u00e3o &#8211; Disciplinas obrigat\u00f3rias"},"content":{"rendered":"<p><a href=\"https:\/\/www.uninter.com\/mestrado\/wp-content\/uploads\/2024\/05\/2\u00b0-Sem.-MESTRADO_OBRIGAT\u00d3RIA_PESQUISA-EM-EDUCA\u00c7\u00c3O_Desir\u00e9-e-Lu\u00eds-Fernando_OK.pdf\">PESQUISA EM EDUCA\u00c7\u00c3O<\/a><br \/>\n<a href=\"https:\/\/www.uninter.com\/mestrado\/wp-content\/uploads\/2021\/06\/1.-OBRIGAT\u00d3RIA_TECNOLOGIAS-EDUCACIONAIS.pdf\">TECNOLOGIAS EDUCACIONAIS<\/a><br \/>\n<a href=\"https:\/\/www.uninter.com\/mestrado\/wp-content\/uploads\/2025\/05\/1_-MESTRADO_OBRIGATORIA_TENDENCIAS-DA-EDUCACAO-CONTEMPORANEA_Glaucia.pdf\">TEND\u00caNCIAS DA EDUCA\u00c7\u00c3O CONTEMPOR\u00c2NEA<\/a><\/p>\n","protected":false},"excerpt":{"rendered":"<p>PESQUISA EM EDUCA\u00c7\u00c3O TECNOLOGIAS EDUCACIONAIS TEND\u00caNCIAS DA EDUCA\u00c7\u00c3O CONTEMPOR\u00c2NEA<\/p>\n","protected":false},"author":3,"featured_media":0,"parent":0,"menu_order":0,"comment_status":"closed","ping_status":"closed","template":"page-curso-mestrado-educacao.php","meta":{"footnotes":""},"class_list":["post-319","page","type-page","status-publish","hentry","post"],"_links":{"self":[{"href":"https:\/\/uninter.com\/mestrado\/wp-json\/wp\/v2\/pages\/319","targetHints":{"allow":["GET"]}}],"collection":[{"href":"https:\/\/uninter.com\/mestrado\/wp-json\/wp\/v2\/pages"}],"about":[{"href":"https:\/\/uninter.com\/mestrado\/wp-json\/wp\/v2\/types\/page"}],"author":[{"embeddable":true,"href":"https:\/\/uninter.com\/mestrado\/wp-json\/wp\/v2\/users\/3"}],"replies":[{"embeddable":true,"href":"https:\/\/uninter.com\/mestrado\/wp-json\/wp\/v2\/comments?post=319"}],"version-history":[{"count":7,"href":"https:\/\/uninter.com\/mestrado\/wp-json\/wp\/v2\/pages\/319\/revisions"}],"predecessor-version":[{"id":4306,"href":"https:\/\/uninter.com\/mestrado\/wp-json\/wp\/v2\/pages\/319\/revisions\/4306"}],"wp:attachment":[{"href":"https:\/\/uninter.com\/mestrado\/wp-json\/wp\/v2\/media?parent=319"}],"curies":[{"name":"wp","href":"https:\/\/api.w.org\/{rel}","templated":true}]}}