{"id":291,"date":"2018-02-21T10:30:40","date_gmt":"2018-02-21T13:30:40","guid":{"rendered":"https:\/\/www.uninter.com\/mestrado\/?page_id=291"},"modified":"2026-02-09T08:17:14","modified_gmt":"2026-02-09T11:17:14","slug":"mestrado-profissional-em-educacao-e-novas-tecnologias-calendario-academico","status":"publish","type":"page","link":"https:\/\/uninter.com\/mestrado\/mestrado-profissional-em-educacao-e-novas-tecnologias-calendario-academico\/","title":{"rendered":"Educa\u00e7\u00e3o &#8211; Calend\u00e1rio acad\u00eamico"},"content":{"rendered":"<h1>Calend\u00e1rio acad\u00eamico<\/h1>\n<p><a href=\"https:\/\/www.uninter.com\/mestrado\/wp-content\/uploads\/2026\/02\/CALENDARIO-ACADEMICO-ANUAL_MESTRADO-e-DOUTORADO_2026.pdf\">CALEND\u00c1RIO ANUAL 2026<\/a><br \/>\n<a href=\"https:\/\/www.uninter.com\/mestrado\/wp-content\/uploads\/2026\/02\/CALENDARIO-QUINZENAL-DE-AULAS-MESTRADO-e-DOUTORADO_1-Semestre-2026.pdf\">Calend\u00e1rio Quinzenal de Aulas \u2013 1\u00ba semestre 2026<\/a><br \/>\n<a href=\"https:\/\/www.uninter.com\/mestrado\/wp-content\/uploads\/2026\/02\/CALENDARIO-QUINZENAL-DE-AULAS_MESTRADO-e-DOUTORADO_2-Semestre-2026.pdf\">Calend\u00e1rio Quinzenal de Aulas \u2013 2\u00ba semestre 2026<\/a><br \/>\n<a href=\"https:\/\/www.uninter.com\/mestrado\/wp-content\/uploads\/2025\/12\/Grade-Horaria_1o-semestre.2026_Mestrado_Turma-_08.2025-e-03.2026.pdf\">Grade Hor\u00e1ria \u2013 1\u00ba semestre 2026 <\/a><\/p>\n","protected":false},"excerpt":{"rendered":"<p>Calend\u00e1rio acad\u00eamico CALEND\u00c1RIO ANUAL 2026 Calend\u00e1rio Quinzenal de Aulas \u2013 1\u00ba semestre 2026 Calend\u00e1rio Quinzenal de Aulas \u2013 2\u00ba semestre 2026 Grade Hor\u00e1ria \u2013 1\u00ba semestre 2026<\/p>\n","protected":false},"author":3,"featured_media":0,"parent":0,"menu_order":0,"comment_status":"closed","ping_status":"closed","template":"page-curso-mestrado-educacao.php","meta":{"footnotes":""},"class_list":["post-291","page","type-page","status-publish","hentry","post"],"_links":{"self":[{"href":"https:\/\/uninter.com\/mestrado\/wp-json\/wp\/v2\/pages\/291","targetHints":{"allow":["GET"]}}],"collection":[{"href":"https:\/\/uninter.com\/mestrado\/wp-json\/wp\/v2\/pages"}],"about":[{"href":"https:\/\/uninter.com\/mestrado\/wp-json\/wp\/v2\/types\/page"}],"author":[{"embeddable":true,"href":"https:\/\/uninter.com\/mestrado\/wp-json\/wp\/v2\/users\/3"}],"replies":[{"embeddable":true,"href":"https:\/\/uninter.com\/mestrado\/wp-json\/wp\/v2\/comments?post=291"}],"version-history":[{"count":59,"href":"https:\/\/uninter.com\/mestrado\/wp-json\/wp\/v2\/pages\/291\/revisions"}],"predecessor-version":[{"id":4857,"href":"https:\/\/uninter.com\/mestrado\/wp-json\/wp\/v2\/pages\/291\/revisions\/4857"}],"wp:attachment":[{"href":"https:\/\/uninter.com\/mestrado\/wp-json\/wp\/v2\/media?parent=291"}],"curies":[{"name":"wp","href":"https:\/\/api.w.org\/{rel}","templated":true}]}}