{"id":289,"date":"2018-02-21T10:29:51","date_gmt":"2018-02-21T13:29:51","guid":{"rendered":"https:\/\/www.uninter.com\/mestrado\/?page_id=289"},"modified":"2025-05-29T16:19:34","modified_gmt":"2025-05-29T19:19:34","slug":"mestrado-profissional-em-educacao-e-novas-tecnologias-modelos-de-documentos","status":"publish","type":"page","link":"https:\/\/uninter.com\/mestrado\/mestrado-profissional-em-educacao-e-novas-tecnologias-modelos-de-documentos\/","title":{"rendered":"Educa\u00e7\u00e3o &#8211; Modelos de documentos"},"content":{"rendered":"<h1>Modelos de documentos<\/h1>\n<p><a href=\"https:\/\/www.uninter.com\/mestrado\/wp-content\/uploads\/2025\/05\/Modelo_Pre-projeto_Mestrado-e-Doutorado-3.pdf\">MODELO ANTEPROJETO PARA PROCESSO SELETIVO<\/a><\/p>\n<p><a href=\"https:\/\/www.uninter.com\/mestrado\/wp-content\/uploads\/2025\/05\/REQUERIMENTO-PARA-SOLICITACAO-DE-EXAME-DE-SUFICIENCIA.pdf\">REQUERIMENTO PARA SOLICITA\u00c7\u00c3O DE EXAME DE SUFICI\u00caNCIA<\/a><\/p>\n<p>REQUERIMENTO PARA MUDAN\u00c7A DE ORIENTADOR<\/p>\n<p><a href=\"https:\/\/www.uninter.com\/mestrado\/wp-content\/uploads\/2025\/05\/REQUERIMENTO_PRORROGACAO-2.pdf\">REQUERIMENTO PARA PRORROGA\u00c7\u00c3O DE PRAZO \u2013 QUALIFICA\u00c7\u00c3O E DEFESA<\/a><\/p>\n<p><a href=\"https:\/\/www.uninter.com\/mestrado\/wp-content\/uploads\/2025\/05\/REQUERIMENTO_VALIDACAO-DE-DISCIPLINA-EXTERNA-2.pdf\">REQUERIMENTO PARA VALIDA\u00c7\u00c3O DE DISCIPLINA EXTERNA<\/a><\/p>\n","protected":false},"excerpt":{"rendered":"<p>Modelos de documentos MODELO ANTEPROJETO PARA PROCESSO SELETIVO REQUERIMENTO PARA SOLICITA\u00c7\u00c3O DE EXAME DE SUFICI\u00caNCIA REQUERIMENTO PARA MUDAN\u00c7A DE ORIENTADOR REQUERIMENTO PARA PRORROGA\u00c7\u00c3O DE PRAZO \u2013 QUALIFICA\u00c7\u00c3O E DEFESA REQUERIMENTO PARA VALIDA\u00c7\u00c3O DE DISCIPLINA EXTERNA<\/p>\n","protected":false},"author":3,"featured_media":0,"parent":0,"menu_order":0,"comment_status":"closed","ping_status":"closed","template":"page-curso-mestrado-educacao.php","meta":{"footnotes":""},"class_list":["post-289","page","type-page","status-publish","hentry","post"],"_links":{"self":[{"href":"https:\/\/uninter.com\/mestrado\/wp-json\/wp\/v2\/pages\/289","targetHints":{"allow":["GET"]}}],"collection":[{"href":"https:\/\/uninter.com\/mestrado\/wp-json\/wp\/v2\/pages"}],"about":[{"href":"https:\/\/uninter.com\/mestrado\/wp-json\/wp\/v2\/types\/page"}],"author":[{"embeddable":true,"href":"https:\/\/uninter.com\/mestrado\/wp-json\/wp\/v2\/users\/3"}],"replies":[{"embeddable":true,"href":"https:\/\/uninter.com\/mestrado\/wp-json\/wp\/v2\/comments?post=289"}],"version-history":[{"count":12,"href":"https:\/\/uninter.com\/mestrado\/wp-json\/wp\/v2\/pages\/289\/revisions"}],"predecessor-version":[{"id":4425,"href":"https:\/\/uninter.com\/mestrado\/wp-json\/wp\/v2\/pages\/289\/revisions\/4425"}],"wp:attachment":[{"href":"https:\/\/uninter.com\/mestrado\/wp-json\/wp\/v2\/media?parent=289"}],"curies":[{"name":"wp","href":"https:\/\/api.w.org\/{rel}","templated":true}]}}