{"id":283,"date":"2018-02-21T10:26:47","date_gmt":"2018-02-21T13:26:47","guid":{"rendered":"https:\/\/www.uninter.com\/mestrado\/?page_id=283"},"modified":"2025-07-18T10:18:56","modified_gmt":"2025-07-18T13:18:56","slug":"mestrado-profissional-em-educacao-e-novas-tecnologias-coordenacao-e-corpo-docente","status":"publish","type":"page","link":"https:\/\/uninter.com\/mestrado\/mestrado-profissional-em-educacao-e-novas-tecnologias-coordenacao-e-corpo-docente\/","title":{"rendered":"Educa\u00e7\u00e3o &#8211; Coordena\u00e7\u00e3o e corpo docente"},"content":{"rendered":"<h1>COORDENA\u00c7\u00c3O<\/h1>\n<p>COORDENA\u00c7\u00c3O:\u00a0Prof. Dr. Luciano Frontino de Medeiros<br \/>\nContato:\u00a0<a href=\"mailto:luciano.me@uninter.com\">luciano.me@uninter.com<\/a><\/p>\n<h1>CORPO DOCENTE<\/h1>\n<p><strong>Prof. Dr. Alceli Ribeiro Alves<\/strong><\/p>\n<p><a href=\"mailto:alceli.a.@uninter.com\">alceli.a.@uninter.com<\/a><br \/>\n<a href=\"http:\/\/lattes.cnpq.br\/7280089127866846\">Curr\u00edculo<\/a><br \/>\n<a href=\"https:\/\/www.youtube.com\/watch?v=BMIAoma_lC0\">Entrevista Programa Educa\u00e7\u00e3o e Novas Tecnologias<\/a><\/p>\n<p>&nbsp;<\/p>\n<hr \/>\n<p><strong>Prof. Dr. Andr\u00e9 Luiz Moscaleski Cavazzani<\/strong><\/p>\n<p><a href=\"mailto:andre.ca@uninter.com\">andre.ca@uninter.com<\/a><br \/>\n<a href=\"http:\/\/lattes.cnpq.br\/2478425363350370\">Curr\u00edculo<\/a><br \/>\n<a href=\"https:\/\/www.youtube.com\/watch?v=r63Ogv0BeZQ\">Entrevista Programa Educa\u00e7\u00e3o e Novas Tecnologias<\/a><\/p>\n<hr \/>\n<p><strong>Prof. Dr. Daniel Guimar\u00e3es Tedesco<\/strong><\/p>\n<p><a href=\"mailto:daniel.d@uninter.com\">daniel.d@uninter.com<\/a><br \/>\n<a href=\"http:\/\/lattes.cnpq.br\/2216096357834491\">curr\u00edculo<\/a><br \/>\n<a href=\"https:\/\/www.youtube.com\/watch?v=fgRMNb68MtE\">Entrevista Programa Educa\u00e7\u00e3o e Novas Tecnologias<\/a><\/p>\n<hr \/>\n<p><strong>Prof.\u00aa Dra. Desir\u00e9 Luciane Dominschek Lima<\/strong><\/p>\n<p><a href=\"mailto:desire.d@uninter.com\">desire.d@uninter.com<\/a><br \/>\n<a href=\"http:\/\/lattes.cnpq.br\/4213741176696528\">Curr\u00edculo<\/a><br \/>\nEntrevista Programa Educa\u00e7\u00e3o e Novas Tecnologias<\/p>\n<hr \/>\n<p><strong>Prof\u00aa. Dra. Gl\u00e1ucia da Silva Brito<\/strong><\/p>\n<p><a href=\"mailto:glaucia.b@uninter.com\">glaucia.b@uninter.com<\/a><br \/>\n<a href=\"http:\/\/lattes.cnpq.br\/8743132786538539\">Curr\u00edculo<\/a><br \/>\n<a href=\"https:\/\/www.youtube.com\/watch?v=GLWWHoCgWBA\">Entrevista Programa Educa\u00e7\u00e3o e Novas Tecnologias<\/a><\/p>\n<hr \/>\n<p><strong>Prof. Dr. Jeferson Ferro<\/strong><\/p>\n<p><a href=\"mailto:jeferson.f@uninter.com\">jeferson.f@uninter.com<\/a><br \/>\n<a href=\"http:\/\/lattes.cnpq.br\/6826301139565319\">Curr\u00edculo<\/a><br \/>\n<a href=\"https:\/\/www.youtube.com\/watch?v=Fej4BDFGHO0\">Entrevista Programa Educa\u00e7\u00e3o e Novas Tecnologias<\/a><\/p>\n<hr \/>\n<p><strong>Prof\u00aa. Dra. Joana Paulin Romanowski<\/strong><\/p>\n<p><a href=\"mailto:joana.romanowski@gmail.com\">joana.romanowski@gmail.com<\/a><br \/>\n<a href=\"http:\/\/lattes.cnpq.br\/7752218478865716\">Curr\u00edculo<\/a><br \/>\n<a href=\"https:\/\/www.youtube.com\/watch?v=nTtN7bUaIk4\">Entrevista Programa Educa\u00e7\u00e3o e Novas Tecnologias<\/a><\/p>\n<hr \/>\n<p><strong>Prof. Dr. Luciano Frontino de Medeiros<\/strong><\/p>\n<p><a href=\"mailto:luciano.me@uninter.com\">luciano.me@uninter.com<\/a><br \/>\n<a href=\"http:\/\/lattes.cnpq.br\/9300962438570183\">Curr\u00edculo<\/a><br \/>\n<a href=\"https:\/\/www.youtube.com\/watch?v=TNj__6KjPgM\">Entrevista Programa Educa\u00e7\u00e3o e Novas Tecnologias<\/a><\/p>\n<hr \/>\n<p><strong>Prof\u00aa. Dra.\u00a0Waldirene Sawozuk Bellardo<\/strong><\/p>\n<p><a href=\"mailto:waldirene.b@uninter.com\">waldirene.b@uninter.com<\/a><br \/>\n<a href=\"https:\/\/buscatextual.cnpq.br\/buscatextual\/visualizacv.do?id=K4775742P2&amp;tokenCaptchar=03AFcWeA6gkppAutaYPijIgUo4YpN_3hB9sl9F8Jr1rpQk45XVjHZ1Ks71S53t8d7wBZUDMKsXrhkHRRlVedx1G2pAF-GvZsnuw1Q9q47EvclFLZq4I4VUx3ydzUsj4ZjIuSwhObRH00bbSGbgafKkTQn4n-4GMt-FFm2Nxy1diqFAHtRuKJsPpgWPquZOA9ch1znuNEdYKFMOk1u3lO_mpBCmArCLqNCnnA4Jqo8mDyurPvipLRmzWNedtwIDoVrOTGpi29jxwSoxj5H3nUfQQPwT0raqQVsrpqcs9dZei7jMbQSNDu6DFeYhze9yFQRwZskAxeXNc9i2XEeaEph_I7A3UxHhnMZLnB0DuUhrm9uTTfchWke2mFWlWmhpQ4_rWtsIOI5lsu-AzaEJaDanGv3PxMIya6aCzuBPlEv9SaKSaLwzLE5yhQ_E0bOZ-w_Pm7t6vvmk91Oc0fbR4i605xI-E5PJElRu-JWhZlakQMCVeJhazKh-i_GcuzL__w9ggLlCtW7Ua396K5vysg5Q1NSt1z44INJdZqW70qNYw-ppYnYxZFl1nCpbzGAN-E5Q_gIWJ3fCNzSpYBjC9WyBuHhAc-22LKzdWmzonU_xtjY23vkrwEZxeECA7EjSt3MqDyPUMrFk24ZPWDDs-lGluFGk8F05dGYCmbPYKqrbibudFnK7CqRiYNy5cP_gNyEf5-l5NBUv_vsJ4fBlDlRfarAIx-7PeRpTMmKt0QK-cDDeAsvN8LqV63aLJ8wgTga6t89AE8HVVAfTM5B5x6weFYbeRaOFeEsAlnNWGSH2lxhZzJecIO9_DMJLgxhq79WROcvrxPi2LDW2P6wHxc29mOJ8g9zupWWTKUCd7dmgt70fvPqLuh1D05pbhgiaY5yGmyLLB2neWHZY_zzUb78RqYKqx6FjYKO728tQFEUz79pkHm2ugpQQn35k06MFqfLa9QfvJ9H56QM-Zhl7eDEnpwDMWVWWdj0NVw\">Curr\u00edculo<\/a><br \/>\nEntrevista Programa Educa\u00e7\u00e3o e Novas Tecnologias<\/p>\n<hr \/>\n<p><strong>Prof. Dr. Rodrigo Ot\u00e1vio dos Santos<\/strong><\/p>\n<p><a href=\"mailto:rodrigo.s@uninter.com\">rodrigo.s@uninter.com<\/a><br \/>\n<a href=\"http:\/\/lattes.cnpq.br\/0668156094746596\">Curr\u00edculo<\/a><br \/>\nEntrevista Programa Educa\u00e7\u00e3o e Novas Tecnologias<\/p>\n<hr \/>\n<p>&nbsp;<\/p>\n<h1>CORPO T\u00c9CNICO<\/h1>\n<p><strong>Prof. Dr. Benhur Etelberto Gaio<\/strong><br \/>\n<a href=\"http:\/\/lattes.cnpq.br\/7828730425945330\">Curr\u00edculo<\/a><\/p>\n<p><strong>Prof. Dr. Marco Antonio Masoller Eleuterio<\/strong><br \/>\n<a href=\"http:\/\/lattes.cnpq.br\/7427004794277015\">Curr\u00edculo<\/a><\/p>\n<h1>PROFESSOR EM\u00c9RITO<\/h1>\n<p><strong>Prof. Dr. Alvino Moser (professor Em\u00e9rito)<\/strong><\/p>\n<p><a href=\"mailto:alvino.m@uninter.com\">Alvino.m@uninter.com<\/a><br \/>\n<a href=\"http:\/\/lattes.cnpq.br\/0657413767020587\">Curr\u00edculo<\/a><\/p>\n","protected":false},"excerpt":{"rendered":"<p>COORDENA\u00c7\u00c3O COORDENA\u00c7\u00c3O:\u00a0Prof. Dr. Luciano Frontino de Medeiros Contato:\u00a0luciano.me@uninter.com CORPO DOCENTE Prof. Dr. Alceli Ribeiro Alves alceli.a.@uninter.com Curr\u00edculo Entrevista Programa Educa\u00e7\u00e3o e Novas Tecnologias &nbsp; Prof. Dr. Andr\u00e9 Luiz Moscaleski Cavazzani andre.ca@uninter.com Curr\u00edculo Entrevista Programa Educa\u00e7\u00e3o e Novas Tecnologias Prof. Dr. Daniel Guimar\u00e3es Tedesco daniel.d@uninter.com curr\u00edculo Entrevista Programa Educa\u00e7\u00e3o e Novas Tecnologias Prof.\u00aa Dra. Desir\u00e9 Luciane [&hellip;]<\/p>\n","protected":false},"author":3,"featured_media":0,"parent":0,"menu_order":0,"comment_status":"closed","ping_status":"closed","template":"page-curso-mestrado-educacao.php","meta":{"footnotes":""},"class_list":["post-283","page","type-page","status-publish","hentry","post"],"_links":{"self":[{"href":"https:\/\/uninter.com\/mestrado\/wp-json\/wp\/v2\/pages\/283","targetHints":{"allow":["GET"]}}],"collection":[{"href":"https:\/\/uninter.com\/mestrado\/wp-json\/wp\/v2\/pages"}],"about":[{"href":"https:\/\/uninter.com\/mestrado\/wp-json\/wp\/v2\/types\/page"}],"author":[{"embeddable":true,"href":"https:\/\/uninter.com\/mestrado\/wp-json\/wp\/v2\/users\/3"}],"replies":[{"embeddable":true,"href":"https:\/\/uninter.com\/mestrado\/wp-json\/wp\/v2\/comments?post=283"}],"version-history":[{"count":50,"href":"https:\/\/uninter.com\/mestrado\/wp-json\/wp\/v2\/pages\/283\/revisions"}],"predecessor-version":[{"id":4591,"href":"https:\/\/uninter.com\/mestrado\/wp-json\/wp\/v2\/pages\/283\/revisions\/4591"}],"wp:attachment":[{"href":"https:\/\/uninter.com\/mestrado\/wp-json\/wp\/v2\/media?parent=283"}],"curies":[{"name":"wp","href":"https:\/\/api.w.org\/{rel}","templated":true}]}}