{"id":2820,"date":"2022-10-24T15:03:25","date_gmt":"2022-10-24T18:03:25","guid":{"rendered":"https:\/\/www.uninter.com\/mestrado\/?page_id=2820"},"modified":"2026-02-10T08:15:45","modified_gmt":"2026-02-10T11:15:45","slug":"doutorado-banco-de-teses","status":"publish","type":"page","link":"https:\/\/uninter.com\/mestrado\/doutorado-banco-de-teses\/","title":{"rendered":"Doutorado Banco de Teses"},"content":{"rendered":"<h1>TURMA 2022<\/h1>\n<p>&nbsp;<\/p>\n<p><span data-olk-copy-source=\"MessageBody\">CLEBER BIANCHESSI<br \/>\n<\/span>T\u00cdTULO:\u00a0<span class=\"x_MsoHyperlink\">\u201c<a href=\"https:\/\/www.uninter.com\/mestrado\/wp-content\/uploads\/2025\/02\/Tese-Final_Cleber-Bianchessi.pdf\">A\u00c7\u00c3O COMUNICATIVA DE HABERMAS: DIVULGA\u00c7\u00c3O DE PESQUISAS POR PESQUISADORES EXPERIENTES EM EDUCA\u00c7\u00c3O NAS REDES SOCIAIS DIGITAIS<\/a>\u201d<\/span><\/p>\n<p class=\"x_MsoNormal\"><span class=\"x_MsoHyperlink\">\u00a0<\/span>NELIVA TEREZINHA TESSARO<br \/>\nT\u00cdTULO:\u00a0<span class=\"x_MsoHyperlink\">\u201c<a href=\"https:\/\/www.uninter.com\/mestrado\/wp-content\/uploads\/2025\/02\/TESE-FINAL-NELIVA-TEREZINHA-TESSARO.pdf\">A CIDADE COMO POTENCIALIDADE DE APRENDIZAGEM INTERDISCIPLINAR APLICADA NA FORMA\u00c7\u00c3O DE PROFISSIONAIS DO SETOR IMOBILI\u00c1RIO<\/a>\u201d<\/span><\/p>\n<p>MARIA ALDINETE DE ALMEIDA REINALDI<br \/>\nT\u00cdTULO: \u201c<a href=\"https:\/\/www.uninter.com\/mestrado\/wp-content\/uploads\/2024\/06\/Tese-Final-_Maria-Aldinete-de-Almeida-Reinaldi.pdf\">FORMA\u00c7\u00c3O DOCENTE PARA O USO DA GAMIFICA\u00c7\u00c3O NO ENSINO SUPERIOR DE CI\u00caNCIAS CONT\u00c1BEIS<\/a>\u201d<\/p>\n<h1>TURMA 2021<\/h1>\n<p>ALCELYR VALLE DA COSTA NETO<br \/>\nT\u00cdTULO: \u201c<a href=\"https:\/\/www.uninter.com\/mestrado\/wp-content\/uploads\/2023\/08\/Tese-Final_Alcelyr-Valle-da-Costa-Neto.pdf\">PR\u00c1TICA PEDAG\u00d3GICA MAKER NO CONTEXTO DOCENTE P\u00d3S-PAND\u00caMICO DO ENSINO JUR\u00cdDICO<\/a>\u201d<\/p>\n<p>ELO\u00cdZA MARIA DO SACRAMENTO<br aria-hidden=\"true\" \/>T\u00cdTULO:\u00a0\u201c<a href=\"https:\/\/www.uninter.com\/mestrado\/wp-content\/uploads\/2024\/01\/Tese-Final-ELOIZA-SACRAMENTO.pdf\">CONTRIBUI\u00c7\u00d5ES EDUCATIVAS PARA O TR\u00c2NSITO EM EVENTOS NACIONAIS NO TRI\u00caNIO 2020 A 2022<\/a>\u201d<\/p>\n<p>ENNIO ALVES DE SOUSA ANDRADE LIMA<br \/>\nT\u00cdTULO: \u201c<a href=\"https:\/\/www.uninter.com\/mestrado\/wp-content\/uploads\/2023\/08\/Tese-Final_-Ennio-Alves-de-Sousa-Andrade-Lima.pdf\">CIBERCULTURA E PR\u00c1TICAS PEDAG\u00d3GICAS MEDIADAS PELAS TECNOLOGIAS DIGITAIS: SABERES E FAZERES DE PROFESSORES DA EDUCA\u00c7\u00c3O B\u00c1SICA EM CONCEI\u00c7\u00c3O-PB<\/a>\u201d<\/p>\n<p><span data-olk-copy-source=\"MessageBody\">JONAS RAFAEL NIKOLAY<br \/>\n<\/span>T\u00cdTULO:<b>\u00a0<\/b><span class=\"x_MsoHyperlink\">\u201c<a href=\"https:\/\/www.uninter.com\/mestrado\/wp-content\/uploads\/2025\/02\/Tese-Final_Jonas_Rafael_Nikolay.pdf\">INTEGRA\u00c7\u00c3O DAS TECNOLOGIAS DIGITAIS NO PROCESSO DE AVALIA\u00c7\u00c3O DA APRENDIZAGEM: UM FRAMEWORK AVALIATIVO PARA OS ANOS FINAIS DO ENSINO FUNDAMENTAL<\/a>\u201d<\/span><\/p>\n<p>LEANDRO DE ALMEIDA<br \/>\nT\u00cdTULO: \u201c<a href=\"https:\/\/www.uninter.com\/mestrado\/wp-content\/uploads\/2024\/06\/Tese-Final_Leandro-de-Almeida.pdf\">INSER\u00c7\u00c3O DAS TECNOLOGIAS DIGITAIS NAS ESCOLAS SITUADAS NO CAMPO: UM PROTOCOLO PARA A PR\u00c1TICA PEDAG\u00d3GICA<\/a>\u201d<\/p>\n<p>MARGARETE TEREZINHA DE ANDRADE COSTA<br \/>\nT\u00cdTULO: &#8220;<a href=\"https:\/\/www.uninter.com\/mestrado\/wp-content\/uploads\/2026\/02\/Tese-Final_Margarete-Terezinha-de-Andrade-Costa-1.pdf\">J\u00daRI SIMULADO LITER\u00c1RIO: UMA METODOLOGIA DE ENSINO-APRENDIZAGEM PARA O CURSO DE DIREITO<\/a>&#8221;<\/p>\n<p>MARIA CRISTINA DA CONCEI\u00c7\u00c3O OLIVEIRA<br \/>\nT\u00cdTULO:\u00a0<span class=\"x_MsoHyperlink\">\u201c<a href=\"https:\/\/www.uninter.com\/mestrado\/wp-content\/uploads\/2025\/02\/TESE-FINAL_MARIA-CRISTINA-DA-CONCEI\u00c7\u00c3O-OLIVEIRA.pdf\">PR\u00c1TICAS PEDAG\u00d3GICAS ANTIRRACISTAS NA EDUCA\u00c7\u00c3O DE JOVENS E ADULTOS (EJA): EMPODERAMENTO DE MULHERES NEGRAS<\/a>\u201d<\/span><\/p>\n<p>MARIA I\u00caDA DA SILVA<br \/>\nT\u00cdTULO: \u201c<a href=\"https:\/\/www.uninter.com\/mestrado\/wp-content\/uploads\/2024\/08\/Tese-Final_MARIA-I\u00caDA-DA-SILVA.pdf\">O CONECTIVISMO E A FORMA\u00c7\u00c3O DE PROFESSORES: UM ESTUDO COM DOCENTES DO MUNIC\u00cdPIO DE APODI\/RN<\/a>\u201d<\/p>\n<p>MARIL\u00c9TE PINTO DE OLIVEIRA<br \/>\nT\u00cdTULO: O PAPEL DA GEST\u00c3O ESCOLAR FRENTE \u00c0S NOVAS TECNOLOGIAS E A SUA CONTRIBUI\u00c7\u00c3O PARA O CAPITAL CULTURAL DOS PROFESSORES DOS ANOS FINAIS DO ENSINO FUNDAMENTAL<\/p>\n<p>MOACIR GOMES DA SILVA<br \/>\nT\u00cdTULO: &#8220;<a href=\"https:\/\/www.uninter.com\/mestrado\/wp-content\/uploads\/2026\/02\/Versao-Final_Tese_Moacir-Gomes-da-Silva-1.pdf\">MODELO DE GEST\u00c3O PREDITIVO EVAS\u00c3O EM PERSPECTIVA PARA O PROCESSO DECIS\u00d3RIO DE INSTITUI\u00c7\u00d5ES DE ENSINO<\/a>&#8221;<\/p>\n<p>REGINALDO DOS SANTOS SIM\u00d5ES<br \/>\nT\u00cdTULO: &#8220;<a href=\"https:\/\/www.uninter.com\/mestrado\/wp-content\/uploads\/2026\/02\/Versao-Final_Tese_Reginaldo-Simoes-1.pdf\">IMPACTOS DAS POL\u00cdTICAS P\u00daBLICAS NO TRABALHO DOCENTE DOS PROFESSORES DO ENSINO M\u00c9DIO NA EDUCA\u00c7\u00c3O P\u00daBLICA DO PARAN\u00c1<\/a>&#8221;<\/p>\n<p>S\u00c2MMYA FARIA ADONA LEITE<br \/>\nT\u00cdTULO: \u201c<a href=\"https:\/\/www.uninter.com\/mestrado\/wp-content\/uploads\/2023\/02\/TESE-FINAL_S\u00c2MMYA-FARIA-ADONA-LEITE.pdf\">(RE)PLANEJAR A FORMA\u00c7\u00c3O INICIAL DOCENTE NO CEN\u00c1RIO P\u00d3S-MAR\u00c7O DE 2020: CONJUNTO DE VERBETES QUE INTERLIGAM A TR\u00cdADE APRENDIZAGEM-ESPA\u00c7OS-HUMANIZA\u00c7\u00c3O<\/a>\u201d<\/p>\n<p>T\u00c2NIA APARECIDA SOARES<br \/>\nT\u00cdTULO: \u201c<a href=\"https:\/\/www.uninter.com\/mestrado\/wp-content\/uploads\/2022\/10\/Vers\u00e3o-Final_Tese-Doutorado_T\u00e2nia-Aparecida-Soares.pdf\">EDUCA\u00c7\u00c3O E NOVAS TECNOLOGIAS: USO DE SIMULADOR NA AVALIA\u00c7\u00c3O EXTERNA INSTITUCIONAL E DE CURSOS DE GRADUA\u00c7\u00c3O NO BRASIL<\/a>\u201d<\/p>\n<h1>TURMA 2020<\/h1>\n<p><span data-olk-copy-source=\"MessageBody\">ANDRE ROBERTO GUERRA<br \/>\n<\/span>T\u00cdTULO: &#8220;<a href=\"https:\/\/www.uninter.com\/mestrado\/wp-content\/uploads\/2025\/02\/Tese-Final_Andr\u00e9-Roberto-Guerra.pdf\">A INFLU\u00caNCIA DA REALIDADE ESTENDIDA IMERSIVA NO ENSINO E APRENDIZAGEM DE DISCIPLINAS STEM PARA A CI\u00caNCIA DA COMPUTA\u00c7\u00c3O NA MODALIDADE EAD: PROPOSTA DE UM FRAMEWORK PARA CRIA\u00c7\u00c3O DE CEN\u00c1RIOS IMERSIVOS<\/a><span class=\"x_MsoHyperlink\">&#8220;<\/span><\/p>\n<p class=\"x_MsoNormal\">BELENICE KOFFKE BUFF ROTINI<br \/>\nT\u00cdTULO:\u00a0<span class=\"x_MsoHyperlink\">\u201c<a href=\"https:\/\/www.uninter.com\/mestrado\/wp-content\/uploads\/2024\/04\/Tese-Final_Belenice-Koffke-Buff-Rotini.pdf\">PENSANDO O MOVIMENTO MAKER NA FORMA\u00c7\u00c3O CONTINUADA DE PROFESSORES<\/a><\/span><span class=\"x_MsoHyperlink\">.\u201d<\/span><\/p>\n<p>DILMA HELOISA SANTOS<br \/>\nT\u00cdTULO: \u201c<a href=\"https:\/\/www.uninter.com\/mestrado\/wp-content\/uploads\/2023\/08\/Tese-Final_DILMA-HELOISA-SANTOS.pdf\">A FORMA\u00c7\u00c3O TE\u00d3RICO-PR\u00c1TICA NO PROGRAMA RESID\u00caNCIA PEDAG\u00d3GICA: PR\u00c1TICAS PEDAG\u00d3GICAS DISRUPTIVAS PARA AS REDES SOCIAIS DIGITAIS<\/a>\u201d<\/p>\n<p>HELEN CRISTINA MINARDI BAUMGRATZ<br \/>\nT\u00cdTULO:\u00a0<span class=\"x_MsoHyperlink\">\u201c<a href=\"https:\/\/www.uninter.com\/mestrado\/wp-content\/uploads\/2024\/04\/Tese-Final_Helen-Cristina-Minardi-Baumgratz.pdf\">PROCESSOS AVALIATIVOS E SUAS TECNOLOGIAS: AS PERSPECTIVAS DOS DOCENTES DO COL\u00c9GIO MILITAR DE\u00a0BRAS\u00cdLIA NO PER\u00cdODO P\u00d3S-MAR\u00c7O DE 2020.<\/a><\/span><span class=\"x_MsoHyperlink\">\u201d<br \/>\n<\/span><\/p>\n<p>LA\u00cdS BUENO TONIN<br \/>\nT\u00cdTULO: \u201c<a href=\"https:\/\/www.uninter.com\/mestrado\/wp-content\/uploads\/2024\/08\/Tese-Final_-Lai\u0301s-Bueno-Tonin.pdf\">FAKE NEWS NA EDUCA\u00c7\u00c3O: UMA PROPOSTA DE EDUCOMUNICA\u00c7\u00c3O NA LEITURA CR\u00cdTICA DAS PLATAFORMAS DE REDES SOCIAIS DIGITAIS PARA FORMA\u00c7\u00c3O DE PROFESSORES DO ENSINO FUNDAMENTAL<\/a>\u201d<\/p>\n<p class=\"x_MsoNormal\">MATILDE DIAS MARTINS PUPO<br \/>\nT\u00cdTULO:\u00a0<span class=\"x_MsoHyperlink\">\u201c<a href=\"https:\/\/www.uninter.com\/mestrado\/wp-content\/uploads\/2024\/04\/Tese-Final_Matilde-Pupo.pdf\">PROPOSTA PARA FORMA\u00c7\u00c3O DE PROFESSORES DOS CURSOS DE APRENDIZAGEM PROFISSIONAL A PARTIR DE DEMANDAS DA PR\u00c1TICA\u00a0PEDAG\u00d3GICA <\/a><\/span><span class=\"x_MsoHyperlink\">.\u201d<\/span><\/p>\n<p>MELANIE BORDIGNON DA CRUZ<br \/>\nT\u00cdTULO: \u201c<a href=\"https:\/\/www.uninter.com\/mestrado\/wp-content\/uploads\/2023\/06\/TESE-_MELANIE-BORDIGNON-DA-CRUZ.pdf\">BASES PARA PENSAR A PROFISSIONALIDADE DO DOCENTE DA EDUCA\u00c7\u00c3O B\u00c1SICA NO CEN\u00c1RIO P\u00d3S-MAR\u00c7O DE 2020: AN\u00c1LISE DE FALAS DIGITAIS<\/a>\u201d<\/p>\n<p>SIMONE JOS\u00c9 APARECIDA DA SILVA SANTOS<br \/>\nT\u00cdTULO: \u201c<a href=\"https:\/\/www.uninter.com\/mestrado\/wp-content\/uploads\/2023\/06\/Tese-Final_Simone-Jos\u00e9-Aparecida-da-Silva-Santos.pdf\">A APRENDIZAGEM DA MATEM\u00c1TICA POR MEIO DA PRODU\u00c7\u00c3O DE HIST\u00d3RIAS EM QUADRINHOS<\/a>\u201d<\/p>\n<p>SOLIDIA ELIZABETH DOS SANTOS<br \/>\nT\u00cdTULO: \u201c<a href=\"https:\/\/www.uninter.com\/mestrado\/wp-content\/uploads\/2024\/01\/Tese-final-_-Solidia-E-Santos-CORRE\u00c7\u00c3O.pdf\">(NOVAS) PR\u00c1TICAS NA DOC\u00caNCIA DA EDUCA\u00c7\u00c3O SUPERIOR: RESILI\u00caNCIA A PARTIR DOS PRESSUPOSTOS PEDAG\u00d3GICOS E TECNOL\u00d3GICOS<\/a>\u201d<\/p>\n<p class=\"x_MsoNormal\"><span data-olk-copy-source=\"MessageBody\">TIEMI SAITO<br \/>\n<\/span>T\u00cdTULO:<b>\u00a0<\/b><span class=\"x_MsoHyperlink\">\u201c<a href=\"https:\/\/www.uninter.com\/mestrado\/wp-content\/uploads\/2025\/03\/Vers\u00e3o-Final-da-Tese_Tiemi-Saito.pdf\">O ENSINO JUR\u00cdDICO DO S\u00c9CULO XXI: UMA REVOLU\u00c7\u00c3O NECESS\u00c1RIA NA ESTRUTURA PEDAG\u00d3GICA DO CURSO DE BACHARELADO EM DIREITO<\/a> \u201d<\/span><\/p>\n<p>&nbsp;<\/p>\n<p>&nbsp;<\/p>\n<p>&nbsp;<\/p>\n","protected":false},"excerpt":{"rendered":"<p>TURMA 2022 &nbsp; CLEBER BIANCHESSI T\u00cdTULO:\u00a0\u201cA\u00c7\u00c3O COMUNICATIVA DE HABERMAS: DIVULGA\u00c7\u00c3O DE PESQUISAS POR PESQUISADORES EXPERIENTES EM EDUCA\u00c7\u00c3O NAS REDES SOCIAIS DIGITAIS\u201d \u00a0NELIVA TEREZINHA TESSARO T\u00cdTULO:\u00a0\u201cA CIDADE COMO POTENCIALIDADE DE APRENDIZAGEM INTERDISCIPLINAR APLICADA NA FORMA\u00c7\u00c3O DE PROFISSIONAIS DO SETOR IMOBILI\u00c1RIO\u201d MARIA ALDINETE DE ALMEIDA REINALDI T\u00cdTULO: \u201cFORMA\u00c7\u00c3O DOCENTE PARA O USO DA GAMIFICA\u00c7\u00c3O NO ENSINO SUPERIOR [&hellip;]<\/p>\n","protected":false},"author":1,"featured_media":0,"parent":0,"menu_order":0,"comment_status":"closed","ping_status":"closed","template":"page-curso-doutorado-educacao.php","meta":{"footnotes":""},"class_list":["post-2820","page","type-page","status-publish","hentry","post"],"_links":{"self":[{"href":"https:\/\/uninter.com\/mestrado\/wp-json\/wp\/v2\/pages\/2820","targetHints":{"allow":["GET"]}}],"collection":[{"href":"https:\/\/uninter.com\/mestrado\/wp-json\/wp\/v2\/pages"}],"about":[{"href":"https:\/\/uninter.com\/mestrado\/wp-json\/wp\/v2\/types\/page"}],"author":[{"embeddable":true,"href":"https:\/\/uninter.com\/mestrado\/wp-json\/wp\/v2\/users\/1"}],"replies":[{"embeddable":true,"href":"https:\/\/uninter.com\/mestrado\/wp-json\/wp\/v2\/comments?post=2820"}],"version-history":[{"count":20,"href":"https:\/\/uninter.com\/mestrado\/wp-json\/wp\/v2\/pages\/2820\/revisions"}],"predecessor-version":[{"id":4867,"href":"https:\/\/uninter.com\/mestrado\/wp-json\/wp\/v2\/pages\/2820\/revisions\/4867"}],"wp:attachment":[{"href":"https:\/\/uninter.com\/mestrado\/wp-json\/wp\/v2\/media?parent=2820"}],"curies":[{"name":"wp","href":"https:\/\/api.w.org\/{rel}","templated":true}]}}