{"id":2656,"date":"2022-05-20T11:08:07","date_gmt":"2022-05-20T14:08:07","guid":{"rendered":"https:\/\/www.uninter.com\/mestrado\/?page_id=2656"},"modified":"2023-04-05T10:03:29","modified_gmt":"2023-04-05T13:03:29","slug":"estagio-pos-doutoral-apresentacao","status":"publish","type":"page","link":"https:\/\/uninter.com\/mestrado\/estagio-pos-doutoral-apresentacao\/","title":{"rendered":"Est\u00e1gio P\u00f3s-Doutoral  &#8211; Apresenta\u00e7\u00e3o"},"content":{"rendered":"<p>O p\u00f3s-doutorado do UNINTER consiste em um est\u00e1gio volunt\u00e1rio que visa promover e desenvolver a pesquisa acad\u00eamica, e pode ser proposto por qualquer pesquisador detentor do t\u00edtulo de doutor obtido em programa de p\u00f3s-gradua\u00e7\u00e3o stricto sensu de reconhecida institui\u00e7\u00e3o superior.<\/p>\n","protected":false},"excerpt":{"rendered":"<p>O p\u00f3s-doutorado do UNINTER consiste em um est\u00e1gio volunt\u00e1rio que visa promover e desenvolver a pesquisa acad\u00eamica, e pode ser proposto por qualquer pesquisador detentor do t\u00edtulo de doutor obtido em programa de p\u00f3s-gradua\u00e7\u00e3o stricto sensu de reconhecida institui\u00e7\u00e3o superior.<\/p>\n","protected":false},"author":1,"featured_media":0,"parent":0,"menu_order":0,"comment_status":"closed","ping_status":"closed","template":"page-curso-estagio-pos-doutoral.php","meta":{"footnotes":""},"class_list":["post-2656","page","type-page","status-publish","hentry","post"],"_links":{"self":[{"href":"https:\/\/uninter.com\/mestrado\/wp-json\/wp\/v2\/pages\/2656","targetHints":{"allow":["GET"]}}],"collection":[{"href":"https:\/\/uninter.com\/mestrado\/wp-json\/wp\/v2\/pages"}],"about":[{"href":"https:\/\/uninter.com\/mestrado\/wp-json\/wp\/v2\/types\/page"}],"author":[{"embeddable":true,"href":"https:\/\/uninter.com\/mestrado\/wp-json\/wp\/v2\/users\/1"}],"replies":[{"embeddable":true,"href":"https:\/\/uninter.com\/mestrado\/wp-json\/wp\/v2\/comments?post=2656"}],"version-history":[{"count":2,"href":"https:\/\/uninter.com\/mestrado\/wp-json\/wp\/v2\/pages\/2656\/revisions"}],"predecessor-version":[{"id":2971,"href":"https:\/\/uninter.com\/mestrado\/wp-json\/wp\/v2\/pages\/2656\/revisions\/2971"}],"wp:attachment":[{"href":"https:\/\/uninter.com\/mestrado\/wp-json\/wp\/v2\/media?parent=2656"}],"curies":[{"name":"wp","href":"https:\/\/api.w.org\/{rel}","templated":true}]}}