{"id":2632,"date":"2022-05-20T08:59:33","date_gmt":"2022-05-20T11:59:33","guid":{"rendered":"https:\/\/www.uninter.com\/mestrado\/?page_id=2632"},"modified":"2023-04-05T09:59:36","modified_gmt":"2023-04-05T12:59:36","slug":"estagio-pos-doutoral-do-programa-de-pos-graduacao-em-educacao-e-novas-tecnologias","status":"publish","type":"page","link":"https:\/\/uninter.com\/mestrado\/estagio-pos-doutoral-do-programa-de-pos-graduacao-em-educacao-e-novas-tecnologias\/","title":{"rendered":"Est\u00e1gio P\u00f3s-Doutoral do Programa de P\u00f3s-Gradua\u00e7\u00e3o em Educa\u00e7\u00e3o e Novas Tecnologias"},"content":{"rendered":"<p>O p\u00f3s-doutorado do UNINTER consiste em um est\u00e1gio volunt\u00e1rio que visa promover e desenvolver a pesquisa acad\u00eamica, e pode ser proposto por qualquer pesquisador detentor do t\u00edtulo de doutor obtido em programa de p\u00f3s-gradua\u00e7\u00e3o stricto sensu de reconhecida institui\u00e7\u00e3o superior.<\/p>\n","protected":false},"excerpt":{"rendered":"<p>O p\u00f3s-doutorado do UNINTER consiste em um est\u00e1gio volunt\u00e1rio que visa promover e desenvolver a pesquisa acad\u00eamica, e pode ser proposto por qualquer pesquisador detentor do t\u00edtulo de doutor obtido em programa de p\u00f3s-gradua\u00e7\u00e3o stricto sensu de reconhecida institui\u00e7\u00e3o superior.<\/p>\n","protected":false},"author":1,"featured_media":0,"parent":0,"menu_order":0,"comment_status":"closed","ping_status":"closed","template":"page-curso-estagio-pos-doutoral.php","meta":{"footnotes":""},"class_list":["post-2632","page","type-page","status-publish","hentry","post"],"_links":{"self":[{"href":"https:\/\/uninter.com\/mestrado\/wp-json\/wp\/v2\/pages\/2632","targetHints":{"allow":["GET"]}}],"collection":[{"href":"https:\/\/uninter.com\/mestrado\/wp-json\/wp\/v2\/pages"}],"about":[{"href":"https:\/\/uninter.com\/mestrado\/wp-json\/wp\/v2\/types\/page"}],"author":[{"embeddable":true,"href":"https:\/\/uninter.com\/mestrado\/wp-json\/wp\/v2\/users\/1"}],"replies":[{"embeddable":true,"href":"https:\/\/uninter.com\/mestrado\/wp-json\/wp\/v2\/comments?post=2632"}],"version-history":[{"count":7,"href":"https:\/\/uninter.com\/mestrado\/wp-json\/wp\/v2\/pages\/2632\/revisions"}],"predecessor-version":[{"id":2970,"href":"https:\/\/uninter.com\/mestrado\/wp-json\/wp\/v2\/pages\/2632\/revisions\/2970"}],"wp:attachment":[{"href":"https:\/\/uninter.com\/mestrado\/wp-json\/wp\/v2\/media?parent=2632"}],"curies":[{"name":"wp","href":"https:\/\/api.w.org\/{rel}","templated":true}]}}