{"id":239,"date":"2018-02-12T09:31:47","date_gmt":"2018-02-12T11:31:47","guid":{"rendered":"https:\/\/www.uninter.com\/mestrado\/?page_id=239"},"modified":"2025-12-10T11:06:16","modified_gmt":"2025-12-10T14:06:16","slug":"mestrado-profissional-em-educacao-e-novas-tecnologias-cronograma","status":"publish","type":"page","link":"https:\/\/uninter.com\/mestrado\/mestrado-profissional-em-educacao-e-novas-tecnologias-cronograma\/","title":{"rendered":"CRONOGRAMA &#8211; MESTRADO EM EDUCA\u00c7\u00c3O"},"content":{"rendered":"<table class=\"table table-striped table-bordered table-hover\" border=\"0\" width=\"100%\" cellspacing=\"0\" cellpadding=\"0\">\n<tbody>\n<tr>\n<td class=\"text-right\">\n<h2 class=\"table-header\" style=\"text-align: center;\">CRONOGRAMA\u00a0PROGRAMA DE MESTRADO<br \/>\nPROFISSIONAL EM EDUCA\u00c7\u00c3O E NOVAS TECNOLOGIAS MAR\u00c7O 2026<\/h2>\n<\/td>\n<\/tr>\n<\/tbody>\n<\/table>\n<div class=\"table-responsive\">\n<table class=\"table table-striped table-bordered table-hover\" style=\"height: 860px;\" border=\"0\" width=\"1381\" cellspacing=\"0\" cellpadding=\"0\">\n<thead>\n<tr>\n<td style=\"text-align: center;\"><strong>PROCESSOS<br \/>\n<\/strong><\/td>\n<td style=\"text-align: center;\"><strong>PER\u00cdODO<\/strong><\/td>\n<td style=\"text-align: center;\"><strong>OBSERVA\u00c7\u00d5ES<\/strong><\/td>\n<\/tr>\n<\/thead>\n<tbody>\n<tr>\n<td class=\"text-right\" style=\"text-align: right;\"><strong>INSCRI\u00c7\u00c3O<\/strong><\/td>\n<td style=\"text-align: center;\">De 03\/10\/2025 a 30\/11\/2025<\/p>\n<p>At\u00e9 as 23h<\/td>\n<td>Internet <a href=\"http:\/\/portal.uninter.com\/mestrado\">uninter.com\/mestrado<\/a><\/p>\n<p>Central de Atendimento com o Cliente (CRC) 0800 702 0500<\/td>\n<\/tr>\n<tr>\n<td class=\"listra text-right\" style=\"text-align: right;\"><strong>TAXA DE INSCRI\u00c7\u00c3O E<\/strong><\/p>\n<p><strong>PRAZO PARA PAGAMENTO<\/strong><\/td>\n<td class=\"listra\" style=\"text-align: center;\">R$ 100,00<\/p>\n<p>De 03\/10\/2025 a 30\/11\/2025<\/td>\n<td class=\"listra\">Internet <a href=\"http:\/\/portal.uninter.com\/mestrado\">uninter.com\/mestrado<\/a><\/p>\n<p>Quita\u00e7\u00e3o do boleto: Rede banc\u00e1ria\/lot\u00e9ricas ou Central de Atendimento <sup>[1]<\/sup><\/td>\n<\/tr>\n<tr>\n<td class=\"text-right\" style=\"text-align: right;\"><strong>POSTAGEM DOS DOCUMENTOS PELO PORTAL DO CANDIDATO<\/strong><\/td>\n<td style=\"text-align: center;\">De 03\/10\/2025 a 30\/11\/2025 Das 9h \u00e0s 21h<\/td>\n<td>https:\/\/portalcandidato.uninter.com\/#\/login<\/td>\n<\/tr>\n<tr>\n<td class=\"text-right\" style=\"text-align: right;\"><strong>AN\u00c1LISE DO PROJETO E DO CURR\u00cdCULO<\/strong><\/td>\n<td style=\"text-align: center;\">De 02\/12\/2025 e 03\/12\/2025<\/td>\n<td>Conforme item 7.1.1 e 7.1.3 deste edital<\/td>\n<\/tr>\n<tr>\n<td class=\"text-right\" style=\"text-align: right;\"><strong>RESULTADO DA AN\u00c1LISE DO PROJETO<\/strong><\/p>\n<p><strong>COM AGENDAMENTO DA ARGUI\u00c7\u00c3O<\/strong><\/td>\n<td style=\"text-align: center;\">05\/12\/2025<\/p>\n<p>At\u00e9 as 21h<\/td>\n<td>Internet <a href=\"http:\/\/portal.uninter.com\/mestrado\">uninter.com\/mestrado<\/a> e por e-mail<\/td>\n<\/tr>\n<tr>\n<td class=\"text-right\" style=\"text-align: right;\"><strong>ARGUI\u00c7\u00c3O<\/strong><\/td>\n<td style=\"text-align: center;\">08, 09 e 10\/12\/2025<\/td>\n<td>Sujeito a Agendamento<\/td>\n<\/tr>\n<tr>\n<td class=\"text-right\" style=\"text-align: right;\"><strong>RESULTADO<\/strong><\/td>\n<td style=\"text-align: center;\">12\/12\/2025<\/p>\n<p>at\u00e9 as 21h<\/td>\n<td>Internet <a href=\"http:\/\/portal.uninter.com\/mestrado\">uninter.com\/mestrado<\/a> e por e-mail<\/p>\n<p>Central de Atendimento com o Cliente (CRC) 0800 702 0500<\/td>\n<\/tr>\n<tr>\n<td class=\"text-right\" style=\"text-align: right;\"><strong>PRAZO PARA PAGAMENTO DA MATR\u00cdCULA<\/strong><\/td>\n<td style=\"text-align: center;\">De 12\/12\/2025 a 16\/12\/2025<\/td>\n<td>Internet <a href=\"http:\/\/portal.uninter.com\/mestrado\">uninter.com\/mestrado<\/a><\/p>\n<p>Quita\u00e7\u00e3o do boleto: Rede banc\u00e1ria\/lot\u00e9ricas ou Central de Atendimento <sup>[1]<\/sup><\/td>\n<\/tr>\n<tr>\n<td class=\"text-right\" style=\"text-align: right;\"><strong>PRAZO PARA MATR\u00cdCULA<\/strong><\/td>\n<td style=\"text-align: center;\">De 12\/12\/2025 a 18\/12\/2025 Das 9h \u00e0s 21h<\/td>\n<td>Pelo aceite eletr\u00f4nico dos termos e assinatura digital do contrato a ser realizado pelo Portal do Contrato Digital (https:\/\/contratodigital.uninter.com\/#\/login)<\/p>\n<p>conforme orienta\u00e7\u00f5es que ser\u00e3o enviadas ap\u00f3s a divulga\u00e7\u00e3o do resultado.<\/td>\n<\/tr>\n<tr>\n<td class=\"text-right\" style=\"text-align: right;\"><strong>IN\u00cdCIO DAS AULAS<\/strong><\/td>\n<td style=\"text-align: center;\"><strong>05\/03\/2026<\/strong><\/td>\n<td>Campus Batel <sup>[2] <\/sup><\/p>\n<p>(Conforme item 13.8 deste edital)<\/td>\n<\/tr>\n<tr>\n<td class=\"text-right\" style=\"text-align: left;\" colspan=\"3\">[1]. Endere\u00e7o da Central de Atendimento e Campus BATEL: Av. Sete de Setembro, 4228, Batel, Curitiba\/Pr (de segunda a sexta-feira das 09h \u00e0s 21h).<\/p>\n<p>[2]. Endere\u00e7o Campus Batel: Av. Sete de Setembro, 4228, Batel, Curitiba\/Pr.<\/p>\n<p><strong>A Reitoria da Institui\u00e7\u00e3o se reserva o direito de transferir o curso de local, turno, dias da semana, hor\u00e1rio, pr\u00e9dio e sala quando necess\u00e1rio ou conveniente.<\/strong><\/td>\n<\/tr>\n<\/tbody>\n<\/table>\n<\/div>\n","protected":false},"excerpt":{"rendered":"<p>CRONOGRAMA\u00a0PROGRAMA DE MESTRADO PROFISSIONAL EM EDUCA\u00c7\u00c3O E NOVAS TECNOLOGIAS MAR\u00c7O 2026 PROCESSOS PER\u00cdODO OBSERVA\u00c7\u00d5ES INSCRI\u00c7\u00c3O De 03\/10\/2025 a 30\/11\/2025 At\u00e9 as 23h Internet uninter.com\/mestrado Central de Atendimento com o Cliente (CRC) 0800 702 0500 TAXA DE INSCRI\u00c7\u00c3O E PRAZO PARA PAGAMENTO R$ 100,00 De 03\/10\/2025 a 30\/11\/2025 Internet uninter.com\/mestrado Quita\u00e7\u00e3o do boleto: Rede banc\u00e1ria\/lot\u00e9ricas ou [&hellip;]<\/p>\n","protected":false},"author":1,"featured_media":0,"parent":0,"menu_order":0,"comment_status":"closed","ping_status":"closed","template":"page-curso-mestrado-educacao.php","meta":{"footnotes":""},"class_list":["post-239","page","type-page","status-publish","hentry","post"],"_links":{"self":[{"href":"https:\/\/uninter.com\/mestrado\/wp-json\/wp\/v2\/pages\/239","targetHints":{"allow":["GET"]}}],"collection":[{"href":"https:\/\/uninter.com\/mestrado\/wp-json\/wp\/v2\/pages"}],"about":[{"href":"https:\/\/uninter.com\/mestrado\/wp-json\/wp\/v2\/types\/page"}],"author":[{"embeddable":true,"href":"https:\/\/uninter.com\/mestrado\/wp-json\/wp\/v2\/users\/1"}],"replies":[{"embeddable":true,"href":"https:\/\/uninter.com\/mestrado\/wp-json\/wp\/v2\/comments?post=239"}],"version-history":[{"count":84,"href":"https:\/\/uninter.com\/mestrado\/wp-json\/wp\/v2\/pages\/239\/revisions"}],"predecessor-version":[{"id":4794,"href":"https:\/\/uninter.com\/mestrado\/wp-json\/wp\/v2\/pages\/239\/revisions\/4794"}],"wp:attachment":[{"href":"https:\/\/uninter.com\/mestrado\/wp-json\/wp\/v2\/media?parent=239"}],"curies":[{"name":"wp","href":"https:\/\/api.w.org\/{rel}","templated":true}]}}