{"id":2375,"date":"2021-10-18T08:26:56","date_gmt":"2021-10-18T11:26:56","guid":{"rendered":"https:\/\/www.uninter.com\/mestrado\/?page_id=2375"},"modified":"2025-08-13T09:48:08","modified_gmt":"2025-08-13T12:48:08","slug":"direito-disciplinas-e-ementas","status":"publish","type":"page","link":"https:\/\/uninter.com\/mestrado\/direito-disciplinas-e-ementas\/","title":{"rendered":"Disciplinas e Ementas"},"content":{"rendered":"<h1>DISCIPLINAS E EMENTAS<\/h1>\n<p><strong>OBRIGAT\u00d3RIA COMUM (LINHAS 1, 2 E 3):<\/strong><\/p>\n<p><a href=\"https:\/\/www.uninter.com\/mestrado\/wp-content\/uploads\/2024\/03\/OBL1L2.L3.Metodologia.EMENTA.RD_.pdf\">METODOLOGIA CIENT\u00cdFICA<\/a><\/p>\n<p><strong>OBRIGAT\u00d3RIAS DA LINHA 1:<\/strong><\/p>\n<p><a href=\"https:\/\/www.uninter.com\/mestrado\/wp-content\/uploads\/2024\/03\/L1.OB1_.FilosofiaPoliticaeDireito.EMENTA.AP_.pdf\">FILOSOFIA POL\u00cdTICA E DIREITO<\/a><\/p>\n<p><a href=\"https:\/\/www.uninter.com\/mestrado\/wp-content\/uploads\/2024\/03\/L1.OB2_.TeoriadoEstadoEMENTA.DGQ_.pdf\">TEORIA DO ESTADO<\/a><\/p>\n<p><a href=\"https:\/\/www.uninter.com\/mestrado\/wp-content\/uploads\/2024\/03\/L1.OB3_.TeoriaeJurisdInternDireitosHumanos.EMENTA.ACP_.pdf\">TEORIA E JURISDI\u00c7\u00c3O INTERNACIONAL DOS DIREITOS HUMANOS<\/a><\/p>\n<p><a href=\"https:\/\/www.uninter.com\/mestrado\/wp-content\/uploads\/2024\/03\/L1.OB4_.TeoriaeMetodHistDto.EMENTA.WGJ_.pdf\">TEORIA E METODOLOGIA DA HIST\u00d3RIA DO DIREITO<\/a><\/p>\n<p><strong>OBRIGAT\u00d3RIAS\u00a0 DA LINHA 2:<\/strong><\/p>\n<p><a href=\"https:\/\/www.uninter.com\/mestrado\/wp-content\/uploads\/2024\/03\/L2.OB1_.CriseCrtiticaJurisdPenal.EMENTA.RD_.pdf\">CRISE E CR\u00cdTICA DA JURISDI\u00c7\u00c3O PENAL<\/a><\/p>\n<p><a href=\"https:\/\/www.uninter.com\/mestrado\/wp-content\/uploads\/2024\/03\/L2.OB2_.DimensaoContempProcCivil.EMENTA.AB_.pdf\">DIMENS\u00c3O CONTEMPOR\u00c2NEA DO PROCESSO CIVIL<\/a><\/p>\n<p><a href=\"https:\/\/www.uninter.com\/mestrado\/wp-content\/uploads\/2024\/03\/L2.OB3_.SistemasJurisd.EMENTA.EB_.pdf\">SISTEMAS JURISDICIONAIS, JURISDI\u00c7\u00c3O CONSTITUCIONAL E SEGURAN\u00c7A JUR\u00cdDICA<\/a><\/p>\n<p><strong>OBRIGAT\u00d3RIAS DA L3:<\/strong><\/p>\n<p><a href=\"https:\/\/www.uninter.com\/mestrado\/wp-content\/uploads\/2024\/03\/L3.OB1_.AEDJurisdAtivEmp.EMENTA.MB_.pdf\">AN\u00c1LISE ECON\u00d4MICA DO DIREITO (AED): JURISDI\u00c7\u00c3O E ATIVIDADE EMPRESARIAL<\/a><\/p>\n<p><a href=\"https:\/\/www.uninter.com\/mestrado\/wp-content\/uploads\/2024\/03\/L3.OB2_.DireitoDigital.EMENTA.JA_.pdf\">DIREITO DIGITAL E DAS NOVAS TECNOLOGIAS NA ERA DA INFORMA\u00c7\u00c3O<\/a><\/p>\n<p><a href=\"https:\/\/www.uninter.com\/mestrado\/wp-content\/uploads\/2024\/03\/L3.OB3_.EmpresaEstadoDesenvEMENTA.DF_.pdf\">EMPRESA, ESTADO E DESENVOLVIMENTO ECON\u00d4MICO, SOCIAL E AMBIENTAL<\/a><\/p>\n<p><strong>OPTATIVAS DA LINHA DE PESQUISA 1:<\/strong><\/p>\n<p><a href=\"https:\/\/www.uninter.com\/mestrado\/wp-content\/uploads\/2025\/08\/OPTL1.CriticadaEconomiaPoliticaeDireito.EMENTA.MS_.pdf\">CR\u00cdTICA DA ECONOMIA POL\u00cdTICA E DIREITO<\/a><\/p>\n<p><a href=\"https:\/\/www.uninter.com\/mestrado\/wp-content\/uploads\/2024\/03\/L1.EL2_.1.HistoraEstadoModerno.EMENTA.WGJ_.pdf\">HIST\u00d3RIA DO ESTADO MODERNO<\/a><\/p>\n<p><a href=\"https:\/\/www.uninter.com\/mestrado\/wp-content\/uploads\/2024\/03\/L1.EL2_.2.HistoriaJurisdicao.EMENTA.WGJ_.pdf\">HIST\u00d3RIA DA JURISDI\u00c7\u00c3O<\/a><\/p>\n<p><a href=\"https:\/\/www.uninter.com\/mestrado\/wp-content\/uploads\/2024\/03\/L1.EL2_.3.HistoriaPensamentoJurMod.EMENTA.WGJ_.pdf\">HIST\u00d3RIA DO PENSAMENTO JUR\u00cdDICO MODERNO<\/a><\/p>\n<p><a href=\"https:\/\/www.uninter.com\/mestrado\/wp-content\/uploads\/2024\/03\/L1.EL3_.JurispTribunaisDireitosHumanoseFundam.EMENTA.ACP_.pdf\">JURISPRUD\u00caNCIA DOS TRIBUNAIS EM DIREITOS HUMANOS E FUNDAMENTAIS: ESTUDO DE CASOS<\/a><\/p>\n<p><a href=\"https:\/\/www.uninter.com\/mestrado\/wp-content\/uploads\/2024\/03\/L1.EL4_.TeoriasCriticasPoliticaEMENTA.DGQ_.pdf\">TEORIAS CR\u00cdTICAS DA POL\u00cdTICA CONTEMPOR\u00c2NEA<\/a><\/p>\n<p><strong>OPTATIVAS DA LINHA DE PESQUISA 2:<\/strong><\/p>\n<p><a href=\"https:\/\/www.uninter.com\/mestrado\/wp-content\/uploads\/2025\/08\/OPTL2.ConstFeminista.EMENTA.AO_.pdf\">CONSTITUCIONALISMO FEMINISTA<\/a><\/p>\n<p><a href=\"https:\/\/www.uninter.com\/mestrado\/wp-content\/uploads\/2024\/03\/L2.EL1_.2.CriseEstJurisdEraDigital.EMENTA.EB_.pdf\">CRISE DO ESTADO E DA JURISDI\u00c7\u00c3O NA ERA DIGITAL<\/a><\/p>\n<p><a href=\"https:\/\/www.uninter.com\/mestrado\/wp-content\/uploads\/2024\/03\/L2.EL1_.3.JurisdConstComparada.EMENTA.EB_.pdf\">JURISDI\u00c7\u00c3O CONSTITUCIONAL COMPARADA<\/a><\/p>\n<p><a href=\"https:\/\/www.uninter.com\/mestrado\/wp-content\/uploads\/2024\/03\/L2.EL2_.1.CriseJurisdFormasAltResolConflitos.EMENTA.AB_.pdf\">CRISE DE JURISDI\u00c7\u00c3O E FORMAS ALTERNATIVAS DE RESOLU\u00c7\u00c3O DE CONFLITOS<\/a><\/p>\n<p><a href=\"https:\/\/www.uninter.com\/mestrado\/wp-content\/uploads\/2024\/03\/L2.EL2_.2.TutelaJurisdDtosConsumidor.EMENTA.AB_.pdf\">TUTELA JURISDICIONAL DOS DIREITOS DO CONSUMIDOR<\/a><\/p>\n<p><a href=\"https:\/\/www.uninter.com\/mestrado\/wp-content\/uploads\/2024\/03\/L2.EL3_.JurisdInternacPoderPunitivo.EMENTA.RD_.pdf\">JURISDI\u00c7\u00d5ES INTERNACIONAIS E PODER PUNITIVO<\/a><\/p>\n<p><a href=\"https:\/\/www.uninter.com\/mestrado\/wp-content\/uploads\/2024\/03\/L2.EL4_.ControlesAP.EMENTA.DF_.pdf\">CONTROLES DA ADMINISTRA\u00c7\u00c3O P\u00daBLICA NA CONTEMPORANEIDADE<\/a><\/p>\n<p><a href=\"https:\/\/www.uninter.com\/mestrado\/wp-content\/uploads\/2024\/03\/L2.EL5_.JurimetriaEanaliseempirica.EMENTA.MB_.pdf\">JURIMETRIA E AN\u00c1LISE EMPIRICA DA ATIVIDADE JURISDICIONAL<\/a><\/p>\n<p><strong>OPTATIVAS DA LINHA DE PESQUISA 3:<\/strong><\/p>\n<p><a href=\"https:\/\/www.uninter.com\/mestrado\/wp-content\/uploads\/2024\/03\/L3.EL1_.1.CrisedaEmpresaeRecuperacao.EMENTA.MB_.pdf\">CRISE DA EMPRESA E REESTRUTURA\u00c7\u00c3O: DOS CONFLITOS JUDICIAIS \u00c0 GOVERNAN\u00c7A CORPORATIVA<\/a><\/p>\n<p><a href=\"https:\/\/www.uninter.com\/mestrado\/wp-content\/uploads\/2024\/03\/L3.EL2_.DireitoAdministrativoSancionador.EMENTA.DF_.pdf\">DIREITO ADMINISTRATIVO SANCIONADOR<\/a><\/p>\n<p><a href=\"https:\/\/www.uninter.com\/mestrado\/wp-content\/uploads\/2024\/03\/L3.EL3_.TemasatuaisDireitoDigital.EMENTA.JAeMB_.pdf\">TEMAS ATUAIS DE DIREITO DIGITAL<\/a><\/p>\n<p><strong>DIREITO DO TRABALHO, NOVAS TECNOLOGIAS E DESENVOLVIMENTO<\/strong><\/p>\n<p><strong>OBSERVA\u00c7\u00d5ES: <\/strong><\/p>\n<p><strong>(1) Com aval do(a) Professor(a) Orientador(a), ser\u00e1 poss\u00edvel\u00a0 cursar disciplina optativa em linha diversa da pr\u00f3pria, mas desde que justificada sua necessidade (ou import\u00e2ncia) e afinidade tem\u00e1tica com o projeto da disserta\u00e7\u00e3o.<\/strong><\/p>\n<p><strong>(2) O rol de disciplinas optativas \u00e9 flutuante, podendo ser alterado (mediante inclus\u00e3o, exclus\u00e3o ou altera\u00e7\u00e3o) a partir das necessidades das pesquisas em curso quando de cada oferta.<\/strong><\/p>\n","protected":false},"excerpt":{"rendered":"<p>DISCIPLINAS E EMENTAS OBRIGAT\u00d3RIA COMUM (LINHAS 1, 2 E 3): METODOLOGIA CIENT\u00cdFICA OBRIGAT\u00d3RIAS DA LINHA 1: FILOSOFIA POL\u00cdTICA E DIREITO TEORIA DO ESTADO TEORIA E JURISDI\u00c7\u00c3O INTERNACIONAL DOS DIREITOS HUMANOS TEORIA E METODOLOGIA DA HIST\u00d3RIA DO DIREITO OBRIGAT\u00d3RIAS\u00a0 DA LINHA 2: CRISE E CR\u00cdTICA DA JURISDI\u00c7\u00c3O PENAL DIMENS\u00c3O CONTEMPOR\u00c2NEA DO PROCESSO CIVIL SISTEMAS JURISDICIONAIS, JURISDI\u00c7\u00c3O [&hellip;]<\/p>\n","protected":false},"author":1,"featured_media":0,"parent":0,"menu_order":0,"comment_status":"closed","ping_status":"closed","template":"","meta":{"footnotes":""},"class_list":["post-2375","page","type-page","status-publish","hentry","post"],"_links":{"self":[{"href":"https:\/\/uninter.com\/mestrado\/wp-json\/wp\/v2\/pages\/2375","targetHints":{"allow":["GET"]}}],"collection":[{"href":"https:\/\/uninter.com\/mestrado\/wp-json\/wp\/v2\/pages"}],"about":[{"href":"https:\/\/uninter.com\/mestrado\/wp-json\/wp\/v2\/types\/page"}],"author":[{"embeddable":true,"href":"https:\/\/uninter.com\/mestrado\/wp-json\/wp\/v2\/users\/1"}],"replies":[{"embeddable":true,"href":"https:\/\/uninter.com\/mestrado\/wp-json\/wp\/v2\/comments?post=2375"}],"version-history":[{"count":21,"href":"https:\/\/uninter.com\/mestrado\/wp-json\/wp\/v2\/pages\/2375\/revisions"}],"predecessor-version":[{"id":4643,"href":"https:\/\/uninter.com\/mestrado\/wp-json\/wp\/v2\/pages\/2375\/revisions\/4643"}],"wp:attachment":[{"href":"https:\/\/uninter.com\/mestrado\/wp-json\/wp\/v2\/media?parent=2375"}],"curies":[{"name":"wp","href":"https:\/\/api.w.org\/{rel}","templated":true}]}}