{"id":2106,"date":"2021-01-20T10:06:47","date_gmt":"2021-01-20T13:06:47","guid":{"rendered":"https:\/\/www.uninter.com\/mestrado\/?page_id=2106"},"modified":"2026-04-27T16:31:22","modified_gmt":"2026-04-27T19:31:22","slug":"ementa-e-bibliografia","status":"publish","type":"page","link":"https:\/\/uninter.com\/mestrado\/ementa-e-bibliografia\/","title":{"rendered":"Ementa e bibliografia Mestrado"},"content":{"rendered":"<h3>DISCIPLINAS ISOLADAS 2<strong>\u00ba SEMESTRE\/2026<\/strong><\/h3>\n<p><strong>QUINTA-FEIRA \u2013 das 13h30 \u00e0s 17h50 \u2013 aulas presenciais (s\u00edncronas) a cada 15 dias<\/strong><\/p>\n<ul>\n<li><a href=\"https:\/\/www.uninter.com\/mestrado\/wp-content\/uploads\/2026\/04\/2-SEMESTRE_Optativa-e-Isolada_Mestrado-e-Doutorado_INTELIGENCIA-ARTIFICIAL-APLICADA-A-EDUCACAO.pdf\" target=\"_blank\" rel=\"noopener\">INTELIG\u00caNCIA ARTIFICIAL APLICADA \u00c0 EDUCA\u00c7\u00c3O<\/a><\/li>\n<li><a href=\"https:\/\/www.uninter.com\/mestrado\/wp-content\/uploads\/2026\/04\/2-SEMESTRE_Optativa-e-Isolada_Mestrado-e-Doutorado_A-EDUCACAO-A-DISTANCIA-HISTORIA.pdf\" target=\"_blank\" rel=\"noopener\">A EDUCA\u00c7\u00c3O A DIST\u00c2NCIA: HIST\u00d3RIA, CONCEP\u00c7\u00d5ES E PERSPECTIVAS<\/a><\/li>\n<\/ul>\n<p>&nbsp;<\/p>\n<p><strong>SEXTA-FEIRA \u2013 das 13h30 \u00e0s 17h50 &#8211; aulas presenciais (s\u00edncronas) a cada 15 dias<\/strong><\/p>\n<ul>\n<li><a href=\"https:\/\/www.uninter.com\/mestrado\/wp-content\/uploads\/2026\/04\/2-SEMESTRE_Optativa-e-Isolada_Mestrado-e-Doutorado_MULTICULTURALISMO-EDUCACAO-E-NOVAS-TECNOLOGIAS.pdf\" target=\"_blank\" rel=\"noopener\">MULTICULTURALISMO, EDUCA\u00c7\u00c3O E NOVAS TECNOLOGIAS<\/a><\/li>\n<li><a href=\"https:\/\/www.uninter.com\/mestrado\/wp-content\/uploads\/2026\/04\/2-SEMESTRE_Optativa-e-Isolada_Mestrado-e-Doutorado_Relacoes-entre-Educ.-Tecnol.-Humanismo-e-Etica_Waldirene-v.pdf\" target=\"_blank\" rel=\"noopener\">RELA\u00c7\u00d5ES ENTRE EDUCA\u00c7\u00c3O, TECNOLOGIA, HUMANISMO E \u00c9TICA<\/a><\/li>\n<li><a href=\"https:\/\/www.uninter.com\/mestrado\/wp-content\/uploads\/2026\/04\/2-SEMESTRE_Optativa-e-Isolada_Mestrado-e-Doutorado_CIENCIA-TECNOLOGIA-E-SOCIEDADE-NA-EDUCACAO_Daniel-v.pdf\" target=\"_blank\" rel=\"noopener\">CI\u00caNCIA, TECNOLOGIA E SOCIEDADE NA EDUCA\u00c7\u00c3O<\/a><\/li>\n<\/ul>\n","protected":false},"excerpt":{"rendered":"<p>DISCIPLINAS ISOLADAS 2\u00ba SEMESTRE\/2026 QUINTA-FEIRA \u2013 das 13h30 \u00e0s 17h50 \u2013 aulas presenciais (s\u00edncronas) a cada 15 dias INTELIG\u00caNCIA ARTIFICIAL APLICADA \u00c0 EDUCA\u00c7\u00c3O A EDUCA\u00c7\u00c3O A DIST\u00c2NCIA: HIST\u00d3RIA, CONCEP\u00c7\u00d5ES E PERSPECTIVAS &nbsp; SEXTA-FEIRA \u2013 das 13h30 \u00e0s 17h50 &#8211; aulas presenciais (s\u00edncronas) a cada 15 dias MULTICULTURALISMO, EDUCA\u00c7\u00c3O E NOVAS TECNOLOGIAS RELA\u00c7\u00d5ES ENTRE EDUCA\u00c7\u00c3O, TECNOLOGIA, [&hellip;]<\/p>\n","protected":false},"author":1,"featured_media":0,"parent":0,"menu_order":0,"comment_status":"closed","ping_status":"closed","template":"page-curso-mestrado-disciplinas-isoladas.php","meta":{"footnotes":""},"class_list":["post-2106","page","type-page","status-publish","hentry","post"],"_links":{"self":[{"href":"https:\/\/uninter.com\/mestrado\/wp-json\/wp\/v2\/pages\/2106","targetHints":{"allow":["GET"]}}],"collection":[{"href":"https:\/\/uninter.com\/mestrado\/wp-json\/wp\/v2\/pages"}],"about":[{"href":"https:\/\/uninter.com\/mestrado\/wp-json\/wp\/v2\/types\/page"}],"author":[{"embeddable":true,"href":"https:\/\/uninter.com\/mestrado\/wp-json\/wp\/v2\/users\/1"}],"replies":[{"embeddable":true,"href":"https:\/\/uninter.com\/mestrado\/wp-json\/wp\/v2\/comments?post=2106"}],"version-history":[{"count":29,"href":"https:\/\/uninter.com\/mestrado\/wp-json\/wp\/v2\/pages\/2106\/revisions"}],"predecessor-version":[{"id":4925,"href":"https:\/\/uninter.com\/mestrado\/wp-json\/wp\/v2\/pages\/2106\/revisions\/4925"}],"wp:attachment":[{"href":"https:\/\/uninter.com\/mestrado\/wp-json\/wp\/v2\/media?parent=2106"}],"curies":[{"name":"wp","href":"https:\/\/api.w.org\/{rel}","templated":true}]}}