{"id":1705,"date":"2020-05-21T09:24:35","date_gmt":"2020-05-21T12:24:35","guid":{"rendered":"https:\/\/www.uninter.com\/mestrado\/?page_id=1705"},"modified":"2025-06-12T14:17:26","modified_gmt":"2025-06-12T17:17:26","slug":"bolsa-colaborador-doutorado","status":"publish","type":"page","link":"https:\/\/uninter.com\/mestrado\/bolsa-colaborador-doutorado\/","title":{"rendered":"Doutorado &#8211; Inicia\u00e7\u00e3o Cient\u00edfica\u00a0"},"content":{"rendered":"<h1 class=\"x_MsoNormal\"><span data-olk-copy-source=\"MessageBody\">Bolsas de Inicia\u00e7\u00e3o Cient\u00edfica\u00a0<\/span><\/h1>\n<p class=\"x_MsoNormal\">Os aspectos de integra\u00e7\u00e3o entre o PPGENT e a gradua\u00e7\u00e3o apresentam um conjunto de atividades de ensino, pesquisa e extens\u00e3o com vistas \u00e0 integra\u00e7\u00e3o entre gradua\u00e7\u00e3o e p\u00f3s-gradua\u00e7\u00e3o, contribuindo com a qualidade no ensino da gradua\u00e7\u00e3o, com a forma\u00e7\u00e3o na inicia\u00e7\u00e3o cient\u00edfica e com a forma\u00e7\u00e3o de quadro de docentes qualificados. Al\u00e9m das aulas ministradas, elenca-se a participa\u00e7\u00e3o dos docentes no Programa de Pesquisa Docente institucional ligado a um projeto de pesquisa com ader\u00eancia de sua \u00e1rea, e que reverbera na orienta\u00e7\u00e3o de alunos da gradua\u00e7\u00e3o no Programa de IC.<\/p>\n<p class=\"x_MsoNormal\">Os docentes do PPGENT atuam de forma cont\u00ednua e articulada \u00e0 pol\u00edtica de IC da Uninter, estendendo a atua\u00e7\u00e3o dos seus projetos de pesquisa \u00e0 participa\u00e7\u00e3o dos discentes da gradua\u00e7\u00e3o.<\/p>\n<p class=\"x_MsoNormal\">Observa-se abaixo a rela\u00e7\u00e3o dos bolsistas de Inicia\u00e7\u00e3o cient\u00edficas no quadri\u00eanio 2021-2024:<\/p>\n<p class=\"x_MsoNormal\"><a href=\"https:\/\/www.uninter.com\/mestrado\/wp-content\/uploads\/2025\/06\/IC-2024.pdf\">BOLSISTAS IC 2024<\/a><\/p>\n<p><a href=\"https:\/\/www.uninter.com\/mestrado\/wp-content\/uploads\/2025\/06\/IC-2023.pdf\">BOLSISTAS IC 2023<\/a><\/p>\n<p class=\"x_MsoNormal\"><a href=\"https:\/\/www.uninter.com\/mestrado\/wp-content\/uploads\/2025\/06\/IC-2022.pdf\">BOLSISTAS IC 2022<\/a><\/p>\n<p class=\"x_MsoNormal\"><a href=\"https:\/\/www.uninter.com\/mestrado\/wp-content\/uploads\/2025\/06\/IC-2021.pdf\">BOLSISTAS IC 2021<\/a><\/p>\n","protected":false},"excerpt":{"rendered":"<p>Bolsas de Inicia\u00e7\u00e3o Cient\u00edfica\u00a0 Os aspectos de integra\u00e7\u00e3o entre o PPGENT e a gradua\u00e7\u00e3o apresentam um conjunto de atividades de ensino, pesquisa e extens\u00e3o com vistas \u00e0 integra\u00e7\u00e3o entre gradua\u00e7\u00e3o e p\u00f3s-gradua\u00e7\u00e3o, contribuindo com a qualidade no ensino da gradua\u00e7\u00e3o, com a forma\u00e7\u00e3o na inicia\u00e7\u00e3o cient\u00edfica e com a forma\u00e7\u00e3o de quadro de docentes qualificados. [&hellip;]<\/p>\n","protected":false},"author":1,"featured_media":0,"parent":0,"menu_order":0,"comment_status":"closed","ping_status":"closed","template":"page-curso-doutorado-educacao.php","meta":{"footnotes":""},"class_list":["post-1705","page","type-page","status-publish","hentry","post"],"_links":{"self":[{"href":"https:\/\/uninter.com\/mestrado\/wp-json\/wp\/v2\/pages\/1705","targetHints":{"allow":["GET"]}}],"collection":[{"href":"https:\/\/uninter.com\/mestrado\/wp-json\/wp\/v2\/pages"}],"about":[{"href":"https:\/\/uninter.com\/mestrado\/wp-json\/wp\/v2\/types\/page"}],"author":[{"embeddable":true,"href":"https:\/\/uninter.com\/mestrado\/wp-json\/wp\/v2\/users\/1"}],"replies":[{"embeddable":true,"href":"https:\/\/uninter.com\/mestrado\/wp-json\/wp\/v2\/comments?post=1705"}],"version-history":[{"count":12,"href":"https:\/\/uninter.com\/mestrado\/wp-json\/wp\/v2\/pages\/1705\/revisions"}],"predecessor-version":[{"id":4520,"href":"https:\/\/uninter.com\/mestrado\/wp-json\/wp\/v2\/pages\/1705\/revisions\/4520"}],"wp:attachment":[{"href":"https:\/\/uninter.com\/mestrado\/wp-json\/wp\/v2\/media?parent=1705"}],"curies":[{"name":"wp","href":"https:\/\/api.w.org\/{rel}","templated":true}]}}