{"id":1391,"date":"2019-12-16T16:16:35","date_gmt":"2019-12-16T19:16:35","guid":{"rendered":"https:\/\/www.uninter.com\/mestrado\/?page_id=1391"},"modified":"2023-04-05T15:44:04","modified_gmt":"2023-04-05T18:44:04","slug":"doutorado-modelos-de-documentos","status":"publish","type":"page","link":"https:\/\/uninter.com\/mestrado\/doutorado-modelos-de-documentos\/","title":{"rendered":"Doutorado Modelo de Documentos"},"content":{"rendered":"<ul>\n<li><a href=\"https:\/\/www.uninter.com\/mestrado\/wp-content\/uploads\/2023\/04\/Modelo-Anteprojeto-para-Processo-Seletivo_Doutorado.pdf\">MODELO ANTEPROJETO PARA PROCESSO SELETIVO<\/a><\/li>\n<li><a href=\"https:\/\/www.uninter.com\/mestrado\/wp-content\/uploads\/2023\/04\/REQUERIMENTO-PARA-SOLICITA\u00c7\u00c3O-DE-EXAME-DE-SUFICI\u00caNCIA.pdf\">REQUERIMENTO PARA SOLICITA\u00c7\u00c3O DE EXAME DE SUFICI\u00caNCIA<\/a><\/li>\n<li><a href=\"https:\/\/www.uninter.com\/mestrado\/wp-content\/uploads\/2023\/04\/Requerimento-mudan\u00e7a-de-orientador.pdf\">REQUERIMENTO PARA MUDAN\u00c7A DE ORIENTADOR<\/a><\/li>\n<li><a href=\"https:\/\/www.uninter.com\/mestrado\/wp-content\/uploads\/2023\/04\/Requerimento-de-Prorroga\u00e7\u00e3o.pdf\">REQUERIMENTO PARA PRORROGA\u00c7\u00c3O DE PRAZO \u2013 QUALIFICA\u00c7\u00c3O E DEFESA<\/a><\/li>\n<\/ul>\n","protected":false},"excerpt":{"rendered":"<p>MODELO ANTEPROJETO PARA PROCESSO SELETIVO REQUERIMENTO PARA SOLICITA\u00c7\u00c3O DE EXAME DE SUFICI\u00caNCIA REQUERIMENTO PARA MUDAN\u00c7A DE ORIENTADOR REQUERIMENTO PARA PRORROGA\u00c7\u00c3O DE PRAZO \u2013 QUALIFICA\u00c7\u00c3O E DEFESA<\/p>\n","protected":false},"author":15,"featured_media":0,"parent":0,"menu_order":0,"comment_status":"closed","ping_status":"closed","template":"page-curso-doutorado-educacao.php","meta":{"footnotes":""},"class_list":["post-1391","page","type-page","status-publish","hentry","post"],"_links":{"self":[{"href":"https:\/\/uninter.com\/mestrado\/wp-json\/wp\/v2\/pages\/1391","targetHints":{"allow":["GET"]}}],"collection":[{"href":"https:\/\/uninter.com\/mestrado\/wp-json\/wp\/v2\/pages"}],"about":[{"href":"https:\/\/uninter.com\/mestrado\/wp-json\/wp\/v2\/types\/page"}],"author":[{"embeddable":true,"href":"https:\/\/uninter.com\/mestrado\/wp-json\/wp\/v2\/users\/15"}],"replies":[{"embeddable":true,"href":"https:\/\/uninter.com\/mestrado\/wp-json\/wp\/v2\/comments?post=1391"}],"version-history":[{"count":3,"href":"https:\/\/uninter.com\/mestrado\/wp-json\/wp\/v2\/pages\/1391\/revisions"}],"predecessor-version":[{"id":2985,"href":"https:\/\/uninter.com\/mestrado\/wp-json\/wp\/v2\/pages\/1391\/revisions\/2985"}],"wp:attachment":[{"href":"https:\/\/uninter.com\/mestrado\/wp-json\/wp\/v2\/media?parent=1391"}],"curies":[{"name":"wp","href":"https:\/\/api.w.org\/{rel}","templated":true}]}}