{"id":1357,"date":"2019-12-16T15:06:38","date_gmt":"2019-12-16T18:06:38","guid":{"rendered":"https:\/\/www.uninter.com\/mestrado\/?page_id=1357"},"modified":"2025-06-04T10:19:54","modified_gmt":"2025-06-04T13:19:54","slug":"doutorado-educacao-regulamentos","status":"publish","type":"page","link":"https:\/\/uninter.com\/mestrado\/doutorado-educacao-regulamentos\/","title":{"rendered":"Doutorado Educa\u00e7\u00e3o \u2013 Regulamentos"},"content":{"rendered":"<h1>Regulamentos<\/h1>\n<p><a href=\"https:\/\/www.uninter.com\/mestrado\/wp-content\/uploads\/2025\/06\/RESOLUCAO-83_REGULAMENTO-DA-POS-GRADUACAO-STRICTO-SENSU_EDUCACAO_REV-12032025_V4.pdf\">RESOLU\u00c7\u00c3O N\u00b0 83\/2025 \u2013 CEPE<\/a><br \/>\n[Regulamento Interno do Programa de P\u00f3s-Gradua\u00e7\u00e3o\u00a0<i>Stricto Sensu\u00a0<\/i>em Direito \u2013 PPGD, atualizada aos 12\/03\/2025)<\/p>\n<p><a href=\"https:\/\/www.uninter.com\/mestrado\/wp-content\/uploads\/2025\/06\/RESOLUCAO-100_REGULAMENTO-DA-POS-GRADUACAO-STRICTO-SENSU-DO-UNINTER_REV-12032025_V4.pdf\">RESOLU\u00c7\u00c3O N\u00ba100\/2015 \u2013 CEPE<\/a><br \/>\n(Regulamento Geral da P\u00f3s-Gradua\u00e7\u00e3o\u00a0<i>Stricto Sensu \u2013\u00a0<\/i>atualizada aos 12\/03\/2025)<\/p>\n<p><a title=\"https:\/\/uninter.com\/mestrado\/wp-content\/uploads\/2025\/05\/3.RESOLUCAO-2553-POLITICA-DE-USO-ETICO-DE-IA-PELOS-ALUNOS.pdf\" href=\"https:\/\/uninter.com\/mestrado\/wp-content\/uploads\/2025\/05\/3.RESOLUCAO-2553-POLITICA-DE-USO-ETICO-DE-IA-PELOS-ALUNOS.pdf\" data-auth=\"NotApplicable\" data-linkindex=\"2\">RESOLU\u00c7\u00c3O N\u00ba 2553\/2024 \u2013 CEPE<\/a><br \/>\n(Regulamenta o uso de ferramentas de Intelig\u00eancia Artificial -IA por alunos, para a realiza\u00e7\u00e3o das atividades acad\u00eamicas)<\/p>\n","protected":false},"excerpt":{"rendered":"<p>Regulamentos RESOLU\u00c7\u00c3O N\u00b0 83\/2025 \u2013 CEPE [Regulamento Interno do Programa de P\u00f3s-Gradua\u00e7\u00e3o\u00a0Stricto Sensu\u00a0em Direito \u2013 PPGD, atualizada aos 12\/03\/2025) RESOLU\u00c7\u00c3O N\u00ba100\/2015 \u2013 CEPE (Regulamento Geral da P\u00f3s-Gradua\u00e7\u00e3o\u00a0Stricto Sensu \u2013\u00a0atualizada aos 12\/03\/2025) RESOLU\u00c7\u00c3O N\u00ba 2553\/2024 \u2013 CEPE (Regulamenta o uso de ferramentas de Intelig\u00eancia Artificial -IA por alunos, para a realiza\u00e7\u00e3o das atividades acad\u00eamicas)<\/p>\n","protected":false},"author":15,"featured_media":0,"parent":0,"menu_order":0,"comment_status":"closed","ping_status":"closed","template":"page-curso-doutorado-educacao.php","meta":{"footnotes":""},"class_list":["post-1357","page","type-page","status-publish","hentry","post"],"_links":{"self":[{"href":"https:\/\/uninter.com\/mestrado\/wp-json\/wp\/v2\/pages\/1357","targetHints":{"allow":["GET"]}}],"collection":[{"href":"https:\/\/uninter.com\/mestrado\/wp-json\/wp\/v2\/pages"}],"about":[{"href":"https:\/\/uninter.com\/mestrado\/wp-json\/wp\/v2\/types\/page"}],"author":[{"embeddable":true,"href":"https:\/\/uninter.com\/mestrado\/wp-json\/wp\/v2\/users\/15"}],"replies":[{"embeddable":true,"href":"https:\/\/uninter.com\/mestrado\/wp-json\/wp\/v2\/comments?post=1357"}],"version-history":[{"count":7,"href":"https:\/\/uninter.com\/mestrado\/wp-json\/wp\/v2\/pages\/1357\/revisions"}],"predecessor-version":[{"id":4481,"href":"https:\/\/uninter.com\/mestrado\/wp-json\/wp\/v2\/pages\/1357\/revisions\/4481"}],"wp:attachment":[{"href":"https:\/\/uninter.com\/mestrado\/wp-json\/wp\/v2\/media?parent=1357"}],"curies":[{"name":"wp","href":"https:\/\/api.w.org\/{rel}","templated":true}]}}