{"id":1355,"date":"2019-12-16T15:06:04","date_gmt":"2019-12-16T18:06:04","guid":{"rendered":"https:\/\/www.uninter.com\/mestrado\/?page_id=1355"},"modified":"2026-02-09T08:32:21","modified_gmt":"2026-02-09T11:32:21","slug":"doutorado-educacao-plano-de-integralizacao-de-creditos","status":"publish","type":"page","link":"https:\/\/uninter.com\/mestrado\/doutorado-educacao-plano-de-integralizacao-de-creditos\/","title":{"rendered":"Doutorado Educa\u00e7\u00e3o \u2013 Plano de integraliza\u00e7\u00e3o de cr\u00e9ditos"},"content":{"rendered":"<style>\n  table {\n    border-collapse: collapse; \/* Merges cell borders *\/\n    width: 100%;\n  }\n  table, th, td {\n    border: 1px solid black; \/* Sets 1px black border *\/\n  }\n<\/style>\n<h1 style=\"text-align: left;\">MATRIZ DE INTEGRALIZA\u00c7\u00c3O DE CR\u00c9DITOS PARA O DOUTORADO<\/h1>\n<table  width=\"100%\">\n<tbody>\n<tr>\n<td colspan=\"5\" width=\"652\">\n<p style=\"text-align: center;\"><strong>DOUTORADO PROFISSIONAL EM EDUCA\u00c7\u00c3O E NOVAS TECNOLOGIAS<\/strong><\/p>\n<p style=\"text-align: center;\"><strong>\u00c1REA DE CONCENTRA\u00c7\u00c3O: Educa\u00e7\u00e3o e Novas Tecnologias<\/strong><\/p>\n<\/td>\n<\/tr>\n<tr>\n<td colspan=\"5\" width=\"652\"><strong>LINHA DE PESQUISA: Forma\u00e7\u00e3o Docente e Novas Tecnologias na Educa\u00e7\u00e3o<\/strong><\/td>\n<\/tr>\n<tr>\n<td rowspan=\"2\" width=\"129\"><strong>ESTRUTURA CURRICULAR<\/strong><\/td>\n<td style=\"text-align: center;\" colspan=\"4\" width=\"522\"><strong>CARGA HOR\u00c1RIA<\/strong><\/td>\n<\/tr>\n<tr>\n<td style=\"text-align: center;\" width=\"72\"><strong>Cr\u00e9ditos<\/strong><\/td>\n<td width=\"60\">\n<p style=\"text-align: center;\"><strong>Hora\/<\/strong><strong>Estudo<\/strong><\/p>\n<\/td>\n<td width=\"88\">\n<p style=\"text-align: center;\"><strong>Semestres <\/strong><strong>Prazos<\/strong><\/p>\n<\/td>\n<td style=\"text-align: center;\" width=\"303\"><strong>Total<\/strong><\/td>\n<\/tr>\n<tr>\n<td width=\"129\">DISCIPLINAS OBRIGAT\u00d3RIAS<\/td>\n<td style=\"text-align: center;\" width=\"72\">9<\/td>\n<td style=\"text-align: center;\" width=\"60\">135<\/td>\n<td style=\"text-align: center;\" width=\"88\">1\u00ba ao 2\u00ba<\/td>\n<td width=\"303\">3 Disciplinas:<\/p>\n<ol>\n<li>Semin\u00e1rio de Forma\u00e7\u00e3o e Desenvolvimento Profissional para as Tecnologias;<\/li>\n<li>Semin\u00e1rio Avan\u00e7ado de Filosofia da Tecnologia;<\/li>\n<li>Semin\u00e1rio de Pesquisa Avan\u00e7ada<\/li>\n<\/ol>\n<\/td>\n<\/tr>\n<tr>\n<td width=\"129\">DISCIPLINAS OPTATIVAS<\/td>\n<td style=\"text-align: center;\" width=\"72\">9<\/td>\n<td style=\"text-align: center;\" width=\"60\">135<\/td>\n<td style=\"text-align: center;\" width=\"88\">1\u00ba ao 2\u00ba<\/td>\n<td width=\"303\">3 Disciplinas (H\u00e1 varia\u00e7\u00e3o em cada semestre)<\/td>\n<\/tr>\n<tr>\n<td rowspan=\"3\" width=\"129\">ATIVIDADES PROGRAMADAS<\/td>\n<td style=\"text-align: center;\" rowspan=\"3\" width=\"72\">8<\/td>\n<td style=\"text-align: center;\" rowspan=\"3\" width=\"60\">120<\/td>\n<td style=\"text-align: center;\" width=\"88\">1\u00ba ao 4\u00ba<\/td>\n<td width=\"303\"><strong>2 CR\u00c9DITOS <\/strong>= 1 artigo publicado com o orientador (Revista Qualis A1, A2, A3, A4, B1, B2, B3 ou B4) + 1 artigo submetido com o orientador (Revista Qualis A1, A2, A3, A4)<\/td>\n<\/tr>\n<tr>\n<td style=\"text-align: center;\" width=\"88\">2\u00b0<\/td>\n<td width=\"303\"><strong>1 CR\u00c9DITO = <\/strong>T\u00f3picos de Pesquisa Avan\u00e7ada<\/td>\n<\/tr>\n<tr>\n<td style=\"text-align: center;\" width=\"88\">1\u00b0 e 2\u00b0<\/td>\n<td width=\"303\"><strong>Maratona Doutoral<\/strong><\/p>\n<p><strong>1 Cr\u00e9dito: <\/strong>Avalia\u00e7\u00e3o de artigos cient\u00edficos em peri\u00f3dicos e eventos<\/p>\n<p><strong>2 CR\u00c9DITOS = <\/strong>Laborat\u00f3rio de Novas Tecnologias<\/p>\n<p><strong>2 CR\u00c9DITOS = <\/strong>Atividades de Inser\u00e7\u00e3o Social<\/td>\n<\/tr>\n<tr>\n<td width=\"129\">TRABALHO DE CONCLUS\u00c3O DE CURSO<\/td>\n<td style=\"text-align: center;\" width=\"72\">12<\/td>\n<td style=\"text-align: center;\" width=\"60\">180<\/td>\n<td width=\"88\">\n<p style=\"text-align: center;\">1\u00ba ao 4\u00ba \/<\/p>\n<p style=\"text-align: center;\">5\u00b0 ao 6\u00b0<\/p>\n<\/td>\n<td width=\"303\">Qualifica\u00e7\u00e3o e defesa do trabalho de conclus\u00e3o de curso<\/td>\n<\/tr>\n<tr>\n<td colspan=\"4\" width=\"349\">MESTRADO CONCLU\u00cdDO<\/td>\n<td width=\"303\"><strong>30 CR\u00c9DITOS<\/strong><\/td>\n<\/tr>\n<tr>\n<td colspan=\"4\" width=\"349\"><strong>TOTAL DE HORAS<\/strong><\/td>\n<td width=\"303\"><strong>1020<\/strong><\/td>\n<\/tr>\n<tr>\n<td colspan=\"4\" width=\"349\"><strong>TOTAL DE CR\u00c9DITOS<\/strong><\/td>\n<td width=\"303\"><strong>68<\/strong><\/td>\n<\/tr>\n<\/tbody>\n<\/table>\n<p>&nbsp;<\/p>\n<p>&nbsp;<\/p>\n","protected":false},"excerpt":{"rendered":"<p>MATRIZ DE INTEGRALIZA\u00c7\u00c3O DE CR\u00c9DITOS PARA O DOUTORADO DOUTORADO PROFISSIONAL EM EDUCA\u00c7\u00c3O E NOVAS TECNOLOGIAS \u00c1REA DE CONCENTRA\u00c7\u00c3O: Educa\u00e7\u00e3o e Novas Tecnologias LINHA DE PESQUISA: Forma\u00e7\u00e3o Docente e Novas Tecnologias na Educa\u00e7\u00e3o ESTRUTURA CURRICULAR CARGA HOR\u00c1RIA Cr\u00e9ditos Hora\/Estudo Semestres Prazos Total DISCIPLINAS OBRIGAT\u00d3RIAS 9 135 1\u00ba ao 2\u00ba 3 Disciplinas: Semin\u00e1rio de Forma\u00e7\u00e3o e Desenvolvimento [&hellip;]<\/p>\n","protected":false},"author":15,"featured_media":0,"parent":0,"menu_order":0,"comment_status":"closed","ping_status":"closed","template":"page-curso-doutorado-educacao.php","meta":{"footnotes":""},"class_list":["post-1355","page","type-page","status-publish","hentry","post"],"_links":{"self":[{"href":"https:\/\/uninter.com\/mestrado\/wp-json\/wp\/v2\/pages\/1355","targetHints":{"allow":["GET"]}}],"collection":[{"href":"https:\/\/uninter.com\/mestrado\/wp-json\/wp\/v2\/pages"}],"about":[{"href":"https:\/\/uninter.com\/mestrado\/wp-json\/wp\/v2\/types\/page"}],"author":[{"embeddable":true,"href":"https:\/\/uninter.com\/mestrado\/wp-json\/wp\/v2\/users\/15"}],"replies":[{"embeddable":true,"href":"https:\/\/uninter.com\/mestrado\/wp-json\/wp\/v2\/comments?post=1355"}],"version-history":[{"count":12,"href":"https:\/\/uninter.com\/mestrado\/wp-json\/wp\/v2\/pages\/1355\/revisions"}],"predecessor-version":[{"id":4862,"href":"https:\/\/uninter.com\/mestrado\/wp-json\/wp\/v2\/pages\/1355\/revisions\/4862"}],"wp:attachment":[{"href":"https:\/\/uninter.com\/mestrado\/wp-json\/wp\/v2\/media?parent=1355"}],"curies":[{"name":"wp","href":"https:\/\/api.w.org\/{rel}","templated":true}]}}