{"id":1343,"date":"2019-12-16T15:03:00","date_gmt":"2019-12-16T18:03:00","guid":{"rendered":"https:\/\/www.uninter.com\/mestrado\/?page_id=1343"},"modified":"2025-12-04T11:00:59","modified_gmt":"2025-12-04T14:00:59","slug":"doutorado-educacao-disciplinas-optativas","status":"publish","type":"page","link":"https:\/\/uninter.com\/mestrado\/doutorado-educacao-disciplinas-optativas\/","title":{"rendered":"Doutorado Educa\u00e7\u00e3o \u2013 Disciplinas Eletivas"},"content":{"rendered":"<div id=\"accordion-1\" class=\"accordion no-js\" role=\"tablist\" aria-multiselectable=\"true\"><\/p>\n<h1><h3 id=\"accordion-1-t1\" class=\"accordion-title\" role=\"tab\" aria-controls=\"accordion-1-c1\" aria-selected=\"false\" aria-expanded=\"false\" tabindex=\"0\" >DISCIPLINAS ELETIVAS 2026\/01<\/h3><div id=\"accordion-1-c1\" class=\"accordion-content\" role=\"tabpanel\" aria-labelledby=\"accordion-1-t1\" aria-hidden=\"true\"><\/h1>\n<p><span data-olk-copy-source=\"MessageBody\">QUINTA-FEIRA \u2013 das 13h30 \u00e0s 17h50 &#8211; aulas a cada 15 dias<\/span><\/p>\n<ul>\n<li><a href=\"https:\/\/www.uninter.com\/mestrado\/wp-content\/uploads\/2025\/12\/1o-Sem.-Optativa-e-Isolada_Mestrado-e-Doutorado_DOCENCIA-SABERES-E-PRATICAS-PARA-DIFERENTES-NIVEIS-E-MODALIDADES-DE-ENSINO_Joana.pdf\">DOC\u00caNCIA: SABERES E PR\u00c1TICAS PARA DIFERENTES N\u00cdVEIS E MODALIDADES DE ENSINO<\/a><\/li>\n<li><a href=\"https:\/\/www.uninter.com\/mestrado\/wp-content\/uploads\/2025\/12\/1o-Sem.-Optativa-e-Isolada_LINGUA-LINGUAGENS-E-A-PRODUCAO-DE-SENTIDOS_Jeferson.pdf\">L\u00cdNGUA, LINGUAGENS E A PRODU\u00c7\u00c3O DE SENTIDOS<\/a><\/li>\n<li><a href=\"https:\/\/www.uninter.com\/mestrado\/wp-content\/uploads\/2025\/12\/1o-Sem.-Optativa-e-Isolada_Mestrado-e-Doutorado_CIDADE-EDUCADORA-ESCOLA-E-UNIVERSIDADE-NA-ERA-DA-GLOBALIZACAO_Alceli.pdf\">POL\u00cdTICA EDUCACIONAL BRASILEIRA: REVOLU\u00c7\u00d5ES TECNOL\u00d3GICAS NA FORMA\u00c7\u00c3O DOCENTE<\/a><\/li>\n<\/ul>\n<p><span data-olk-copy-source=\"MessageBody\">SEXTA-FEIRA \u2013 das 13h30 \u00e0s 17h50 \u2013 aulas a cada 15 dias<\/span><\/p>\n<ul>\n<li><a href=\"https:\/\/www.uninter.com\/mestrado\/wp-content\/uploads\/2025\/12\/1o-Sem.-Optativa-e-Isolada_Mestrado-e-Doutorado_CIDADE-EDUCADORA-ESCOLA-E-UNIVERSIDADE-NA-ERA-DA-GLOBALIZACAO_Alceli-1.pdf\">CIDADE EDUCADORA, ESCOLA E UNIVERSIDADE NA ERA DA GLOBALIZA\u00c7\u00c3O<\/a><\/li>\n<li><a href=\"https:\/\/www.uninter.com\/mestrado\/wp-content\/uploads\/2025\/12\/EDUCACAO-MEIOS-DE-COMUNICACAO-E-REDES-SOCIAIS.pdf\">EDUCA\u00c7\u00c3O, MEIOS DE COMUNICA\u00c7\u00c3O E REDES SOCIAIS<\/a><\/li>\n<\/ul>\n<p><\/div><\/div>\n<div id=\"accordion-2\" class=\"accordion no-js\" role=\"tablist\" aria-multiselectable=\"true\"><\/p>\n<h1><h3 id=\"accordion-2-t1\" class=\"accordion-title\" role=\"tab\" aria-controls=\"accordion-2-c1\" aria-selected=\"false\" aria-expanded=\"false\" tabindex=\"0\" >DISCIPLINAS ELETIVAS 2025\/02<\/h3><div id=\"accordion-2-c1\" class=\"accordion-content\" role=\"tabpanel\" aria-labelledby=\"accordion-2-t1\" aria-hidden=\"true\"><\/h1>\n<ul>\n<li><a href=\"https:\/\/www.uninter.com\/mestrado\/wp-content\/uploads\/2025\/05\/Historia-Concepcoes-e-Perspectivas.pdf\"><span data-olk-copy-source=\"MessageBody\">\u00a0<\/span>A educac\u0327a\u0303o a dista\u0302ncia: histo\u0301ria, concepc\u0327o\u0303es e perspectivas<\/a><\/li>\n<li><a href=\"https:\/\/www.uninter.com\/mestrado\/wp-content\/uploads\/2025\/05\/2o-Sem.-Optativa-e-Isolada_Mestrado_Doutorado_Ciencia-Tecnologia-e-Sociedade-na-Educacao_Daniel_OK-2.pdf\">Ci\u00eancia, tecnologia e sociedade na educa\u00e7\u00e3o<\/a><\/li>\n<li><a href=\"https:\/\/www.uninter.com\/mestrado\/wp-content\/uploads\/2025\/05\/2o-Sem.-Optativa-e-Isolada_Mestrado_Doutorado_Inteligencia-Aplicada-A-Educacao_Luciano_OK-2.pdf\">Intelig\u00eancia artificial aplicada \u00e0 educa\u00e7\u00e3o<\/a><\/li>\n<li><a href=\"https:\/\/www.uninter.com\/mestrado\/wp-content\/uploads\/2025\/05\/2o-Sem.-Optativa-e-Isolada_Mestrado-e-Doutorado_Multiculturalismo-Educacao-Novas-Tecnologias_Andre_OK-2.pdf\">Multiculturalismo, educa\u00e7\u00e3o e novas tecnologias<\/a><\/li>\n<li><a href=\"https:\/\/www.uninter.com\/mestrado\/wp-content\/uploads\/2025\/06\/Relacoes-entre-Educ.-Tecnol.-Humanismo-e-Etica.pdf\">Rela\u00e7\u00f5es entre educa\u00e7\u00e3o, tecnologia, humanismo e \u00e9tica<\/a><\/li>\n<\/ul>\n<p><\/div><\/div>\n<div id=\"accordion-3\" class=\"accordion no-js\" role=\"tablist\" aria-multiselectable=\"true\"><\/p>\n<h1><h3 id=\"accordion-3-t1\" class=\"accordion-title\" role=\"tab\" aria-controls=\"accordion-3-c1\" aria-selected=\"false\" aria-expanded=\"false\" tabindex=\"0\" >DISCIPLINAS ELETIVAS 2025\/01<\/h3><div id=\"accordion-3-c1\" class=\"accordion-content\" role=\"tabpanel\" aria-labelledby=\"accordion-3-t1\" aria-hidden=\"true\"><\/h1>\n<ul>\n<li class=\"xmsonormal\"><a href=\"https:\/\/www.uninter.com\/mestrado\/wp-content\/uploads\/2023\/12\/1\u00ba-Sem.-Optativa-e-Isolada_Mestrado-e-Doutorado_CIDADE-EDUCADORA-ESCOLA-E-UNIVERSIDADE-NA-ERA-DA-GLOBALIZA\u00c7\u00c3O_Alceli.pdf\">Cidade educadora, escola e universidade na era da globaliza\u00e7\u00e3o<\/a><\/li>\n<li class=\"xmsonormal\"><a href=\"https:\/\/www.uninter.com\/mestrado\/wp-content\/uploads\/2023\/12\/1\u00ba-Sem.-Optativa-e-Isolada_Mestrado-e-Doutorado_DOC\u00caNCIA-SABERES-E-PR\u00c1TICAS-PARA-DIFERENTES-N\u00cdVEIS-E-MODALIDADES-DE-ENSINO_Joana.pdf\">Doc\u00eancia: saberes e pr\u00e1ticas para diferentes n\u00edveis e modalidades de ensino<\/a><\/li>\n<li class=\"xmsonormal\"><a href=\"https:\/\/www.uninter.com\/mestrado\/wp-content\/uploads\/2023\/12\/1\u00ba-Sem.-Optativa-e-Isolada_Mestrado-e-Doutorado_EDUCA\u00c7\u00c3O-MEIOS-DE-COMUNICA\u00c7\u00c3O-E-REDES-SOCIAIS_Rodrigo.pdf\">Educa\u00e7\u00e3o, meios de comunica\u00e7\u00e3o e redes sociais<\/a><\/li>\n<li><a href=\"https:\/\/www.uninter.com\/mestrado\/wp-content\/uploads\/2024\/11\/1\u00ba-Sem.-Optativa-e-Isolada_L\u00cdNGUA-LINGUAGENS-E-A-PRODU\u00c7\u00c3O-DE-SENTIDOS_Jeferson.pdf\">L\u00edngua, linguagens e a produ\u00e7\u00e3o de sentidos<\/a><\/li>\n<li><a href=\"https:\/\/www.uninter.com\/mestrado\/wp-content\/uploads\/2024\/11\/1\u00b0-Sem-Optativa-e-Isolada_Mestrado-e-Doutorado_Pol\u00edtica-Educacional-Brasileira_Desir\u00e9.pdf\">Pol\u00edtica educacional brasileira: Revolu\u00e7\u00f5es tecnol\u00f3gicas na forma\u00e7\u00e3o docente<\/a><\/li>\n<\/ul>\n<p><\/div><\/div>\n<h1><h3 id=\"accordion-3-t2\" class=\"accordion-title\" role=\"tab\" aria-controls=\"accordion-3-c2\" aria-selected=\"false\" aria-expanded=\"false\" tabindex=\"0\" >DISCIPLINAS ELETIVAS 2024\/02<\/h3><div id=\"accordion-3-c2\" class=\"accordion-content\" role=\"tabpanel\" aria-labelledby=\"accordion-3-t2\" aria-hidden=\"true\"><\/h1>\n<ul>\n<li class=\"xmsonormal\"><a href=\"https:\/\/www.uninter.com\/mestrado\/wp-content\/uploads\/2024\/05\/2\u00ba-Sem.-Optativa-e-Isolada_Mestrado_Doutorado_A-Educac\u0327a\u0303o-a-Dista\u0302ncia-Histo\u0301ria-Concepc\u0327o\u0303es-e-Perspectivas_Glaucia_OK.pdf\">A educac\u0327a\u0303o a dista\u0302ncia: histo\u0301ria, concepc\u0327o\u0303es e perspectivas<\/a><\/li>\n<li class=\"xmsonormal\"><a href=\"https:\/\/www.uninter.com\/mestrado\/wp-content\/uploads\/2024\/05\/2\u00ba-Sem.-Optativa-e-Isolada_Mestrado_Doutorado_Ci\u00eancia-Tecnologia-e-Sociedade-na-Educa\u00e7\u00e3o_Daniel_OK.pdf\">Ci\u00eancia, tecnologia e sociedade na educa\u00e7\u00e3o<\/a><\/li>\n<li class=\"xmsonormal\"><a href=\"https:\/\/www.uninter.com\/mestrado\/wp-content\/uploads\/2024\/05\/2\u00ba-Sem.-Optativa-e-Isolada_Mestrado_Doutorado_Intelig\u00eancia-Aplicada-\u00c0-Educa\u00e7\u00e3o_Luciano_OK.pdf\">Intelig\u00eancia artificial aplicada \u00e0 educa\u00e7\u00e3o<\/a><\/li>\n<li class=\"xmsonormal\"><a href=\"https:\/\/www.uninter.com\/mestrado\/wp-content\/uploads\/2024\/05\/2\u00ba-Sem.-Optativa-e-Isolada_L\u00edngua-Linguagens-e-a-Produ\u00e7\u00e3o-de-Sentidos_Jeferson_OK.pdf\">L\u00edngua, linguagens e a produ\u00e7\u00e3o de sentidos<\/a><\/li>\n<li><a href=\"https:\/\/www.uninter.com\/mestrado\/wp-content\/uploads\/2024\/05\/2\u00ba-Sem.-Optativa-e-Isolada_Mestrado-e-Doutorado_Multiculturalismo-Educa\u00e7\u00e3o-Novas-Tecnologias_Andr\u00e9_OK.pdf\">Multiculturalismo, educa\u00e7\u00e3o e novas tecnologias<\/a><\/li>\n<li><a href=\"https:\/\/www.uninter.com\/mestrado\/wp-content\/uploads\/2024\/05\/2\u00b0-Sem.-Optativa-e-Isolada_Mestrado-e-Doutorado_Pol\u00edtica-Educacional-Brasileira..._Desir\u00e9_OK.pdf\">Pol\u00edtica educacional brasileira: Revolu\u00e7\u00f5es tecnol\u00f3gicas na forma\u00e7\u00e3o docente<\/a><\/li>\n<li><a href=\"https:\/\/www.uninter.com\/mestrado\/wp-content\/uploads\/2024\/05\/2\u00ba-Sem.-Optativa-e-Isolada_Mestrado-e-Doutorado_Rela\u00e7\u00f5es-entre-Educ.-Tecnol.-Humanismo-e-\u00c9tica_Lu\u00eds_OK.pdf\">Rela\u00e7\u00f5es entre educa\u00e7\u00e3o, tecnologia, humanismo e \u00e9tica<\/a><\/li>\n<\/ul>\n<p><\/div>[\/accordion]<div id=\"accordion-6\" class=\"accordion no-js\" role=\"tablist\" aria-multiselectable=\"true\"><\/p>\n<div id=\"accordion-5\" class=\"accordion no-js\" role=\"tablist\" aria-multiselectable=\"true\"><\/div>\n<div id=\"accordion-6\" class=\"accordion no-js\" role=\"tablist\" aria-multiselectable=\"true\"><\/div>\n<h1><h3 id=\"accordion-6-t1\" class=\"accordion-title\" role=\"tab\" aria-controls=\"accordion-6-c1\" aria-selected=\"false\" aria-expanded=\"false\" tabindex=\"0\" >DISCIPLINAS ELETIVAS 2024\/01<\/h3><div id=\"accordion-6-c1\" class=\"accordion-content\" role=\"tabpanel\" aria-labelledby=\"accordion-6-t1\" aria-hidden=\"true\"><\/h1>\n<ul>\n<li class=\"xmsonormal\"><a href=\"https:\/\/www.uninter.com\/mestrado\/wp-content\/uploads\/2023\/12\/1\u00ba-Sem.-Optativa-e-Isolada_Mestrado-e-Doutorado_CIDADE-EDUCADORA-ESCOLA-E-UNIVERSIDADE-NA-ERA-DA-GLOBALIZA\u00c7\u00c3O_Alceli.pdf\">Cidade educadora, escola e universidade na era da globaliza\u00e7\u00e3o<\/a><\/li>\n<li class=\"xmsonormal\"><a href=\"https:\/\/www.uninter.com\/mestrado\/wp-content\/uploads\/2023\/12\/1\u00ba-Sem.-Optativa-e-Isolada_Mestrado-e-Doutorado_DOC\u00caNCIA-SABERES-E-PR\u00c1TICAS-PARA-DIFERENTES-N\u00cdVEIS-E-MODALIDADES-DE-ENSINO_Joana.pdf\">Doc\u00eancia: saberes e pr\u00e1ticas para diferentes n\u00edveis e modalidades de ensino<\/a><\/li>\n<li class=\"xmsonormal\"><a href=\"https:\/\/www.uninter.com\/mestrado\/wp-content\/uploads\/2023\/12\/1\u00ba-Sem.-Optativa-e-Isolada_Mestrado-e-Doutorado_EDUCA\u00c7\u00c3O-MEIOS-DE-COMUNICA\u00c7\u00c3O-E-REDES-SOCIAIS_Rodrigo.pdf\">Educa\u00e7\u00e3o, meios de comunica\u00e7\u00e3o e redes sociais<\/a><\/li>\n<li class=\"xmsonormal\"><a href=\"https:\/\/www.uninter.com\/mestrado\/wp-content\/uploads\/2023\/12\/1\u00ba-Sem.-Optativa-e-Isolada_Mestrado-e-Doutorado_FUNDAMENTOS-DA-EDUCA\u00c7\u00c3O-A-DIST\u00c2NCIA_Siderly-e-Luana.pdf\">Fundamentos da educa\u00e7\u00e3o a dist\u00e2ncia<\/a><\/li>\n<\/ul>\n<p><\/div><\/div><div id=\"accordion-8\" class=\"accordion no-js\" role=\"tablist\" aria-multiselectable=\"true\"><\/p>\n<div id=\"accordion-8\" class=\"accordion no-js\" role=\"tablist\" aria-multiselectable=\"true\"><\/div>\n<h1><h3 id=\"accordion-8-t1\" class=\"accordion-title\" role=\"tab\" aria-controls=\"accordion-8-c1\" aria-selected=\"false\" aria-expanded=\"false\" tabindex=\"0\" >DISCIPLINAS ELETIVAS 2023\/02<\/h3><div id=\"accordion-8-c1\" class=\"accordion-content\" role=\"tabpanel\" aria-labelledby=\"accordion-8-t1\" aria-hidden=\"true\"><\/h1>\n<ul>\n<li><a href=\"https:\/\/www.uninter.com\/mestrado\/wp-content\/uploads\/2023\/06\/2\u00ba-Sem.-Optativa-e-Isolada_Mestrado_Doutorado_Intelig\u00eancia-Aplicada-\u00c0-Educa\u00e7\u00e3o_Luciano-1.doc\">Intelig\u00eancia Artificial aplicada \u00e0 educa\u00e7\u00e3o<\/a><\/li>\n<li><a href=\"https:\/\/www.uninter.com\/mestrado\/wp-content\/uploads\/2023\/06\/2\u00ba-Sem.-Optativa-e-Isolada_L\u00edngua-Linguagens-e-a-Produ\u00e7\u00e3o-de-Sentidos_Jeferson-1.docx\">L\u00edngua, linguagens e a produ\u00e7\u00e3o de sentidos<\/a><\/li>\n<li><a href=\"https:\/\/www.uninter.com\/mestrado\/wp-content\/uploads\/2023\/06\/2\u00ba-Sem.-Optativa-e-Isolada_Mestrado-e-Doutorado_Multiculturalismo-Educa\u00e7\u00e3o-Novas-Tecnologias_Andr\u00e9-1.doc\">Multiculturalismo, educa\u00e7\u00e3o e novas tecnologias<\/a><\/li>\n<li><a href=\"https:\/\/www.uninter.com\/mestrado\/wp-content\/uploads\/2023\/06\/2\u00b0-Sem.-Optativa-e-Isolada_Mestrado-e-Doutorado_Pol\u00edtica-Educacional-Brasileira..._Desir\u00e9-1.docx\">Pol\u00edtica educacional brasileira: Revolu\u00e7\u00f5es tecnol\u00f3gicas na forma\u00e7\u00e3o docente<\/a><\/li>\n<li><a href=\"https:\/\/www.uninter.com\/mestrado\/wp-content\/uploads\/2023\/06\/2\u00ba-Sem.-Optativa-e-Isolada_Mestrado-e-Doutorado_Rela\u00e7\u00f5es-entre-Educ.-Tecnol.-Humanismo-e-\u00c9tica_Lu\u00eds-1.docx\">Rela\u00e7\u00f5es entre educa\u00e7\u00e3o, tecnologia, humanismo e \u00e9tica<\/a><br \/>\n<\/div><\/div><div id=\"accordion-10\" class=\"accordion no-js\" role=\"tablist\" aria-multiselectable=\"true\"><\/li>\n<\/ul>\n<div id=\"accordion-10\" class=\"accordion no-js\" role=\"tablist\" aria-multiselectable=\"true\"><\/div>\n<h1><h3 id=\"accordion-10-t1\" class=\"accordion-title\" role=\"tab\" aria-controls=\"accordion-10-c1\" aria-selected=\"false\" aria-expanded=\"false\" tabindex=\"0\" >DISCIPLINAS ELETIVAS 2023\/01<\/h3><div id=\"accordion-10-c1\" class=\"accordion-content\" role=\"tabpanel\" aria-labelledby=\"accordion-10-t1\" aria-hidden=\"true\"><\/h1>\n<ul>\n<li><a href=\"https:\/\/www.uninter.com\/mestrado\/wp-content\/uploads\/2022\/12\/1\u00ba-Sem.-Optativa-e-Isolada_Mestrado-e-Doutorado_CIDADE-EDUCADORA-ESCOLA-E-UNIVERSIDADE-NA-ERA-DA-GLOBALIZA\u00c7\u00c3O_Alceli.pdf\">Cidade educadora, escola e universidade na era da globaliza\u00e7\u00e3o<\/a><\/li>\n<li><a href=\"https:\/\/www.uninter.com\/mestrado\/wp-content\/uploads\/2022\/12\/1\u00ba-Sem.-Optativa-e-Isolada_Mestrado-e-Doutorado_DOC\u00caNCIA-SABERES-E-PR\u00c1TICAS-PARA-DIFERENTES-N\u00cdVEIS-E-MODALIDADES-DE-ENSINO_Joana.pdf\">Doc\u00eancia: saberes e pr\u00e1ticas para diferentes n\u00edveis e modalidades de ensino<\/a><\/li>\n<li><a href=\"https:\/\/www.uninter.com\/mestrado\/wp-content\/uploads\/2022\/12\/1\u00ba-Sem.-Optativa-e-Isolada_Mestrado-e-Doutorado_EDUCA\u00c7\u00c3O-MEIOS-DE-COMUNICA\u00c7\u00c3O-E-REDES-SOCIAIS_Rodrigo.pdf\">Educa\u00e7\u00e3o, meios de comunica\u00e7\u00e3o e redes sociais<\/a><\/li>\n<li><a href=\"https:\/\/www.uninter.com\/mestrado\/wp-content\/uploads\/2022\/12\/1\u00ba-Sem.-Optativa-e-Isolada_Mestrado-e-Doutorado_FUNDAMENTOS-DA-EDUCA\u00c7\u00c3O-A-DIST\u00c2NCIA_Siderly-e-Luana.pdf\">Fundamentos da educa\u00e7\u00e3o a dist\u00e2ncia<\/a><br \/>\n<\/div><\/div><\/li>\n<\/ul>\n<div id=\"accordion-11\" class=\"accordion no-js\" role=\"tablist\" aria-multiselectable=\"true\"><\/p>\n<h1><h3 id=\"accordion-11-t1\" class=\"accordion-title\" role=\"tab\" aria-controls=\"accordion-11-c1\" aria-selected=\"false\" aria-expanded=\"false\" tabindex=\"0\" >DISCIPLINAS ELETIVAS 2022\/02<\/h3><div id=\"accordion-11-c1\" class=\"accordion-content\" role=\"tabpanel\" aria-labelledby=\"accordion-11-t1\" aria-hidden=\"true\"><\/h1>\n<p>&nbsp;<\/p>\n<ul>\n<li><a href=\"https:\/\/www.uninter.com\/mestrado\/wp-content\/uploads\/2022\/05\/2\u00ba-Sem.-Optativa-e-Isolada_Mestrado-e-Doutorado_EDUCOMUNICA\u00c7\u00c3O-CINEMA-E-OUTRAS-LINGUAGENS-AUDIOVISUAIS-NA-EDUCA\u00c7\u00c3O_Rodrigo-2.pdf\">Educomunica\u00e7\u00e3o: Cinema e Outras Linguagens Audiovisuais na Educa\u00e7\u00e3o<\/a><\/li>\n<li><a href=\"https:\/\/www.uninter.com\/mestrado\/wp-content\/uploads\/2022\/05\/2\u00ba-Sem.-Optativa-e-Isolada_Mestrado_Doutorado_INTELIG\u00caNCIA-ARTIFICIAL-APLICADA-\u00c0-EDUCA\u00c7\u00c3O_Luciano-2.pdf\">Intelig\u00eancia Artificial Aplicada \u00e0 Educa\u00e7\u00e3o<\/a><\/li>\n<li><a href=\"https:\/\/www.uninter.com\/mestrado\/wp-content\/uploads\/2022\/05\/2\u00ba-Sem.-Optativa-e-Isolada_Mestrado-e-Doutorado_Letramentos-Perspectivas-Anal\u00edticas-Metodol\u00f3gicas-e-Te\u00f3ricas_Cleber-2.pdf\">Letramentos: Perspectivas Anal\u00edticas, Metodol\u00f3gicas e Te\u00f3ricas<\/a><\/li>\n<li><a href=\"https:\/\/www.uninter.com\/mestrado\/wp-content\/uploads\/2022\/05\/2\u00ba-Sem.-Optativa-e-Isolada_Mestrado-e-Doutorado_Multiculturalismo-Educa\u00e7\u00e3o-Novas-Tecnologias_Andr\u00e9-2.pdf\">Multiculturalismo, Educa\u00e7\u00e3o e Novas Tecnologias<\/a><\/li>\n<li><a href=\"https:\/\/www.uninter.com\/mestrado\/wp-content\/uploads\/2022\/05\/2\u00b0-Sem.-Optativa-e-Isolada_Mestrado-e-Doutorado_Pol\u00edtica-Educacional-Brasileira..._Desir\u00e9-2.pdf\">Pol\u00edtica Educacional Brasileira: Revolu\u00e7\u00f5es Tecnol\u00f3gicas na Forma\u00e7\u00e3o Docente<\/a><\/li>\n<li><a href=\"https:\/\/www.uninter.com\/mestrado\/wp-content\/uploads\/2022\/05\/2\u00ba-Sem.-Optativa-e-Isolada_Mestrado-e-Doutorado_Rela\u00e7\u00f5es-entre-Educ.-Tecnol.-Humanismo-e-\u00c9tica_Lu\u00eds-2.pdf\">Rela\u00e7\u00f5es entre Educa\u00e7\u00e3o, Tecnologia, Humanismo e \u00c9tica<\/a><\/li>\n<\/ul>\n<p><\/div><\/p>\n<p><\/div>\n<div id=\"accordion-12\" class=\"accordion no-js\" role=\"tablist\" aria-multiselectable=\"true\">\n<h1><h3 id=\"accordion-12-t1\" class=\"accordion-title\" role=\"tab\" aria-controls=\"accordion-12-c1\" aria-selected=\"false\" aria-expanded=\"false\" tabindex=\"0\" >DISCIPLINAS ELETIVAS 2022\/01<\/h3><div id=\"accordion-12-c1\" class=\"accordion-content\" role=\"tabpanel\" aria-labelledby=\"accordion-12-t1\" aria-hidden=\"true\"><\/h1>\n<ul>\n<li><a href=\"https:\/\/www.uninter.com\/mestrado\/wp-content\/uploads\/2021\/12\/1\u00ba-Sem.-Optativa-e-Isolada_Mestrado-e-Doutorado_CIDADE-EDUCADORA-ESCOLA-E-UNIVERSIDADE-NA-ERA-DA-GLOBALIZA\u00c7\u00c3O.pdf\">Cidade Educadora, Escola E Universidade Na Era Da Globaliza\u00e7\u00e3o<\/a><\/li>\n<li><a href=\"https:\/\/www.uninter.com\/mestrado\/wp-content\/uploads\/2021\/12\/1\u00ba-Sem.-Optativa-e-Isolada_Mestrado-e-Doutorado_DOC\u00caNCIA-SABERES-E-PR\u00c1TICAS-PARA-DIFERENTES-N\u00cdVEIS-E-MODALIDADES-DE-ENSINO.pdf\">Doc\u00eancia: Saberes e Pr\u00e1ticas para Diferentes N\u00edveis e Modalidades de Ensino<\/a><\/li>\n<li><a href=\"https:\/\/www.uninter.com\/mestrado\/wp-content\/uploads\/2021\/12\/1\u00ba-Sem.-Optativa-e-Isolada_Mestrado-e-Doutorado_FUNDAMENTOS-DA-EDUCA\u00c7\u00c3O-A-DIST\u00c2NCIA.pdf\">Fundamentos da Educa\u00e7\u00e3o a Dist\u00e2ncia<\/a><\/li>\n<li><a href=\"https:\/\/www.uninter.com\/mestrado\/wp-content\/uploads\/2021\/12\/1\u00ba-Sem.-Optativa-e-Isolada_Mestrado-e-Doutorado_PERSPECTIVAS-INOVADORAS-E-ATIVAS-NO-CONTEXTO-EDUCACIONAL-P\u00d3S-PAND\u00caMICO.pdf\">Perspectivas Inovadoras e Ativas no Contexto Educacional P\u00f3s-Pand\u00eamico<\/a><br \/>\n<\/div><\/div><\/li>\n<\/ul>\n<div id=\"accordion-13\" class=\"accordion no-js\" role=\"tablist\" aria-multiselectable=\"true\"><\/p>\n<h1><h3 id=\"accordion-13-t1\" class=\"accordion-title\" role=\"tab\" aria-controls=\"accordion-13-c1\" aria-selected=\"false\" aria-expanded=\"false\" tabindex=\"0\" >DISCIPLINAS ELETIVAS 2021\/02<\/h3><div id=\"accordion-13-c1\" class=\"accordion-content\" role=\"tabpanel\" aria-labelledby=\"accordion-13-t1\" aria-hidden=\"true\"><\/h1>\n<ul>\n<li><a href=\"https:\/\/www.uninter.com\/mestrado\/wp-content\/uploads\/2021\/06\/AVALIA\u00c7\u00c3O-COMO-PROCESSO-EDUCATIVO.pdf\">Avalia\u00e7\u00e3o como Processo Educativo<\/a><\/li>\n<li style=\"font-style: inherit; font-weight: inherit;\"><a href=\"https:\/\/www.uninter.com\/mestrado\/wp-content\/uploads\/2021\/06\/EDUCOMUNICA\u00c7\u00c3O-CINEMA-E-OUTRAS-LINGUAGENS-AUDIOVISUAIS-NA-EDUCA\u00c7\u00c3O.pdf\">Educomunica\u00e7\u00e3o: Cinema e Outras Linguagens Audiovisuais na Educa\u00e7\u00e3o<\/a><\/li>\n<li style=\"font-style: inherit; font-weight: inherit;\"><a href=\"https:\/\/www.uninter.com\/mestrado\/wp-content\/uploads\/2021\/06\/INTELIG\u00caNCIA-ARTIFICIAL-APLICADA-\u00c0-EDUCA\u00c7\u00c3O.pdf\">Intelig\u00eancia Artificial Aplicada \u00e0 Educa\u00e7\u00e3o<\/a><\/li>\n<li style=\"font-style: inherit; font-weight: inherit;\"><a href=\"https:\/\/www.uninter.com\/mestrado\/wp-content\/uploads\/2021\/06\/TECNOLOGIAS-SOCIAIS-E-POL\u00cdTICAS-EDUCACIONAIS.pdf\">Tecnologias Sociais e Pol\u00edtica Educacional<\/a><\/li>\n<\/ul>\n<p><\/div><\/p>\n<p><\/div>\n<div id=\"accordion-14\" class=\"accordion no-js\" role=\"tablist\" aria-multiselectable=\"true\"><\/p>\n<h1><h3 id=\"accordion-14-t1\" class=\"accordion-title\" role=\"tab\" aria-controls=\"accordion-14-c1\" aria-selected=\"false\" aria-expanded=\"false\" tabindex=\"0\" >DISCIPLINAS ELETIVAS 2021\/01<\/h3><div id=\"accordion-14-c1\" class=\"accordion-content\" role=\"tabpanel\" aria-labelledby=\"accordion-14-t1\" aria-hidden=\"true\"><\/h1>\n<ul>\n<li><a href=\"https:\/\/www.uninter.com\/mestrado\/wp-content\/uploads\/2020\/12\/Optativa_Mestrado_ASTRONOMIA-PARA-A-EDUCA\u00c7\u00c3O-B\u00c1SICA.pdf\">Astronomia para a Educa\u00e7\u00e3o B\u00e1sica<\/a><\/li>\n<li><a href=\"https:\/\/www.uninter.com\/mestrado\/wp-content\/uploads\/2020\/12\/Optativa_Mestrado_CIDADE-EDUCADORA-ESCOLA-E-UNIVERSIDADE.pdf\">Cidade Educadora, Escola e Universidade<\/a><\/li>\n<li><a href=\"https:\/\/www.uninter.com\/mestrado\/wp-content\/uploads\/2019\/12\/JOANA-_Doc\u00eancia-Saberes-e-Pr\u00e1ticas._.pdf\">Doc\u00eancia: Saberes e Pr\u00e1ticas para Diferentes N\u00edveis e Modalidades de Ensino<\/a><\/li>\n<li><a href=\"https:\/\/www.uninter.com\/mestrado\/wp-content\/uploads\/2020\/12\/Optativa_Mestrado_EDUCA\u00c7\u00c3O-SOCIEDADE-E-MEIO-AMBIENTE.pdf\">Educa\u00e7\u00e3o, Sociedade e Meio Ambiente<\/a><\/li>\n<li>Fundamentos da Educa\u00e7\u00e3o a Dist\u00e2ncia<\/li>\n<li><a href=\"https:\/\/www.uninter.com\/mestrado\/wp-content\/uploads\/2020\/12\/Optativa_Mestrado_PERSPECTIVAS-INOVADORAS-E-ATIVAS-NO-CONTEXTO-EDUCACIONAL-P\u00d3S-PAND\u00caMICO.pdf\">Perspectivas Inovadoras e Ativas no Contexto Educacional P\u00f3s-Pand\u00eamico<\/a><\/li>\n<\/ul>\n<p><\/div><\/p>\n<p><\/div>\n<div id=\"accordion-15\" class=\"accordion no-js\" role=\"tablist\" aria-multiselectable=\"true\"><\/p>\n<h1><h3 id=\"accordion-15-t1\" class=\"accordion-title\" role=\"tab\" aria-controls=\"accordion-15-c1\" aria-selected=\"false\" aria-expanded=\"false\" tabindex=\"0\" >DISCIPLINAS ELETIVAS 2020\/02<\/h3><div id=\"accordion-15-c1\" class=\"accordion-content\" role=\"tabpanel\" aria-labelledby=\"accordion-15-t1\" aria-hidden=\"true\"><\/h1>\n<ul>\n<li><a href=\"https:\/\/www.uninter.com\/mestrado\/wp-content\/uploads\/2020\/07\/AVALIA\u00c7\u00c3O-COMO-PROCESSO-EDUCATIVO.pdf\">Avalia\u00e7\u00e3o como Processo Educativo<\/a><\/li>\n<li><a href=\"https:\/\/www.uninter.com\/mestrado\/wp-content\/uploads\/2020\/07\/EDUCOMUNICA\u00c7\u00c3O-CINEMA-E-OUTRAS-LINGUAGENS-AUDIOVISUAIS-NA-EDUCA\u00c7\u00c3O.pdf\">Educomunica\u00e7\u00e3o: Cinema e Outras Linguagens Audiovisuais na Educa\u00e7\u00e3o<\/a><\/li>\n<li><a href=\"https:\/\/www.uninter.com\/mestrado\/wp-content\/uploads\/2020\/07\/FORMA\u00c7\u00c3O-DOCENTE-EM-CONTEXTO-INOVADOR.pdf\">Forma\u00e7\u00e3o Docente em Contexto Inovador<\/a><\/li>\n<li><a href=\"https:\/\/www.uninter.com\/mestrado\/wp-content\/uploads\/2020\/07\/INTELIG\u00caNCIA-ARTIFICIAL-APLICADA-\u00c0-EDUCA\u00c7\u00c3O.pdf\">Intelig\u00eancia Artificial Aplicada \u00e0 Educa\u00e7\u00e3o<\/a><\/li>\n<li><a href=\"https:\/\/www.uninter.com\/mestrado\/wp-content\/uploads\/2020\/07\/TECNOLOGIAS-SOCIAIS-E-POL\u00cdTICAS-EDUCACIONAIS.pdf\">Tecnologias Sociais e Pol\u00edtica Educacional<\/a><\/li>\n<\/ul>\n<p><\/div><\/p>\n<p><\/div>\n<p>&nbsp;<\/p>\n","protected":false},"excerpt":{"rendered":"<p>[\/accordion] &nbsp;<\/p>\n","protected":false},"author":15,"featured_media":0,"parent":0,"menu_order":0,"comment_status":"closed","ping_status":"closed","template":"page-curso-doutorado-educacao.php","meta":{"footnotes":""},"class_list":["post-1343","page","type-page","status-publish","hentry","post"],"_links":{"self":[{"href":"https:\/\/uninter.com\/mestrado\/wp-json\/wp\/v2\/pages\/1343","targetHints":{"allow":["GET"]}}],"collection":[{"href":"https:\/\/uninter.com\/mestrado\/wp-json\/wp\/v2\/pages"}],"about":[{"href":"https:\/\/uninter.com\/mestrado\/wp-json\/wp\/v2\/types\/page"}],"author":[{"embeddable":true,"href":"https:\/\/uninter.com\/mestrado\/wp-json\/wp\/v2\/users\/15"}],"replies":[{"embeddable":true,"href":"https:\/\/uninter.com\/mestrado\/wp-json\/wp\/v2\/comments?post=1343"}],"version-history":[{"count":29,"href":"https:\/\/uninter.com\/mestrado\/wp-json\/wp\/v2\/pages\/1343\/revisions"}],"predecessor-version":[{"id":4747,"href":"https:\/\/uninter.com\/mestrado\/wp-json\/wp\/v2\/pages\/1343\/revisions\/4747"}],"wp:attachment":[{"href":"https:\/\/uninter.com\/mestrado\/wp-json\/wp\/v2\/media?parent=1343"}],"curies":[{"name":"wp","href":"https:\/\/api.w.org\/{rel}","templated":true}]}}