{"id":1341,"date":"2019-12-16T15:02:26","date_gmt":"2019-12-16T18:02:26","guid":{"rendered":"https:\/\/www.uninter.com\/mestrado\/?page_id=1341"},"modified":"2024-03-18T09:00:07","modified_gmt":"2024-03-18T12:00:07","slug":"doutorado-educacao-disciplinas-obrigatorias","status":"publish","type":"page","link":"https:\/\/uninter.com\/mestrado\/doutorado-educacao-disciplinas-obrigatorias\/","title":{"rendered":"Doutorado Educa\u00e7\u00e3o \u2013 Disciplinas obrigat\u00f3rias"},"content":{"rendered":"<p><a href=\"https:\/\/www.uninter.com\/mestrado\/wp-content\/uploads\/2020\/07\/2.-SEMIN\u00c1RIO-AVAN\u00c7ADO-DE-FILOSOFIA-DA-TECNOLOGIA_Obrigat\u00f3ria-Atualizado.pdf\">SEMIN\u00c1RIO AVAN\u00c7ADO DE FILOSOFIA DA TECNOLOGIA<\/a><\/p>\n<p><a href=\"https:\/\/www.uninter.com\/mestrado\/wp-content\/uploads\/2023\/06\/2\u00b0-Sem.-DOUTORADO_OBRIGAT\u00d3RIA_-SEMIN\u00c1RIO-DE-PESQUISA-AVAN\u00c7ADA_Siderly.docx\">SEMIN\u00c1RIO DE PESQUISA AVAN\u00c7ADA<\/a><\/p>\n<p><a href=\"https:\/\/www.uninter.com\/mestrado\/wp-content\/uploads\/2024\/03\/1_DOUTORADO_OBRIGAT\u00d3RIA_SEMIN\u00c1RIO-DE-FORMA\u00c7\u00c3O-E-DESENVOLVIMENTO-PROFISSIONAL-PARA-AS-TECNOLOGIAS_Joana.pdf\">SEMIN\u00c1RIO DE FORMA\u00c7\u00c3O E DESENVOLVIMENTO PROFISSIONAL PARA AS TECNOLOGIAS<\/a><\/p>\n","protected":false},"excerpt":{"rendered":"<p>SEMIN\u00c1RIO AVAN\u00c7ADO DE FILOSOFIA DA TECNOLOGIA SEMIN\u00c1RIO DE PESQUISA AVAN\u00c7ADA SEMIN\u00c1RIO DE FORMA\u00c7\u00c3O E DESENVOLVIMENTO PROFISSIONAL PARA AS TECNOLOGIAS<\/p>\n","protected":false},"author":15,"featured_media":0,"parent":0,"menu_order":0,"comment_status":"closed","ping_status":"closed","template":"page-curso-doutorado-educacao.php","meta":{"footnotes":""},"class_list":["post-1341","page","type-page","status-publish","hentry","post"],"_links":{"self":[{"href":"https:\/\/uninter.com\/mestrado\/wp-json\/wp\/v2\/pages\/1341","targetHints":{"allow":["GET"]}}],"collection":[{"href":"https:\/\/uninter.com\/mestrado\/wp-json\/wp\/v2\/pages"}],"about":[{"href":"https:\/\/uninter.com\/mestrado\/wp-json\/wp\/v2\/types\/page"}],"author":[{"embeddable":true,"href":"https:\/\/uninter.com\/mestrado\/wp-json\/wp\/v2\/users\/15"}],"replies":[{"embeddable":true,"href":"https:\/\/uninter.com\/mestrado\/wp-json\/wp\/v2\/comments?post=1341"}],"version-history":[{"count":11,"href":"https:\/\/uninter.com\/mestrado\/wp-json\/wp\/v2\/pages\/1341\/revisions"}],"predecessor-version":[{"id":3494,"href":"https:\/\/uninter.com\/mestrado\/wp-json\/wp\/v2\/pages\/1341\/revisions\/3494"}],"wp:attachment":[{"href":"https:\/\/uninter.com\/mestrado\/wp-json\/wp\/v2\/media?parent=1341"}],"curies":[{"name":"wp","href":"https:\/\/api.w.org\/{rel}","templated":true}]}}