{"id":1335,"date":"2019-12-16T14:59:59","date_gmt":"2019-12-16T17:59:59","guid":{"rendered":"https:\/\/www.uninter.com\/mestrado\/?page_id=1335"},"modified":"2026-02-09T08:37:29","modified_gmt":"2026-02-09T11:37:29","slug":"doutorado-educacao-calendario-academico","status":"publish","type":"page","link":"https:\/\/uninter.com\/mestrado\/doutorado-educacao-calendario-academico\/","title":{"rendered":"Doutorado Educa\u00e7\u00e3o \u2013 Calend\u00e1rio acad\u00eamico"},"content":{"rendered":"<h1>Calend\u00e1rio acad\u00eamico<\/h1>\n<p><a href=\"https:\/\/www.uninter.com\/mestrado\/wp-content\/uploads\/2026\/02\/CALENDARIO-ACADEMICO-ANUAL_MESTRADO-e-DOUTORADO_2026.pdf\">CALEND\u00c1RIO ANUAL 2026<\/a><br \/>\n<a href=\"https:\/\/www.uninter.com\/mestrado\/wp-content\/uploads\/2026\/02\/CALENDARIO-QUINZENAL-DE-AULAS-MESTRADO-e-DOUTORADO_1-Semestre-2026.pdf\">Calend\u00e1rio Quinzenal de Aulas \u2013 1\u00ba semestre 2026<\/a><br \/>\n<a href=\"https:\/\/www.uninter.com\/mestrado\/wp-content\/uploads\/2026\/02\/CALENDARIO-QUINZENAL-DE-AULAS_MESTRADO-e-DOUTORADO_2-Semestre-2026.pdf\">Calend\u00e1rio Quinzenal de Aulas \u2013 2\u00ba semestre 2026<\/a><br \/>\n<a href=\"https:\/\/www.uninter.com\/mestrado\/wp-content\/uploads\/2025\/12\/Grade-Horaria_1o-semestre.2026_Mestrado_Turma-_08.2025-e-03.2026.pdf\">Grade Hor\u00e1ria \u2013 1\u00ba semestre 2026 <\/a><\/p>\n<p>&nbsp;<\/p>\n","protected":false},"excerpt":{"rendered":"<p>Calend\u00e1rio acad\u00eamico CALEND\u00c1RIO ANUAL 2026 Calend\u00e1rio Quinzenal de Aulas \u2013 1\u00ba semestre 2026 Calend\u00e1rio Quinzenal de Aulas \u2013 2\u00ba semestre 2026 Grade Hor\u00e1ria \u2013 1\u00ba semestre 2026 &nbsp;<\/p>\n","protected":false},"author":15,"featured_media":0,"parent":0,"menu_order":0,"comment_status":"closed","ping_status":"closed","template":"page-curso-doutorado-educacao.php","meta":{"footnotes":""},"class_list":["post-1335","page","type-page","status-publish","hentry","post"],"_links":{"self":[{"href":"https:\/\/uninter.com\/mestrado\/wp-json\/wp\/v2\/pages\/1335","targetHints":{"allow":["GET"]}}],"collection":[{"href":"https:\/\/uninter.com\/mestrado\/wp-json\/wp\/v2\/pages"}],"about":[{"href":"https:\/\/uninter.com\/mestrado\/wp-json\/wp\/v2\/types\/page"}],"author":[{"embeddable":true,"href":"https:\/\/uninter.com\/mestrado\/wp-json\/wp\/v2\/users\/15"}],"replies":[{"embeddable":true,"href":"https:\/\/uninter.com\/mestrado\/wp-json\/wp\/v2\/comments?post=1335"}],"version-history":[{"count":37,"href":"https:\/\/uninter.com\/mestrado\/wp-json\/wp\/v2\/pages\/1335\/revisions"}],"predecessor-version":[{"id":4858,"href":"https:\/\/uninter.com\/mestrado\/wp-json\/wp\/v2\/pages\/1335\/revisions\/4858"}],"wp:attachment":[{"href":"https:\/\/uninter.com\/mestrado\/wp-json\/wp\/v2\/media?parent=1335"}],"curies":[{"name":"wp","href":"https:\/\/api.w.org\/{rel}","templated":true}]}}