{"id":1290,"date":"2019-12-13T11:18:42","date_gmt":"2019-12-13T14:18:42","guid":{"rendered":"https:\/\/www.uninter.com\/mestrado\/?page_id=1290"},"modified":"2026-02-05T14:46:32","modified_gmt":"2026-02-05T17:46:32","slug":"direito-processo-seletivo-cronograma","status":"publish","type":"page","link":"https:\/\/uninter.com\/mestrado\/direito-processo-seletivo-cronograma\/","title":{"rendered":"CRONOGRAMA &#8211; MESTRADO EM DIREITO"},"content":{"rendered":"<table class=\"table table-striped table-bordered table-hover\" border=\"0\" width=\"100%\" cellspacing=\"0\" cellpadding=\"0\">\n<tbody>\n<tr>\n<td class=\"text-right\">\n<h2 class=\"table-header\" style=\"text-align: center;\">CRONOGRAMA<\/h2>\n<h2 class=\"table-header\" style=\"text-align: center;\">DO PROCESSO SELETIVO DO MESTRADO EM DIREITO<\/h2>\n<h2 class=\"table-header\" style=\"text-align: center;\">MAR\u00c7O 2026<\/h2>\n<\/td>\n<\/tr>\n<\/tbody>\n<\/table>\n<div class=\"table-responsive\">\n<table class=\"table table-striped table-bordered table-hover\" border=\"0\" width=\"100%\" cellspacing=\"0\" cellpadding=\"0\">\n<thead>\n<tr>\n<td style=\"text-align: center;\"><strong>PROCESSO<br \/>\n<\/strong><\/td>\n<td style=\"text-align: center;\"><strong>PER\u00cdODO\/DATA<\/strong><\/td>\n<td style=\"text-align: center;\"><strong>OBSERVA\u00c7\u00d5ES<\/strong><\/td>\n<\/tr>\n<\/thead>\n<tbody>\n<tr>\n<td class=\"text-right\" style=\"text-align: right;\">INSCRI\u00c7\u00c3O<\/td>\n<td style=\"text-align: center;\">De 28\/10\/2025 a 13\/03\/2026,<\/p>\n<p>SEXTA-FEIRA, at\u00e9 \u00e0s 12h<\/td>\n<td>Internet: uninter.com\/mestrado\/mestrado-em-direito\/ Central de Atendimento [1] \/Central de Relacionamento com o Cliente (CRC): 0800 702 0500.<\/td>\n<\/tr>\n<tr>\n<td class=\"listra text-right\" style=\"text-align: right;\">PAGAMENTO DA TAXA DE INSCRI\u00c7\u00c3O<br \/>\n(no importe de R$100,00)<\/td>\n<td class=\"listra\" style=\"text-align: center;\">De 28\/10\/2025 a 13\/03\/2026,<br \/>\nSEXTA-FEIRA, at\u00e9 \u00e0s 12h<\/td>\n<td class=\"listra\">Internet: uninter.com\/mestrado\/mestrado-em-direito\/ Quita\u00e7\u00e3o do boleto: Rede banc\u00e1ria\/lot\u00e9ricas ou Central de Atendimento [1].<\/td>\n<\/tr>\n<tr>\n<td class=\"text-right\" style=\"text-align: right;\">ENTREGA DE DOCUMENTOS, INCLUSIVE DO COMPROVANTE DE PAGAMENTO, PESSOALMENTE OU POR E-MAIL<\/td>\n<td style=\"text-align: center;\">De 28\/10\/2025 a 13\/03\/2026,<\/p>\n<p>SEXTA-FEIRA, at\u00e9 \u00e0s 12h<\/td>\n<td>Central de Atendimento [1] \/ pelo e-mail ps.ppgd@uninter.com<\/td>\n<\/tr>\n<tr>\n<td class=\"text-right\" style=\"text-align: right;\">AN\u00c1LISE DA DOCUMENTA\u00c7\u00c3O, DO PR\u00c9-PROJETO E<br \/>\nDO CURR\u00cdCULO LATTES<\/td>\n<td style=\"text-align: center;\">De 28\/10\/2025 a 16\/03\/2026,<br \/>\nSEGUNDA-FEIRA<\/td>\n<td>Comiss\u00e3o de Avalia\u00e7\u00e3o\/Coordena\u00e7\u00e3o do Programa[2].<\/td>\n<\/tr>\n<tr>\n<td class=\"text-right\" style=\"text-align: right;\">RESULTADO DAS INSCRI\u00c7\u00d5ES DEFERIDAS E CONVOCA\u00c7\u00c3O PARA ENTREVISTAS<\/td>\n<td style=\"text-align: center;\">\u00a017\/03\/2026,<\/p>\n<p>TER\u00c7A-FEIRA, at\u00e9 \u00e0s 12h<\/td>\n<td>Internet: uninter.com\/mestrado\/mestrado-em-direito\/ CRC: 0800 702 0500; Em edital, na Secretaria do Programa.<\/td>\n<\/tr>\n<tr>\n<td class=\"text-right\" style=\"text-align: right;\">PER\u00cdODO DE ENTREVISTAS (TELE)PRESENCIAIS<\/td>\n<td style=\"text-align: center;\">18 a 20\/03\/2026<\/p>\n<p>QUARTA a SEXTA-FEIRA<\/td>\n<td>Sujeitas a pr\u00e9vios agendamento e encaminhamento do respectivo link para participa\u00e7\u00e3o.<\/td>\n<\/tr>\n<tr>\n<td class=\"text-right\" style=\"text-align: right;\">RESULTADO FINAL<\/td>\n<td style=\"text-align: center;\">\u00a020\/03\/2026,<\/p>\n<p>SEXTA-FEIRA, at\u00e9 \u00e0s 21h<\/td>\n<td>Internet: uninter.com\/mestrado\/mestrado-em-direito\/ CRC: 0800 702 0500; Em edital, na Secretaria do Programa e por e-mail.<\/td>\n<\/tr>\n<tr>\n<td class=\"text-right\" style=\"text-align: right;\">PER\u00cdODO PARA REALIZA\u00c7\u00c3O DA MATR\u00cdCULA, APENAS NA CENTRAL DE ATENDIMENTO, mediante pr\u00e9via comprova\u00e7\u00e3o do pagamento da taxa<\/td>\n<td style=\"text-align: center;\">23 e 24\/03\/2026,<\/p>\n<p>SEGUNDA E TER\u00c7A-FEIRA,<\/p>\n<p><span style=\"font-family: inherit; font-size: inherit;\">das 9 \u00e0s 18h<\/span><\/td>\n<td>Boleto: Internet uninter.com\/mestrado\/mestrado-em-direito\/ Quita\u00e7\u00e3o do boleto: Rede banc\u00e1ria\/lot\u00e9ricas ou na pr\u00f3pria Central de Atendimento[1].<\/td>\n<\/tr>\n<tr>\n<td class=\"text-right\" style=\"text-align: right;\">RESULTADO DA 2\u00aa CHAMADA<\/td>\n<td style=\"text-align: center;\">25\/03\/2026<\/p>\n<p>QUARTA-FEIRA, at\u00e9 \u00e0s 12h<\/td>\n<td>Internet: uninter.com\/mestrado\/mestrado-em-direito\/ CRC: 0800 702 0500; Em edital, na Secretaria do Programa e por e-mail.<\/td>\n<\/tr>\n<tr>\n<td class=\"text-right\" style=\"text-align: right;\">REALIZA\u00c7\u00c3O DA MATR\u00cdCULA EM 2\u00aa CHAMADA, APENAS NA CENTRAL DE ATENDIMENTO, mediante pr\u00e9via comprova\u00e7\u00e3o do pagamento da taxa<\/td>\n<td style=\"text-align: center;\">25\/03\/2026<br \/>\nQUARTA-FEIRA, <span style=\"font-family: inherit; font-size: inherit;\">das 12 \u00e0s 18h<\/span><\/td>\n<td>Boleto: Internet uninter.com\/mestrado\/mestrado-em-direito\/<br \/>\nQuita\u00e7\u00e3o do boleto: Rede banc\u00e1ria\/lot\u00e9ricas ou na pr\u00f3pria Central de Atendimento[1].<\/td>\n<\/tr>\n<tr>\n<td class=\"text-right\" style=\"text-align: right;\">IN\u00cdCIO DAS AULAS<\/td>\n<td style=\"text-align: center;\">26\/03\/2026,<\/p>\n<p>QUINTA-FEIRA<\/td>\n<td>Campus Batel\/regime (tele)presencial[2].<\/td>\n<\/tr>\n<tr>\n<td class=\"text-right\" style=\"text-align: left;\" colspan=\"3\">[1]. Endere\u00e7o da Central de Atendimento: Av. Sete de Setembro, 4228, Batel, Curitiba\/Pr (de segunda a sexta-feira das 9 \u00e0s 21h). [2]. Endere\u00e7o Campus Batel: Av. Sete de Setembro, 4228, Batel, Curitiba\/Pr. O curso \u00e9 oferecido na modalidade presencial, sendo facultado a oferta parcial de aulas, semin\u00e1rios, estudos de casos e outras atividades de forma s\u00edncrona, ministrados no Ambiente Virtual de Aprendizagem (AVA), no endere\u00e7o eletr\u00f4nico http:\/\/univirtus.uninter.com\/ava\/web\/, desde que determinadas e orientadas pela Coordena\u00e7\u00e3o, com estrita observ\u00e2ncia das imposi\u00e7\u00f5es e limita\u00e7\u00f5es regulamentadas pela CAPES.<br \/>\nA Reitoria da Institui\u00e7\u00e3o se reserva o direito de transferir o curso de local, turno, dias da semana, hor\u00e1rio, pr\u00e9dio e sala quando necess\u00e1rio ou conveniente.<br \/>\n[3]. Todos os hor\u00e1rios apontados consideram a hora de Bras\u00edlia-DF.<\/td>\n<\/tr>\n<\/tbody>\n<\/table>\n<\/div>\n","protected":false},"excerpt":{"rendered":"<p>CRONOGRAMA DO PROCESSO SELETIVO DO MESTRADO EM DIREITO MAR\u00c7O 2026 PROCESSO PER\u00cdODO\/DATA OBSERVA\u00c7\u00d5ES INSCRI\u00c7\u00c3O De 28\/10\/2025 a 13\/03\/2026, SEXTA-FEIRA, at\u00e9 \u00e0s 12h Internet: uninter.com\/mestrado\/mestrado-em-direito\/ Central de Atendimento [1] \/Central de Relacionamento com o Cliente (CRC): 0800 702 0500. PAGAMENTO DA TAXA DE INSCRI\u00c7\u00c3O (no importe de R$100,00) De 28\/10\/2025 a 13\/03\/2026, SEXTA-FEIRA, at\u00e9 \u00e0s 12h [&hellip;]<\/p>\n","protected":false},"author":1,"featured_media":0,"parent":0,"menu_order":0,"comment_status":"closed","ping_status":"closed","template":"templates\/page-curso-mestrado-direito.php","meta":{"footnotes":""},"class_list":["post-1290","page","type-page","status-publish","hentry","post"],"_links":{"self":[{"href":"https:\/\/uninter.com\/mestrado\/wp-json\/wp\/v2\/pages\/1290","targetHints":{"allow":["GET"]}}],"collection":[{"href":"https:\/\/uninter.com\/mestrado\/wp-json\/wp\/v2\/pages"}],"about":[{"href":"https:\/\/uninter.com\/mestrado\/wp-json\/wp\/v2\/types\/page"}],"author":[{"embeddable":true,"href":"https:\/\/uninter.com\/mestrado\/wp-json\/wp\/v2\/users\/1"}],"replies":[{"embeddable":true,"href":"https:\/\/uninter.com\/mestrado\/wp-json\/wp\/v2\/comments?post=1290"}],"version-history":[{"count":28,"href":"https:\/\/uninter.com\/mestrado\/wp-json\/wp\/v2\/pages\/1290\/revisions"}],"predecessor-version":[{"id":4853,"href":"https:\/\/uninter.com\/mestrado\/wp-json\/wp\/v2\/pages\/1290\/revisions\/4853"}],"wp:attachment":[{"href":"https:\/\/uninter.com\/mestrado\/wp-json\/wp\/v2\/media?parent=1290"}],"curies":[{"name":"wp","href":"https:\/\/api.w.org\/{rel}","templated":true}]}}