{"id":1228,"date":"2019-10-17T09:32:37","date_gmt":"2019-10-17T12:32:37","guid":{"rendered":"https:\/\/www.uninter.com\/mestrado\/?page_id=1228"},"modified":"2026-04-06T14:44:02","modified_gmt":"2026-04-06T17:44:02","slug":"direito-objetivos","status":"publish","type":"page","link":"https:\/\/uninter.com\/mestrado\/direito-objetivos\/","title":{"rendered":"Direito &#8211; Objetivos"},"content":{"rendered":"<h1>Objetivos<\/h1>\n<p>O Mestrado em Direito do Centro Universit\u00e1rio Internacional UNINTER tem dois objetivos principais.<\/p>\n<p>De um lado, a forma\u00e7\u00e3o de recursos humanos com alta capacita\u00e7\u00e3o ao desenvolvimento de estudos avan\u00e7ados na \u00e1rea do Direito no Brasil, os quais bem poder\u00e3o e dever\u00e3o servir de par\u00e2metro para sua aplica\u00e7\u00e3o a casos concretos, tanto no exerc\u00edcio da advocacia (privada e p\u00fablica) como das fun\u00e7\u00f5es administrativa, legislativa, jurisdicional, ministerial, controladora e assemelhadas, da\u00ed a necessidade de desenvolvimento de perspectivas mais reflexivas e teor\u00e9ticas na abordagem de temas como Poder (inclusive Econ\u00f4mico), Estado e Jurisdi\u00e7\u00e3o (e outros temas que deles se desdobram), bem como sua atual crise, de modo a contribuir de modo te\u00f3rico e interdisciplinar para a mencionada reflex\u00e3o. A realiza\u00e7\u00e3o de semin\u00e1rios, congressos (dentro e fora da Institui\u00e7\u00e3o), bem como a participa\u00e7\u00e3o dos docentes e discentes em atividades e eventos acad\u00eamicos pertinentes \u00e0 \u00e1rea de concentra\u00e7\u00e3o do programa, e, finalmente, a divulga\u00e7\u00e3o da produ\u00e7\u00e3o em ve\u00edculos nacionais e internacionais ser\u00e3o o meio de desenvolvimento e divulga\u00e7\u00e3o dos estudos empreendidos.<\/p>\n<p>De outro lado, h\u00e1 o objetivo de forma\u00e7\u00e3o de recursos humanos capacitados para a doc\u00eancia dentro da \u00e1rea de concentra\u00e7\u00e3o e das linhas do programa, assim contribuindo para o ensino jur\u00eddico em termos locais (regionais e tamb\u00e9m nacionais) com pessoal dotado de compet\u00eancias espec\u00edficas e racionalidade primordialmente acad\u00eamica. A ampla oferta de cursos de Direito no Brasil aponta para a necessidade premente de forma\u00e7\u00e3o de docentes que contribuam para dar um salto qualitativo \u2013 que seja de ordem acad\u00eamica \u2013 capaz de ultrapassar perspectivas num ensino meramente profissionalizante e pr\u00e1tico, sobretudo nas \u00e1reas das disciplinas \u201cdogm\u00e1ticas\u201d.<\/p>\n<p>Destarte, o perfil esperado dos egressos \u00e9 o de um profissional com perfil acad\u00eamico, embora conhecedor dos mecanismos e dos desafios contempor\u00e2neos da dogm\u00e1tica jur\u00eddica, para a qual, numa perspectiva multidisciplinar, ele tamb\u00e9m deve se dedicar. Dever\u00e1, assim, ser capacitado para a investiga\u00e7\u00e3o e para a produ\u00e7\u00e3o cient\u00edfica de qualidade, sempre atento aos crit\u00e9rios definidos pela \u00e1rea no que diz respeito \u00e0 classifica\u00e7\u00e3o dos ve\u00edculos de publica\u00e7\u00e3o cient\u00edfica. Dever\u00e1, ainda, ser vocacionado para o interc\u00e2mbio acad\u00eamico e para o di\u00e1logo cient\u00edfico, com colegas brasileiros ou estrangeiros de sua especialidade, voca\u00e7\u00e3o essa que deve ser fomentada pela participa\u00e7\u00e3o ativa e organiza\u00e7\u00e3o de eventos com car\u00e1ter cient\u00edfico de qualidade. Dever\u00e1, por fim, ser vocacionado para a doc\u00eancia \u2013 j\u00e1 que deve ser atento \u00e0 necess\u00e1ria vincula\u00e7\u00e3o entre as voca\u00e7\u00f5es de ensino e pesquisa \u2013 transmitindo de modo apto e did\u00e1tico as experi\u00eancias das atividades de investiga\u00e7\u00e3o em sala de aula, sem preju\u00edzo do aprimoramento delas mediante compartilhamento das experi\u00eancias profissionais n\u00e3o acad\u00eamicas, nas quais as pesquisas levado a cabo possam ter contribu\u00eddo para o sucesso na advocacia, na magistratura, no mist\u00e9rio p\u00fablico, nas carreiras de estado ou, at\u00e9 mesmo, na iniciativa privada.<\/p>\n<p>&#8230;&#8230;<\/p>\n","protected":false},"excerpt":{"rendered":"<p>Objetivos O Mestrado em Direito do Centro Universit\u00e1rio Internacional UNINTER tem dois objetivos principais. De um lado, a forma\u00e7\u00e3o de recursos humanos com alta capacita\u00e7\u00e3o ao desenvolvimento de estudos avan\u00e7ados na \u00e1rea do Direito no Brasil, os quais bem poder\u00e3o e dever\u00e3o servir de par\u00e2metro para sua aplica\u00e7\u00e3o a casos concretos, tanto no exerc\u00edcio da [&hellip;]<\/p>\n","protected":false},"author":1,"featured_media":0,"parent":0,"menu_order":0,"comment_status":"closed","ping_status":"closed","template":"templates\/page-curso-mestrado-direito.php","meta":{"footnotes":""},"class_list":["post-1228","page","type-page","status-publish","hentry","post"],"_links":{"self":[{"href":"https:\/\/uninter.com\/mestrado\/wp-json\/wp\/v2\/pages\/1228","targetHints":{"allow":["GET"]}}],"collection":[{"href":"https:\/\/uninter.com\/mestrado\/wp-json\/wp\/v2\/pages"}],"about":[{"href":"https:\/\/uninter.com\/mestrado\/wp-json\/wp\/v2\/types\/page"}],"author":[{"embeddable":true,"href":"https:\/\/uninter.com\/mestrado\/wp-json\/wp\/v2\/users\/1"}],"replies":[{"embeddable":true,"href":"https:\/\/uninter.com\/mestrado\/wp-json\/wp\/v2\/comments?post=1228"}],"version-history":[{"count":5,"href":"https:\/\/uninter.com\/mestrado\/wp-json\/wp\/v2\/pages\/1228\/revisions"}],"predecessor-version":[{"id":3504,"href":"https:\/\/uninter.com\/mestrado\/wp-json\/wp\/v2\/pages\/1228\/revisions\/3504"}],"wp:attachment":[{"href":"https:\/\/uninter.com\/mestrado\/wp-json\/wp\/v2\/media?parent=1228"}],"curies":[{"name":"wp","href":"https:\/\/api.w.org\/{rel}","templated":true}]}}