{"id":1211,"date":"2019-10-17T09:16:48","date_gmt":"2019-10-17T12:16:48","guid":{"rendered":"https:\/\/www.uninter.com\/mestrado\/?page_id=1211"},"modified":"2025-08-15T09:59:24","modified_gmt":"2025-08-15T12:59:24","slug":"direito-regulamento-do-programa","status":"publish","type":"page","link":"https:\/\/uninter.com\/mestrado\/direito-regulamento-do-programa\/","title":{"rendered":"Direito &#8211; Regulamento do Programa"},"content":{"rendered":"<h1>REGULAMENTOS<\/h1>\n<p><a href=\"https:\/\/www.uninter.com\/mestrado\/wp-content\/uploads\/2025\/05\/1.ATUAL_.RESOLUCAO-106_REGULAMENTO-POS-GRADUACAO-STRICTO-SENSU_DIREITO_REV-12032025_V4.pdf\"><span data-olk-copy-source=\"MessageBody\">RESOLU\u00c7\u00c3O N\u00ba106\/2015 &#8211; CEPE<\/span><\/a><br \/>\n(Regulamento Interno do Programa de P\u00f3s-Gradua\u00e7\u00e3o <i>Stricto Sensu\u00a0<\/i>em Direito \u2013 PPGD, atualizada aos 12\/03\/2025)<\/p>\n<div>\n<p><a href=\"https:\/\/uninter.com\/mestrado\/wp-content\/uploads\/2025\/05\/2.ATUAL_.RESOLUCAO-100_REGULAMENTO-DA-POS-GRADUACAO-STRICTO-SENSU-DO-UNINTER_REV-12032025_V4.pdf\">RESOLU\u00c7\u00c3O N\u00ba100\/2015 &#8211; CEPE<\/a><br \/>\n(Regulamento Geral da P\u00f3s-Gradua\u00e7\u00e3o\u00a0<i>Stricto Sensu &#8211;\u00a0<\/i>atualizada aos 12\/03\/2025)<\/p>\n<\/div>\n<div>\n<p><a href=\"https:\/\/uninter.com\/mestrado\/wp-content\/uploads\/2025\/05\/3.RESOLUCAO-2553-POLITICA-DE-USO-ETICO-DE-IA-PELOS-ALUNOS.pdf\">RESOLU\u00c7\u00c3O N\u00ba 2553\/2024 \u2013 CEPE<\/a><br \/>\n(Regulamenta o uso de ferramentas de Intelig\u00eancia Artificial -IA por alunos, para a realiza\u00e7\u00e3o das atividades acad\u00eamicas)<\/p>\n<\/div>\n<div>\n<p><a href=\"https:\/\/uninter.com\/mestrado\/wp-content\/uploads\/2025\/05\/4.RESOLUCAO-64-REGIME-DISCIPLINAR-UNINTER_RV-8.pdf\">RESOLU\u00c7\u00c3O N\u00ba 64\/2012 &#8211; CEPE <\/a><br \/>\n(Regime Disciplinar)<\/p>\n<p><a href=\"https:\/\/www.uninter.com\/mestrado\/wp-content\/uploads\/2025\/08\/2023.RES_PPGD_01.2023-estagio-de-docencia.pdf\">RESOLU\u00c7\u00c3O N\u00ba 01\/2023- PPGD<\/a><br \/>\n(Est\u00e1gio Doc\u00eancia)<\/p>\n<\/div>\n","protected":false},"excerpt":{"rendered":"<p>REGULAMENTOS RESOLU\u00c7\u00c3O N\u00ba106\/2015 &#8211; CEPE (Regulamento Interno do Programa de P\u00f3s-Gradua\u00e7\u00e3o Stricto Sensu\u00a0em Direito \u2013 PPGD, atualizada aos 12\/03\/2025) RESOLU\u00c7\u00c3O N\u00ba100\/2015 &#8211; CEPE (Regulamento Geral da P\u00f3s-Gradua\u00e7\u00e3o\u00a0Stricto Sensu &#8211;\u00a0atualizada aos 12\/03\/2025) RESOLU\u00c7\u00c3O N\u00ba 2553\/2024 \u2013 CEPE (Regulamenta o uso de ferramentas de Intelig\u00eancia Artificial -IA por alunos, para a realiza\u00e7\u00e3o das atividades acad\u00eamicas) RESOLU\u00c7\u00c3O N\u00ba [&hellip;]<\/p>\n","protected":false},"author":1,"featured_media":0,"parent":0,"menu_order":0,"comment_status":"closed","ping_status":"closed","template":"","meta":{"footnotes":""},"class_list":["post-1211","page","type-page","status-publish","hentry","post"],"_links":{"self":[{"href":"https:\/\/uninter.com\/mestrado\/wp-json\/wp\/v2\/pages\/1211","targetHints":{"allow":["GET"]}}],"collection":[{"href":"https:\/\/uninter.com\/mestrado\/wp-json\/wp\/v2\/pages"}],"about":[{"href":"https:\/\/uninter.com\/mestrado\/wp-json\/wp\/v2\/types\/page"}],"author":[{"embeddable":true,"href":"https:\/\/uninter.com\/mestrado\/wp-json\/wp\/v2\/users\/1"}],"replies":[{"embeddable":true,"href":"https:\/\/uninter.com\/mestrado\/wp-json\/wp\/v2\/comments?post=1211"}],"version-history":[{"count":11,"href":"https:\/\/uninter.com\/mestrado\/wp-json\/wp\/v2\/pages\/1211\/revisions"}],"predecessor-version":[{"id":4656,"href":"https:\/\/uninter.com\/mestrado\/wp-json\/wp\/v2\/pages\/1211\/revisions\/4656"}],"wp:attachment":[{"href":"https:\/\/uninter.com\/mestrado\/wp-json\/wp\/v2\/media?parent=1211"}],"curies":[{"name":"wp","href":"https:\/\/api.w.org\/{rel}","templated":true}]}}