{"id":1209,"date":"2019-10-17T09:15:17","date_gmt":"2019-10-17T12:15:17","guid":{"rendered":"https:\/\/www.uninter.com\/mestrado\/?page_id=1209"},"modified":"2025-05-22T09:50:40","modified_gmt":"2025-05-22T12:50:40","slug":"direito-corpo-discente","status":"publish","type":"page","link":"https:\/\/uninter.com\/mestrado\/direito-corpo-discente\/","title":{"rendered":"Corpo Discente \u2013 Programa de P\u00f3s-Gradua\u00e7\u00e3o em Direito"},"content":{"rendered":"<h1>CORPO DISCENTE (LATTES)<\/h1>\n<p><strong>T2022:<\/strong><\/p>\n<p><a href=\"http:\/\/buscatextual.cnpq.br\/buscatextual\/visualizacv.do?id=K4250317H9&amp;tokenCaptchar=03AIIukzghlVdvrW01cd_s-kUQ__MFa_rI2uGxVwxw5MFmwufxHmhu-zI54u5QIpDA1bHTpGPmxdxClABT3X5UPiuTsrM7RQ_L9iGIEjeL73qv4d6BtXXYF7PgwWBNZe6CZDXN9mdImUhAmz80M06MvYWZHWbYQs3cy3RZ6rcghuobRK0HqgsOj3IIVpl2OZIeQxgXFpMNAUMFBJ0_zCo4Zl4APaLGNZ9MfmUE4a7h5U7PCIkAl97IRctJlVgeVVBxKhWg-6x_3iH114X09d_xKBK8kAbtP0fsOTp5vq-VI9EEzX4HCa6OxLecDR_73K1U0DogfWWXvwiKsUuCDSeosLHM8SP4UQKF6UnSONCLB6aSZI8UUCQTSjxRmOFIPctRV9rX7w-7TPPuXaz_RmlYT-vgbYg2u7kcG6chAA_v48oKD0HoDT7NuargWxmvlUBnxxefWsLiMMSba8-_CzW91_tvk6lQ4lCsapc7zuZy3kNsOZL2A5pAW2KOG53afNTNevqYTMWDCUDd7LtVkzSrrnYhFJEdjVxK7Q\">FERNANDO M\u00c1RCIO MARQUES DE SALES<\/a><br \/>\n<a href=\"http:\/\/buscatextual.cnpq.br\/buscatextual\/visualizacv.do?id=K8808241P0&amp;tokenCaptchar=03AIIukziq7tVQuih5tphaGEto3tYmNEeHKJh0Dn2cgl6wDEsgpsT-3neDZKri05vIpGwcMpfdoXJdKQBfMz9QtgunOqWFHhn07f5KIb5j_fZ02vq5bA1o_xQUHiK43bv3l-CjF1JmxCQ9nhpWMQsA6i7h7OYMt0vCRZ7TMhpcjg4O-EfElSL6dgEXTNp7B7o_pVP9oa-wCoEPbwgVXgydXSGvcU8QwjTuEwjsLUn8bHzt0gw1K79sErWwckLXNu175jXIVRYsRUosQEbwmeN83QyAdQF_1IiR4yMg21y4Vad2BSFznT9dQLnHYouV8GaSb5H2YAO01apfykhnrx07uSxuZfwE4JakH-jfhfRv-C_fTm7obuMDi_hE2eEJNlGr9YzDdOhgPNSXykqXA74c7RmhuCu0HRNnx9d1CYP4xEoxjfXY-bncpefDGKcTTt6d4qBb7A75jKBwxOxwF1LA-tOdsueV7yp4AzuSOslXttw5NWa7N58X29rV5WejnVI96Boabmye7IT10R8iSvwyQq_8EFvkRsH1og\">GABRIELA CHRISTINA SCHWEITZER DE MIRANDA<\/a><br \/>\n<a href=\"http:\/\/buscatextual.cnpq.br\/buscatextual\/visualizacv.do?id=K1774380E1&amp;tokenCaptchar=03AIIukzgnkS1Z5nsQJxQJWmDtfWQQlF8sczNZepzFJiEub8G4HbvQu00jf1wb0M-KHwDXTeo6znuf-aoWaMHG4s3wkgnFGS1SgxnPoRdPEG7tTYf1URzK0cmVIM9e2shu6HYfin6XL1u_C4wuVZ1cR4zOc5h-5ios8NHnocCcHDHWuoJ-QR-GkkPcvllf549nvO938VC6hBRsm58psIC1uEW0O8hM2e-xC6XVshTB9xtu8eOHKOc6gN4lWpkjChcDgku-Lzf0u4Gd_-Zu_y0MQmPh17tBo8cuwvwS-Q-lcPON69gW0bQDd8tCWDUP8Jm0pKdqZ6etsU3bCUfk6Tj41ir5oaJ9ZwjvPYzk5QJMRZm464aTee3InE22PbAPbarLzmgJ3c2oE2AM0loIHYqzri5Fn0Hjy6WEUi1K26L71Iz25zMsK2uQkYYKHd4qMxa5qfqYvMWOUBq7caCPBQM9TCG9HMzfoP4QPWRxc0z85-1JWGMFDF5nEYwM4U_fEJf8XEoimKuoMnORHM1-7H5rSQWClCs5x9CPGg\">IZABELLE LAROCCA CORREA<\/a><br \/>\n<a href=\"http:\/\/buscatextual.cnpq.br\/buscatextual\/visualizacv.do?id=K8878954P3&amp;tokenCaptchar=03AIIukzjecmkxNQvrZEdcXyB2D8zaLHALT2uKik2SpAxrBUQUiNbne2LEIggmQO_aVWqv6hBMQCRlswnYhimwbsU0ne2tdHNJXUL-ggSWSKzf3tT_c_HBFWRQFUyQp0TwNIxmsNOjGe1rosZOF7i9LVi9_8LATIgY2o89apgX4DZZDe6E-Is9Y8Muduiug2_LK8OJyv15-usyynUk1vDtaPoyd9nbdZnPRoeLVYWjEh1ZBZS2cz3DUiZrd2A53_TFaJfjD1vOC_T7i1Mj_C2VI2ql1XmOMON-ELjiFj4KcV5vGjSwLlk28ulnTqyxgkIQH-PRNMwCdpMbOeI8RNHm4v269Pn-ekJWDX6Pr_8ZHzVflMnI8z1FtY7swR5Dxhiy4uwlCIpC-Q5H5mJLism7w2Q487h-MCU8WD-THHe6dn3D3H6Y5DVtZ-L12Zh_7VjvKTjFeCnHWuyohES6LajjjvJY1xvyDLcVS0lH68McV0Ip4Mg02uREFrfKrA7YRT2hjnwI5zhxrZtzg7grWZgCMNNdJik6qhRjig\">JANICE PESSOA GARCIA<\/a><br \/>\n<a href=\"http:\/\/buscatextual.cnpq.br\/buscatextual\/visualizacv.do?id=K8993889Y6&amp;tokenCaptchar=03AIIukziD9BNSAmncDMVe3NuvOVR7gcE8_ltIDrbJrg1Dqhf06G6Ie3AwgPCZBga84-LYZbKzcmJRf4XUmLddJdxg8hMiZXjfu8G3zhDqR6-vgpsvPI_k5_VaYEZQNgVW_H1gFYAGUUeyBvTwIsheC2DZNiGHJbwK14C_RGGFKRHH8hLcjVj3Aii25RvLTmUE_TMdNMIN7BRPD4yU5zWMGQexXRKEav987LFTIz65LR48allv4SkBcq27WBhM6_DKoYztTvzMnMhAyAQM6kKDFsNh1jAJokP_XVNiKWKPL55_nQvRiroWRV3GJUa183d9to_lRRqJxNDfVajPGPCXNB8nTkEYmRAMh3aFCSONyu3OCrPN4ihCOxNS7cwqZshVf0SK6LGEQ9GTHPV63GsFas7O4F4-ViMgf_nmlxcbwAnDdUiDe-4G9ZAQFxpRljUexaesKYW2DZ3B2s4YLH8UVpZ2igo5TWmVyIJpshtSLa4krI-Hgx0bT_mOnPk3lgNa7uRwAU84NCxH_Hu-7QhnKF08Oek3kP02xg\">JEFERSON LUIZ MARINHO<\/a><br \/>\n<a href=\"http:\/\/buscatextual.cnpq.br\/buscatextual\/visualizacv.do?id=K1797266Y4&amp;tokenCaptchar=03AIIukzh_afUOm5qjKDoA0v0FVuIT7zKWpaL67rLxqdRhizsndo09P4iMKkFGczb1UbsuN6TnZblFAkeCm3E0IqMv0gX2d30FevtqLeWiAtjBpjwkkS5yByYQPkljXQvfIa1QPqgCEvM_Wl6euCABqnQUgJaQ5HgWvz1bmJTkzC2zfMVG9g_qq_F7evxIozY53eKxEEeFD_Vlm-m6JVd1DkDWzcwls8mLTGdkuNdbFqnZJq_dfN9jEG8cFsZTyTw34bioFFRj1d546v23fVJ1fNZHBnM39EaXA1sFKdevseuwdhlfw90w4TI1X2GKPm6NvchirhYM6NOkDGdzUvlE13VQRE-rYwZ4H0m2nHPeJOFnI2eMIDGqHalq0zdHia4pTKgSRFXxuLJArs22kXvs13Dpuny77Yl4qadTPZZQwiaHeFtdWM-3hz5C_gDZV0PoPKzXuaXoYOm2Cv6RswWffsdlAs93jP7jz-WWM1fO6nEFXeNXJMf_zeKrVONQVoAtsKHFFhBteGCdeWIInlnZT_OgK_GjaNRwMg\">LUCAS URBANAVICIUS MARQUES<\/a><br \/>\n<a href=\"http:\/\/buscatextual.cnpq.br\/buscatextual\/visualizacv.do?id=K4894036Y0&amp;tokenCaptchar=03AIIukzh7gu3kojvU-j6Nk686IwTKFSS_r3RA3Vj37wt3NwhElzmrsdYqNqtrKy2Tk9J6l3a8GUnnTLchsxOtTnGkvobjKh-66tAnXs79xVHW7HcCXmiW7yujYr9vMyciXlzsiFaGheJ2dZEqF-QH0ZwhEdMLxTBnqDU8BpgOwuosIJyRRSOUCotrShE-6LCP6jikAdn5xGkBroLc03BYbHVYZvn03n6h8YVT8l9CCNaK0JJ-VpOPu1ES5bCm-UvtQqrqnuNmGXoXjYQBCxLWCaudeZuaastttqu6kQGF8AvucECb1F5XAUWcu1eMwLyDi2LYB0axJTzo0ihCC8CHU17-mlDn7wkAidzRdkrsv7b9gsFdzLL8a6CzBYtiZTQ_isAJjhz-yJMBHFJ4CGIjRcRt2hy7PrSGU8bWNYrf-pN8a3eg4ARIZHTwWEq09kht3IMTY44L2s7gw9PbtTf7HM9tuPcOVizpAnTGoPlA2-7miDt8s4MvAf8KTLlxpcXjk_QQyIxyK-_TqhkiX-ehhs3LOXM-gLxiKw\">LUIS FELIPE ECHEVERRIA NASSER<\/a><br \/>\n<a href=\"http:\/\/buscatextual.cnpq.br\/buscatextual\/visualizacv.do?id=K4423355D8&amp;tokenCaptchar=03AIIukzjERfhdG4kwqR1drnvIMwYxZn_JihDUY7Okhau3uzwby7Osz12Uxby4BsvfdsjZPi1WmJPiArhfw8-dOnI1eIGiurDi964yP2MSBAYL9kJgvayMpBZlvBIRdMXL7WKVEgZc8-GyhZRo1TKHD49M4lwHB8GHbHoxIbjqqLiBdbZ1_sWAqwUTc7gnIEdSKm8Zmbs6QhwcTi4nfEfzwzh6GFzvoi9AiP5Nhy5bLLm3vIc3WLaTWtk39-v-I20kj24riuBBS5qVoqBaF6DAgUVlDBqIkhw3bJlU-NAh28Lt_A1R50FAn2HzNAPf_Bt30mbJN25Q6v9Dha2NLgsfa5Fx_21t0d_bzgYTm8pUL8DsklzvLbqNa7d0zFWdu0WBLdqjMnmcIKgHP1DxwAO4PshSGjx3kwzsRchVAOo7j6Gn44OBBrjmXzyks6HxtlP7O8XkyPieRVAtIN7TEXFVWyGxIBh_QjMV5xtAbKkczhPPc8DVTKwI6ha0N50Idcl8FFBuRgT12L1YCM4yhyTy0DDIMcgVuX1ETw\">PAULO DE TARSO DE OLIVEIRA TAVARES<\/a><br \/>\n<a href=\"http:\/\/buscatextual.cnpq.br\/buscatextual\/visualizacv.do?id=K1791131J2&amp;tokenCaptchar=03AIIukzhHXHxUs26A6xcQmRJEs6-2HyN6omGJC7phrBGQMsOQhxCCWUoq9pXAtS5ASICISYuoP4ovUEjHp-5dihk50sQGdsoqW0AndXXM2XY7blXczlobm7DaLQ3WpmT9EbuptzbxDqiVnoOJSKjdPkcb7JYierXsdhZ_ef0348SjZLd5wc0EagpGzaGaGvsY164w8k9TNyZa_7RVt-Zd4cdHL33IgiQTsykvjqE-mQcbB7MxVRv96sqkc5nynJVr490qEq5wk3VSayin2WfO9e1Rq5uey7ejHrMstagWo8cCKej2farYTuCYxCTrE6QbciRNu5n6gLJncLgLYKOrl2gn0cZ5G8t4MyUkLEwOalZjM4Zk_R_fOqKbNnrWqXymUwajKGXqfp7YaDojJvcYIENMo5ZpNfXWTCneB0hnZL7daQr9HRS90DdJ6UH9KQym3FSWMArZDm2nLPdcKrtVPF_mVa6kHOOBLcxMY08n4noBmn7HNoGld0Fs3_S2H9EUkfBcsNib0EWTcSqeG3L72onemYVTgPiNQQ\">R\u00d4MULO ROCHA VAZ<\/a><br \/>\n<a href=\"http:\/\/buscatextual.cnpq.br\/buscatextual\/visualizacv.do?id=K2794108H9&amp;tokenCaptchar=03AIIukzix0PQUZ_-uhBHRPbTziNuBw_f-pWe4V1G3HRZLdVphMWNdjUzsqfUzsu_pPwpDFcE6qmHs3ydLX3_SX4HhWHZzSCoTgYJyAfvQTj_wtKlupx4K6BIz2Pe5lIfnr_g4DXA3GlOZX_L8Da1vQs9qcGKXQ3FS0AiezawjgvoMCFxHRGdnbE2_qCqzuIzG6vhTyTRp64TLzHUwrmcFEkK-9yROFDix_XNebilG5t9ILhTtVhCW4fLqrr-Pl-bLAmT1WM1KAUjB7KDpBrhpBdOB-rvRWl1DZQUs2FkPyGEVvpICfXx_HdDv7EMBJBoJZEL2M5ia4w3Ay1l5ka4JnrAWRn1Qp6pF9PMzVnHm2MebivilBld2IXzehupgQF3l_MT2z013ME_MUF27TlEY0-k2m1dlc0AQteXge2PGKT730bI_qK85Jhx0eO_9QUDIIS-QcGHPr6IPywR93CVJho_2dok__Eqik65KvLEt655iNaZ91qxFNICpUM4YOk-3xcM6ZQKgrfh9DvEQAJhYRlRDEHhPPiY4pw\">TAINAH BENRADT WOLLMANN<\/a><br \/>\n<a href=\"http:\/\/buscatextual.cnpq.br\/buscatextual\/visualizacv.do?id=K4418165T3&amp;tokenCaptchar=03AIIukziZKYVvvWQNZoXFRgu9A4QQvNN-E7buinwBsNAjnDMCM2fZIRrsGSrJDIx5WVpXQJnMkp6llAiZhQ2zKN1AkzNgWbgcr5URhg7V6y91oWg3OG1XZxnFd5Fy3vY264DZj8S-8GZrTcobz8IZnTvNFD2Tg-oMmqs00dBKddUMKMgs6MbDl4HCJ9FvNZBI1_by77jJjgkW9HEaKp1D7hXQ_H_eV4R45caWPa5u6JvmJxJ3Pn2lTuY3jm7ezeeCKY4Jr0zlqQ4gbQGF5yvfaAOPVOXENiyAqF2xl3Nfx9jQNndKH7W72adPaZHlUmy2K0XLxBIPYpovxm1N6G21H_ZWjVSLP2orjegT1I_VPGtHZyn7Y_atcQWZI5gBa0MgNHkaQJXFUVTGcw0cswWMJX3QZCCt_1_ojNliz8bo19UMx_A2Dkg5HJibBoUJTGevV_k9StifMiUhpMnKUHf2y1IXVg_NZYVPhuqLmKK38IfqQbLVw3C05DszdShHK_68IKQF55OH_gkDlVtu1PaGspqXUtJ2FTL7Lg\">DANIEL HIROYUKI VATANABE<\/a><br \/>\n<a href=\"http:\/\/buscatextual.cnpq.br\/buscatextual\/visualizacv.do?id=K1189634U3&amp;tokenCaptchar=03AIIukzggB7gmqlFOLrKQ9kWyT9q_uOqRYw_5FAKjTFaQE_G1ZoToFzc2WvJkY_MGe_Sz4L94mupsbEZx3_IMN7BJnYNph_mjczZlDteaaz-4yxVmrh0j0tdntBsPDCLAJ7gAsn4XsVMAFuhdA7vLtb8-tdhgpxci4o4xjACPGzbTu-tr4xCavdbNxoWzWTv72LnFvFfOwTCzjJ0jkUM4u5oEplGTOSMSqARAStJUEpqgQIrY5ERZpNu5VnKwyRy_j1ogSBsFQUQzyt-t-jYoKP18xI-Gr46b1DSJk8v2O_owhgEB-ze1OkMYPfLTZBZ3oeT8KYE2iFLq1NQSTszG_Wt8hhS3CWy7FlxefWEOEq63AirN9oNTvTCxDD9KwaVkap0BfmQB2J3DckCKWwcJ8hL-pTTFEoKJLgRXoEp0Es_dTfsHgF48HBQ3zrstAnZ6dsYxONO7RkNG3xbglC-iLjoVzcWCFyNBwpLKHm7n5wCaidHhzjUCUvATGaWrh86F7Uer8L_cn6sgC7HgvP0tGTjlXkv6at2AuQ\">NICOLE RISTOW BED\u00ca<\/a><br \/>\n<a href=\"http:\/\/buscatextual.cnpq.br\/buscatextual\/visualizacv.do?id=K9045377Y6&amp;tokenCaptchar=03AIIukzgoj9KdiJctBAipBTukt4rcGlzbARSQtI_-oVyImJ0v_oBlHOCIVNlsUly-LmtH2Ya8iGsolrBrYQ4vjaW6o7jg288QmLhrmqywSXzH-3b1hzJJFXg_wR2zszQw_AlSTKIZxXDha0pPgbGQ2YAfTki7x_hH2s40Ayskx4s7kJAzyhbbvNJupBe8tPezSgqrTswtgTh6uIuyLEQPCS--I4WK7LigJ72o7SeWWIv_0zG8cnjTcUtYeMSbtvpEj728wAsO6bgawlFkeBiEEBuiId56jk79ScQM9vtv6kYxf2kN8h2H9vW6z5ACRNinRJFZMyTnzQ1xuYfICfUyw84j20OnPu0zo5wDkAV4k9DNDu5z_jmYddFyxmgDX6AcbuJtodk8Cw4m7TGMPiqDc96iFjJS4kFklU4zVGi57JQ4_VeFqHMfNhAYbl8war7TBSAtQaCDlF_1vbQzaMArGpJ7XHutY48OAxoX8w9GrT-zAABDGR-p_1vKfJkEW-5VDilROWtK_A3i172GeQ15hxrWV0-ra2SfkA\">RAPHAEL ALVES DO NASCIMENTO<\/a><\/p>\n<table style=\"height: 3529px;\" width=\"820\">\n<tbody>\n<tr>\n<td style=\"text-align: center;\" colspan=\"3\"><strong>TURMA 2024\/05 &#8211; DISCENTES MESTRADO EM DIREITO<\/strong><\/td>\n<\/tr>\n<tr>\n<td style=\"text-align: center;\">N\u00ba<\/td>\n<td>MESTRANDOS(AS)<\/td>\n<td>LATTES<\/td>\n<\/tr>\n<tr>\n<td style=\"text-align: center;\">1<\/td>\n<td>ADRIANA BARBOSA COELHO<\/td>\n<td><a href=\"http:\/\/lattes.cnpq.br\/9718252135039836\">http:\/\/lattes.cnpq.br\/9718252135039836<\/a><\/td>\n<\/tr>\n<tr>\n<td style=\"text-align: center;\">2<\/td>\n<td>AMANDA SENTONE GUIESELER<\/td>\n<td><a href=\"http:\/\/lattes.cnpq.br\/7010496813332470\">http:\/\/lattes.cnpq.br\/7010496813332470<\/a><\/td>\n<\/tr>\n<tr>\n<td style=\"text-align: center;\">3<\/td>\n<td>ANDREIA GANDIN<\/td>\n<td><a href=\"http:\/\/lattes.cnpq.br\/6520832522803125\">http:\/\/lattes.cnpq.br\/6520832522803125<\/a><\/td>\n<\/tr>\n<tr>\n<td style=\"text-align: center;\">4<\/td>\n<td>CRISTIANO LINHARES<\/td>\n<td><a href=\"http:\/\/lattes.cnpq.br\/3960738673522997\">http:\/\/lattes.cnpq.br\/3960738673522997<\/a><\/td>\n<\/tr>\n<tr>\n<td style=\"text-align: center;\">5<\/td>\n<td>JOS\u00c9 ANT\u00d4NIO ASSAD E FARIA J\u00daNIOR<\/td>\n<td><a href=\"http:\/\/lattes.cnpq.br\/3988776778367255\">http:\/\/lattes.cnpq.br\/3988776778367255<\/a><\/td>\n<\/tr>\n<tr>\n<td style=\"text-align: center;\">6<\/td>\n<td>MARCIO FRANCISCO DA SILVA LOUREN\u00c7O<\/td>\n<td><a href=\"http:\/\/lattes.cnpq.br\/5192665313232576\">http:\/\/lattes.cnpq.br\/5192665313232576<\/a><\/td>\n<\/tr>\n<tr>\n<td style=\"text-align: center;\">7<\/td>\n<td>PEDRO HENRIQUE BARROS ALVES<\/td>\n<td><a href=\"http:\/\/lattes.cnpq.br\/1755455321028521\">http:\/\/lattes.cnpq.br\/1755455321028521<\/a><\/td>\n<\/tr>\n<tr>\n<td style=\"text-align: center;\">8<\/td>\n<td>POLYANA LA\u00cdS MAJEWSKI CAGGIANO<\/td>\n<td><a href=\"http:\/\/lattes.cnpq.br\/2059482163793188\">http:\/\/lattes.cnpq.br\/2059482163793188<\/a><\/td>\n<\/tr>\n<tr>\n<td style=\"text-align: center;\">9<\/td>\n<td>SANDRO SILVA DOS SANTOS<\/td>\n<td><a href=\"http:\/\/lattes.cnpq.br\/5990545553650580\">http:\/\/lattes.cnpq.br\/5990545553650580<\/a><\/td>\n<\/tr>\n<tr>\n<td style=\"text-align: center;\">10<\/td>\n<td>SONIA SILVA DE OLIVEIRA<\/td>\n<td><a href=\"http:\/\/lattes.cnpq.br\/8939386736631329\">http:\/\/lattes.cnpq.br\/8939386736631329<\/a><\/td>\n<\/tr>\n<tr>\n<td style=\"text-align: center;\">11<\/td>\n<td>VIN\u00cdCIUS TEIXEIRA BRESSAN<\/td>\n<td><a href=\"http:\/\/lattes.cnpq.br\/3186472330717215\">http:\/\/lattes.cnpq.br\/3186472330717215<\/a><\/td>\n<\/tr>\n<tr>\n<td style=\"text-align: center;\">12<\/td>\n<td>WELLINGTON LINCOLN SECO<\/td>\n<td><a href=\"http:\/\/lattes.cnpq.br\/9373737438894531\">http:\/\/lattes.cnpq.br\/9373737438894531<\/a><\/td>\n<\/tr>\n<tr>\n<td style=\"text-align: center;\"><\/td>\n<td><\/td>\n<td><\/td>\n<\/tr>\n<tr>\n<td style=\"text-align: center;\"><\/td>\n<td><\/td>\n<td><\/td>\n<\/tr>\n<tr>\n<td style=\"text-align: center;\"><\/td>\n<td><\/td>\n<td><\/td>\n<\/tr>\n<tr>\n<td style=\"text-align: center;\" colspan=\"3\"><strong>TURMA 2024\/07 &#8211; DISCENTES MESTRADO EM DIREITO<\/strong><\/td>\n<\/tr>\n<tr>\n<td style=\"text-align: center;\">N\u00ba<\/td>\n<td>MESTRANDOS(AS)<\/td>\n<td>LATTES<\/td>\n<\/tr>\n<tr>\n<td style=\"text-align: center;\">1<\/td>\n<td>ANA PAULA KOSLOSKI MIRANDA<\/td>\n<td><a href=\"http:\/\/lattes.cnpq.br\/6940499347739796\">http:\/\/lattes.cnpq.br\/6940499347739796<\/a><\/td>\n<\/tr>\n<tr>\n<td style=\"text-align: center;\">2<\/td>\n<td>HELEN GOULART MAGALH\u00c3ES DA FONSECA<\/td>\n<td><a href=\"http:\/\/lattes.cnpq.br\/8626557286698370\">http:\/\/lattes.cnpq.br\/8626557286698370<\/a><\/td>\n<\/tr>\n<tr>\n<td style=\"text-align: center;\">3<\/td>\n<td>LEILA MARIA CHAGAS SERRA<\/td>\n<td><a href=\"http:\/\/lattes.cnpq.br\/5421990136038081\">http:\/\/lattes.cnpq.br\/5421990136038081<\/a><\/td>\n<\/tr>\n<tr>\n<td style=\"text-align: center;\">4<\/td>\n<td>NUBIA WELANY FARIAS DO NASCIMENTO<\/td>\n<td><a href=\"http:\/\/lattes.cnpq.br\/8853938222471073\">http:\/\/lattes.cnpq.br\/8853938222471073<\/a><\/td>\n<\/tr>\n<tr>\n<td style=\"text-align: center;\">5<\/td>\n<td>RAFAEL DA SILVA MAIA<\/td>\n<td><a href=\"http:\/\/lattes.cnpq.br\/9866860632200886\">http:\/\/lattes.cnpq.br\/9866860632200886<\/a><\/td>\n<\/tr>\n<tr>\n<td style=\"text-align: center;\">6<\/td>\n<td>RAISSA QUINTINO DE PAULA XAVIER<\/td>\n<td><a href=\"http:\/\/lattes.cnpq.br\/2311400168230290\">http:\/\/lattes.cnpq.br\/2311400168230290<\/a><\/td>\n<\/tr>\n<tr>\n<td style=\"text-align: center;\"><\/td>\n<td><\/td>\n<td><\/td>\n<\/tr>\n<tr>\n<td style=\"text-align: center;\"><\/td>\n<td><\/td>\n<td><\/td>\n<\/tr>\n<tr>\n<td style=\"text-align: center;\"><\/td>\n<td><\/td>\n<td><\/td>\n<\/tr>\n<tr>\n<td style=\"text-align: center;\" colspan=\"3\"><strong>TURMA 2025 &#8211; DISCENTES MESTRADO EM DIREITO<\/strong><\/td>\n<\/tr>\n<tr>\n<td style=\"text-align: center;\">N\u00ba<\/td>\n<td>MESTRANDOS(AS)<\/td>\n<td>LATTES<\/td>\n<\/tr>\n<tr>\n<td style=\"text-align: center;\">1<\/td>\n<td>ANDR\u00c9 RAMBO BATISTELLA<\/td>\n<td><a href=\"http:\/\/lattes.cnpq.br\/3205643745016314\">http:\/\/lattes.cnpq.br\/3205643745016314<\/a><\/td>\n<\/tr>\n<tr>\n<td style=\"text-align: center;\">2<\/td>\n<td>DAISY PETRONA MAVEL DOS SANTOS C\u00c1CERES BERTOLINO<\/td>\n<td><a href=\"http:\/\/lattes.cnpq.br\/3195030643012526\">http:\/\/lattes.cnpq.br\/3195030643012526<\/a><\/td>\n<\/tr>\n<tr>\n<td style=\"text-align: center;\">3<\/td>\n<td>DALTON DE OLIVEIRA BITTENCOURT<\/td>\n<td><a href=\"http:\/\/lattes.cnpq.br\/7523907946524049\">http:\/\/lattes.cnpq.br\/7523907946524049<\/a><\/td>\n<\/tr>\n<tr>\n<td style=\"text-align: center;\">4<\/td>\n<td>DANIEL FERREIRA FILHO<\/td>\n<td><a href=\"http:\/\/lattes.cnpq.br\/1849980882262186\">http:\/\/lattes.cnpq.br\/1849980882262186<\/a><\/td>\n<\/tr>\n<tr>\n<td style=\"text-align: center;\">5<\/td>\n<td>EDISON DIVONZIR SOARES<\/td>\n<td><a href=\"http:\/\/lattes.cnpq.br\/9500264340633832\">http:\/\/lattes.cnpq.br\/9500264340633832<\/a><\/td>\n<\/tr>\n<tr>\n<td style=\"text-align: center;\">6<\/td>\n<td>FELIPE MEUCCI GARZON<\/td>\n<td><a href=\"http:\/\/lattes.cnpq.br\/1581742881885815\">http:\/\/lattes.cnpq.br\/1581742881885815<\/a><\/td>\n<\/tr>\n<tr>\n<td style=\"text-align: center;\">7<\/td>\n<td>IZABEL DE AGUIDA<\/td>\n<td><a href=\"http:\/\/lattes.cnpq.br\/0505795813687806\">http:\/\/lattes.cnpq.br\/0505795813687806<\/a><\/td>\n<\/tr>\n<tr>\n<td style=\"text-align: center;\">8<\/td>\n<td>JOSE CARLOS DA CONCEI\u00c7\u00c3O SANTIAGO<\/td>\n<td><a href=\"http:\/\/lattes.cnpq.br\/3506675304134371\">http:\/\/lattes.cnpq.br\/3506675304134371<\/a><\/td>\n<\/tr>\n<tr>\n<td style=\"text-align: center;\">9<\/td>\n<td>KAREN FERNANDA SCHIFELBEIN<\/td>\n<td><a href=\"http:\/\/lattes.cnpq.br\/4379559570504890\">http:\/\/lattes.cnpq.br\/4379559570504890<\/a><\/td>\n<\/tr>\n<tr>\n<td style=\"text-align: center;\">10<\/td>\n<td>KARLENO BARBOSA DIAS<\/td>\n<td><a href=\"http:\/\/lattes.cnpq.br\/5095627612439382\">http:\/\/lattes.cnpq.br\/5095627612439382<\/a><\/td>\n<\/tr>\n<tr>\n<td style=\"text-align: center;\">11<\/td>\n<td>LEONARDO HONORIO DOS SANTOS<\/td>\n<td><a href=\"http:\/\/lattes.cnpq.br\/0782608727483716\">http:\/\/lattes.cnpq.br\/0782608727483716<\/a><\/td>\n<\/tr>\n<tr>\n<td style=\"text-align: center;\">12<\/td>\n<td>RODRIGO CESAR ZANELATTO<\/td>\n<td><a href=\"http:\/\/lattes.cnpq.br\/8100521744279927\">http:\/\/lattes.cnpq.br\/8100521744279927<\/a><\/td>\n<\/tr>\n<tr>\n<td style=\"text-align: center;\">13<\/td>\n<td>TALITA ANTONIAZZI MARANGONI<\/td>\n<td><a href=\"http:\/\/lattes.cnpq.br\/7736631242530474\">http:\/\/lattes.cnpq.br\/7736631242530474<\/a><\/td>\n<\/tr>\n<tr>\n<td style=\"text-align: center;\">14<\/td>\n<td>TATIANE VIOLA<\/td>\n<td><a href=\"http:\/\/lattes.cnpq.br\/9027725160272257\">http:\/\/lattes.cnpq.br\/9027725160272257<\/a><\/td>\n<\/tr>\n<tr>\n<td style=\"text-align: center;\">15<\/td>\n<td>VIN\u00cdCIUS GAMARRO DOS SANTOS<\/td>\n<td><a href=\"http:\/\/lattes.cnpq.br\/8873411657395076\">http:\/\/lattes.cnpq.br\/8873411657395076<\/a><\/td>\n<\/tr>\n<tr>\n<td style=\"text-align: center;\"><\/td>\n<td><\/td>\n<td><\/td>\n<\/tr>\n<tr>\n<td style=\"text-align: center;\"><\/td>\n<td><\/td>\n<td><\/td>\n<\/tr>\n<tr>\n<td style=\"text-align: center;\"><\/td>\n<td><\/td>\n<td><\/td>\n<\/tr>\n<\/tbody>\n<\/table>\n","protected":false},"excerpt":{"rendered":"<p>CORPO DISCENTE (LATTES) T2022: FERNANDO M\u00c1RCIO MARQUES DE SALES GABRIELA CHRISTINA SCHWEITZER DE MIRANDA IZABELLE LAROCCA CORREA JANICE PESSOA GARCIA JEFERSON LUIZ MARINHO LUCAS URBANAVICIUS MARQUES LUIS FELIPE ECHEVERRIA NASSER PAULO DE TARSO DE OLIVEIRA TAVARES R\u00d4MULO ROCHA VAZ TAINAH BENRADT WOLLMANN DANIEL HIROYUKI VATANABE NICOLE RISTOW BED\u00ca RAPHAEL ALVES DO NASCIMENTO TURMA 2024\/05 &#8211; [&hellip;]<\/p>\n","protected":false},"author":1,"featured_media":0,"parent":0,"menu_order":0,"comment_status":"closed","ping_status":"closed","template":"templates\/page-curso-mestrado-direito.php","meta":{"footnotes":""},"class_list":["post-1209","page","type-page","status-publish","hentry","post"],"_links":{"self":[{"href":"https:\/\/uninter.com\/mestrado\/wp-json\/wp\/v2\/pages\/1209","targetHints":{"allow":["GET"]}}],"collection":[{"href":"https:\/\/uninter.com\/mestrado\/wp-json\/wp\/v2\/pages"}],"about":[{"href":"https:\/\/uninter.com\/mestrado\/wp-json\/wp\/v2\/types\/page"}],"author":[{"embeddable":true,"href":"https:\/\/uninter.com\/mestrado\/wp-json\/wp\/v2\/users\/1"}],"replies":[{"embeddable":true,"href":"https:\/\/uninter.com\/mestrado\/wp-json\/wp\/v2\/comments?post=1209"}],"version-history":[{"count":12,"href":"https:\/\/uninter.com\/mestrado\/wp-json\/wp\/v2\/pages\/1209\/revisions"}],"predecessor-version":[{"id":4266,"href":"https:\/\/uninter.com\/mestrado\/wp-json\/wp\/v2\/pages\/1209\/revisions\/4266"}],"wp:attachment":[{"href":"https:\/\/uninter.com\/mestrado\/wp-json\/wp\/v2\/media?parent=1209"}],"curies":[{"name":"wp","href":"https:\/\/api.w.org\/{rel}","templated":true}]}}