{"id":1206,"date":"2019-10-17T09:12:34","date_gmt":"2019-10-17T12:12:34","guid":{"rendered":"https:\/\/www.uninter.com\/mestrado\/?page_id=1206"},"modified":"2026-04-06T14:47:19","modified_gmt":"2026-04-06T17:47:19","slug":"estrutura-curricular","status":"publish","type":"page","link":"https:\/\/uninter.com\/mestrado\/estrutura-curricular\/","title":{"rendered":"Direito &#8211; Estrutura Curricular"},"content":{"rendered":"<div class=\"principal\">\n<div class=\"conteudo graduacao\">\n<div class=\"center\">\n<div class=\"outras-informacoes\">\n<div id=\"divMatrizCurricular\">\n<h1>ESTRUTURA CURRICULAR<\/h1>\n<p>O curso disp\u00f5e de uma \u00c1rea de Concentra\u00e7\u00e3o (\u201cPoder, Estado e Jurisdi\u00e7\u00e3o\u201d e tr\u00eas Linhas de Pesquisa (&#8220;L1 &#8211; Teoria e Hist\u00f3ria da Jurisdi\u00e7\u00e3o\u201d, \u201cL2 &#8211; Jurisdi\u00e7\u00e3o e Processo na contemporaneidade\u201d e &#8220;L3 &#8211; Empresa, Desenvolvimento e Inova\u00e7\u00e3o&#8221;).<\/p>\n<p>As disciplinas\u00a0 s\u00e3o distribu\u00eddas em obrigat\u00f3rias (cada uma com 3 cr\u00e9ditos) e eletivas (cada uma com 2 cr\u00e9ditos), sendo que cada cr\u00e9dito equivale a 15h.<\/p>\n<p>O mestrando dever\u00e1 cursar 4 disciplinas obrigat\u00f3rias (cada uma com 3 cr\u00e9ditos cada, de modo que 4 x 3 = 12 cr\u00e9ditos) e 3 disciplinas eletivas (de 2 cr\u00e9ditos cada; 3 x 2 = 6 cr\u00e9ditos).<\/p>\n<p>Al\u00e9m dessas disciplinas e cr\u00e9ditos, o mestrando tamb\u00e9m deve cursar, obrigatoriamente, as Atividades Complementares, divididas em tr\u00eas blocos de atividades, quais sejam: a) \u201cSemin\u00e1rios de Pesquisa&#8221; (na linha \u00e0 qual o discente se vincula); b) \u201cEst\u00e1gio Doc\u00eancia\u201d; e c) \u201cAtividades Complementares\u201d (conforme Regulamento pr\u00f3prio).<\/p>\n<p>Tais atividades, por sua vez, s\u00e3o de 2 cr\u00e9ditos cada (de modo que o mestrando tamb\u00e9m dever\u00e1 integralizar 2 x 3 = 6 cr\u00e9ditos).<\/p>\n<p>Por fim, o discente tamb\u00e9m dever\u00e1 dispender 6 cr\u00e9ditos para a pesquisa, elabora\u00e7\u00e3o e defesa da disserta\u00e7\u00e3o.<\/p>\n<p>Com isso, as atividades do Mestrado se resumem ao seguinte:<\/p>\n<p>&#8211; Disciplina Obrigat\u00f3ria Comum: 1 (com 3 cr\u00e9ditos) = 3 cr\u00e9ditos<br \/>\n&#8211; Disciplinas obrigat\u00f3rias por Linha: 3 (com 3 cr\u00e9ditos cada) = 9 cr\u00e9ditos, sendo que para a Linha 1 s\u00e3o ofertadas 4 disciplinas, para escolha de 3<br \/>\n&#8211; Disciplinas eletivas: 3 (com 2 cr\u00e9ditos cada) = 6 cr\u00e9ditos<br \/>\n&#8211; Atividades Complementares: 3 (com 2 cr\u00e9ditos cada) = 6 cr\u00e9ditos<br \/>\n&#8211; Elabora\u00e7\u00e3o da disserta\u00e7\u00e3o = 6 cr\u00e9ditos<\/p>\n<p><strong>Total = 30 cr\u00e9ditos (450h)<\/strong><\/p>\n<\/div>\n<\/div>\n<\/div>\n<\/div>\n<\/div>\n<div class=\"footer-mobile\">\n<div class=\"bg-footer\"><\/div>\n<\/div>\n","protected":false},"excerpt":{"rendered":"<p>ESTRUTURA CURRICULAR O curso disp\u00f5e de uma \u00c1rea de Concentra\u00e7\u00e3o (\u201cPoder, Estado e Jurisdi\u00e7\u00e3o\u201d e tr\u00eas Linhas de Pesquisa (&#8220;L1 &#8211; Teoria e Hist\u00f3ria da Jurisdi\u00e7\u00e3o\u201d, \u201cL2 &#8211; Jurisdi\u00e7\u00e3o e Processo na contemporaneidade\u201d e &#8220;L3 &#8211; Empresa, Desenvolvimento e Inova\u00e7\u00e3o&#8221;). As disciplinas\u00a0 s\u00e3o distribu\u00eddas em obrigat\u00f3rias (cada uma com 3 cr\u00e9ditos) e eletivas (cada uma [&hellip;]<\/p>\n","protected":false},"author":1,"featured_media":0,"parent":0,"menu_order":0,"comment_status":"closed","ping_status":"closed","template":"templates\/page-curso-mestrado-direito.php","meta":{"footnotes":""},"class_list":["post-1206","page","type-page","status-publish","hentry","post"],"_links":{"self":[{"href":"https:\/\/uninter.com\/mestrado\/wp-json\/wp\/v2\/pages\/1206","targetHints":{"allow":["GET"]}}],"collection":[{"href":"https:\/\/uninter.com\/mestrado\/wp-json\/wp\/v2\/pages"}],"about":[{"href":"https:\/\/uninter.com\/mestrado\/wp-json\/wp\/v2\/types\/page"}],"author":[{"embeddable":true,"href":"https:\/\/uninter.com\/mestrado\/wp-json\/wp\/v2\/users\/1"}],"replies":[{"embeddable":true,"href":"https:\/\/uninter.com\/mestrado\/wp-json\/wp\/v2\/comments?post=1206"}],"version-history":[{"count":17,"href":"https:\/\/uninter.com\/mestrado\/wp-json\/wp\/v2\/pages\/1206\/revisions"}],"predecessor-version":[{"id":4119,"href":"https:\/\/uninter.com\/mestrado\/wp-json\/wp\/v2\/pages\/1206\/revisions\/4119"}],"wp:attachment":[{"href":"https:\/\/uninter.com\/mestrado\/wp-json\/wp\/v2\/media?parent=1206"}],"curies":[{"name":"wp","href":"https:\/\/api.w.org\/{rel}","templated":true}]}}